{"id":197873,"date":"2025-03-22T16:59:02","date_gmt":"2025-03-22T16:59:02","guid":{"rendered":"https:\/\/aromasentia.com\/product\/orange-melon-pure-fragrance-oil-500ml\/"},"modified":"2025-06-22T03:06:44","modified_gmt":"2025-06-22T03:06:44","slug":"orange-melon-ren-duftolie-500ml","status":"publish","type":"product","link":"https:\/\/aromasentia.com\/da\/orange-melon-ren-duftolie-500ml\/","title":{"rendered":"Orange &#038; melon Ren Duftolie &#8211; 500ml"},"content":{"rendered":"<p>Oplev en forfriskende og frugtagtig blanding med denne gener\u00f8se 500 ml Orange &#038; Melon rene duftolie. Denne olie er perfekt til brug i oliebr\u00e6ndere, diffusorer eller til fremstilling af dine egne duftprodukter, og den giver en langvarig og opl\u00f8ftende sommerlig aroma.<\/p>\n","protected":false},"excerpt":{"rendered":"<p>Oplev en forfriskende og frugtagtig blanding med denne gener\u00f8se 500 ml Orange &#038; Melon rene duftolie. Denne olie er perfekt til brug i oliebr\u00e6ndere, diffusorer eller til fremstilling af dine egne duftprodukter, og den giver en langvarig og opl\u00f8ftende sommerlig aroma.<\/p>\n","protected":false},"featured_media":388459,"comment_status":"closed","ping_status":"open","template":"","meta":{"_angie_page":false},"product_brand":[],"product_cat":[25972,6153,26816,25839,6158,26844,26456],"product_tag":[],"class_list":{"0":"post-197873","1":"product","2":"type-product","3":"status-publish","4":"has-post-thumbnail","6":"product_cat-appelsin","7":"product_cat-aromaterapi-og-rumdufte","8":"product_cat-citrus","9":"product_cat-dufte-aromaer","10":"product_cat-duftolier","11":"product_cat-frugtagtig","12":"product_cat-melon","13":"pa_collection-pure-fragrance-oils-500ml-da","14":"pa_made-in-storbritannien","15":"pa_size-500ml","17":"first","18":"instock","19":"purchasable","20":"product-type-simple"},"supplier_id":null,"supplier_sku":"FOBP-185","barcode":null,"atum_controlled":true,"out_stock_date":null,"out_stock_threshold":null,"inheritable":false,"inbound_stock":null,"stock_on_hold":0,"sold_today":0,"sales_last_days":0,"reserved_stock":null,"customer_returns":null,"warehouse_damage":null,"lost_in_post":null,"other_logs":null,"out_stock_days":0,"lost_sales":0,"has_location":null,"update_date":"2026-04-27T07:04:06","atum_locations":[],"atum_stock_status":"instock","restock_status":false,"low_stock_amount":"","sales_update_date":"2025-09-03T00:14:53","calc_backorders":null,"_links":{"self":[{"href":"https:\/\/aromasentia.com\/da\/wp-json\/wp\/v2\/product\/197873","targetHints":{"allow":["GET"]}}],"collection":[{"href":"https:\/\/aromasentia.com\/da\/wp-json\/wp\/v2\/product"}],"about":[{"href":"https:\/\/aromasentia.com\/da\/wp-json\/wp\/v2\/types\/product"}],"replies":[{"embeddable":true,"href":"https:\/\/aromasentia.com\/da\/wp-json\/wp\/v2\/comments?post=197873"}],"version-history":[{"count":0,"href":"https:\/\/aromasentia.com\/da\/wp-json\/wp\/v2\/product\/197873\/revisions"}],"wp:featuredmedia":[{"embeddable":true,"href":"https:\/\/aromasentia.com\/da\/wp-json\/wp\/v2\/media\/388459"}],"wp:attachment":[{"href":"https:\/\/aromasentia.com\/da\/wp-json\/wp\/v2\/media?parent=197873"}],"wp:term":[{"taxonomy":"product_brand","embeddable":true,"href":"https:\/\/aromasentia.com\/da\/wp-json\/wp\/v2\/product_brand?post=197873"},{"taxonomy":"product_cat","embeddable":true,"href":"https:\/\/aromasentia.com\/da\/wp-json\/wp\/v2\/product_cat?post=197873"},{"taxonomy":"product_tag","embeddable":true,"href":"https:\/\/aromasentia.com\/da\/wp-json\/wp\/v2\/product_tag?post=197873"}],"curies":[{"name":"wp","href":"https:\/\/api.w.org\/{rel}","templated":true}]}}