{"id":197841,"date":"2025-03-22T16:59:02","date_gmt":"2025-03-22T16:59:02","guid":{"rendered":"https:\/\/aromasentia.com\/product\/peppermint-pure-fragrance-oil-500ml\/"},"modified":"2025-06-22T03:06:27","modified_gmt":"2025-06-22T03:06:27","slug":"pebermynte-ren-duftolie-500ml","status":"publish","type":"product","link":"https:\/\/aromasentia.com\/da\/pebermynte-ren-duftolie-500ml\/","title":{"rendered":"Pebermynte Ren Duftolie &#8211; 500ml"},"content":{"rendered":"<p>Opfrisk dine sanser med den k\u00f8lige og forfriskende duft af pebermynte med denne gener\u00f8se 500 ml rene duftolie. Denne olie er perfekt til brug i oliebr\u00e6ndere, diffusorer eller til at lave dine egne duftkreationer, og den giver en langvarig og opl\u00f8ftende mintduft.<\/p>\n","protected":false},"excerpt":{"rendered":"<p>Opfrisk dine sanser med den k\u00f8lige og forfriskende duft af pebermynte med denne gener\u00f8se 500 ml rene duftolie. Denne olie er perfekt til brug i oliebr\u00e6ndere, diffusorer eller til at lave dine egne duftkreationer, og den giver en langvarig og opl\u00f8ftende mintduft.<\/p>\n","protected":false},"featured_media":669029,"comment_status":"closed","ping_status":"open","template":"","meta":[],"product_brand":[],"product_cat":[6153,25839,6158,26872,25978],"product_tag":[],"class_list":{"0":"post-197841","1":"product","2":"type-product","3":"status-publish","4":"has-post-thumbnail","6":"product_cat-aromaterapi-og-rumdufte","7":"product_cat-dufte-aromaer","8":"product_cat-duftolier","9":"product_cat-mynte","10":"product_cat-pebermynte","11":"pa_collection-pure-fragrance-oils-500ml-da","12":"pa_made-in-storbritannien","13":"pa_size-500ml","15":"first","16":"instock","17":"purchasable","18":"product-type-simple"},"supplier_id":null,"supplier_sku":"FOBp-97","barcode":null,"atum_controlled":true,"out_stock_date":null,"out_stock_threshold":null,"inheritable":false,"inbound_stock":null,"stock_on_hold":0,"sold_today":0,"sales_last_days":0,"reserved_stock":null,"customer_returns":null,"warehouse_damage":null,"lost_in_post":null,"other_logs":null,"out_stock_days":0,"lost_sales":0,"has_location":null,"update_date":"2026-02-06T00:00:43","atum_locations":[],"atum_stock_status":"instock","restock_status":false,"low_stock_amount":"","sales_update_date":"2026-02-06T00:00:43","calc_backorders":null,"_links":{"self":[{"href":"https:\/\/aromasentia.com\/da\/wp-json\/wp\/v2\/product\/197841","targetHints":{"allow":["GET"]}}],"collection":[{"href":"https:\/\/aromasentia.com\/da\/wp-json\/wp\/v2\/product"}],"about":[{"href":"https:\/\/aromasentia.com\/da\/wp-json\/wp\/v2\/types\/product"}],"replies":[{"embeddable":true,"href":"https:\/\/aromasentia.com\/da\/wp-json\/wp\/v2\/comments?post=197841"}],"version-history":[{"count":0,"href":"https:\/\/aromasentia.com\/da\/wp-json\/wp\/v2\/product\/197841\/revisions"}],"wp:featuredmedia":[{"embeddable":true,"href":"https:\/\/aromasentia.com\/da\/wp-json\/wp\/v2\/media\/669029"}],"wp:attachment":[{"href":"https:\/\/aromasentia.com\/da\/wp-json\/wp\/v2\/media?parent=197841"}],"wp:term":[{"taxonomy":"product_brand","embeddable":true,"href":"https:\/\/aromasentia.com\/da\/wp-json\/wp\/v2\/product_brand?post=197841"},{"taxonomy":"product_cat","embeddable":true,"href":"https:\/\/aromasentia.com\/da\/wp-json\/wp\/v2\/product_cat?post=197841"},{"taxonomy":"product_tag","embeddable":true,"href":"https:\/\/aromasentia.com\/da\/wp-json\/wp\/v2\/product_tag?post=197841"}],"curies":[{"name":"wp","href":"https:\/\/api.w.org\/{rel}","templated":true}]}}