{"id":197801,"date":"2025-03-22T16:59:14","date_gmt":"2025-03-22T16:59:14","guid":{"rendered":"https:\/\/aromasentia.com\/product\/gift-set-of-6-wax-melts-coffee-trader\/"},"modified":"2025-06-22T03:06:05","modified_gmt":"2025-06-22T03:06:05","slug":"duftvoks-gavesaet-6stk-coffee-trader","status":"publish","type":"product","link":"https:\/\/aromasentia.com\/da\/duftvoks-gavesaet-6stk-coffee-trader\/","title":{"rendered":"Duftvoks Gaves\u00e6t 6Stk. &#8211; Coffee Trader"},"content":{"rendered":"<p><strong>Duftende vokssmelter &#8211; Coffee Trader<\/strong> i gave\u00e6ske er lavet af en naturlig blanding af sojavoks og de fineste duftolier. De f\u00e5s i mange fantastiske dufte at v\u00e6lge imellem.<\/p>\n<p>Vokssmelter indeholder ikke paraffinvoks, s\u00e5 dit hjem vil dufte af kvalitetsduft. Tils\u00e6t blot \u00e9n vokssmelt til en oliebr\u00e6nder for at f\u00e5 dit hjem til at dufte vidunderligt.<\/p>\n<p>Hver gave\u00e6ske indeholder 6 vokssmelter adskilt af papinddelere. Du kan kombinere den med en oliebr\u00e6nder som et gaves\u00e6t. De ville v\u00e6re en perfekt gave til alle lejligheder.<\/p>\n<ul>\n<li>Ca. st\u00f8rrelse p\u00e5 hver vokssmelt er D: 4 cm H:4 cm<\/li>\n<li>Hver vokssmelt vejer ca. 15 g<\/li>\n<\/ul>\n","protected":false},"excerpt":{"rendered":"<p>Duftende vokssmelter &#8211; Coffee Trader i gave\u00e6ske er lavet af en naturlig blanding af sojavoks og de fineste duftolier. De f\u00e5s i mange fantastiske dufte at v\u00e6lge imellem. Vokssmelter indeholder ikke paraffinvoks, s\u00e5 dit hjem vil dufte af kvalitetsduft. Tils\u00e6t blot \u00e9n vokssmelt til en oliebr\u00e6nder for at f\u00e5 dit hjem til at dufte vidunderligt. [&hellip;]<\/p>\n","protected":false},"featured_media":389541,"comment_status":"closed","ping_status":"open","template":"","meta":[],"product_brand":[],"product_cat":[6153,6207],"product_tag":[],"class_list":{"0":"post-197801","1":"product","2":"type-product","3":"status-publish","4":"has-post-thumbnail","6":"product_cat-aromaterapi-og-rumdufte","7":"product_cat-soja-duftvoks-sojavoks","8":"pa_collection-luxury-wax-melts-in-gift-boxes-da","9":"pa_made-in-kina","11":"first","12":"instock","13":"purchasable","14":"product-type-simple"},"supplier_id":null,"supplier_sku":"LWMelt-04","barcode":null,"atum_controlled":true,"out_stock_date":null,"out_stock_threshold":null,"inheritable":false,"inbound_stock":null,"stock_on_hold":0,"sold_today":0,"sales_last_days":0,"reserved_stock":null,"customer_returns":null,"warehouse_damage":null,"lost_in_post":null,"other_logs":null,"out_stock_days":0,"lost_sales":0,"has_location":null,"update_date":"2026-01-30T01:25:53","atum_locations":[],"atum_stock_status":"instock","restock_status":false,"low_stock_amount":"","sales_update_date":"2026-01-30T01:25:53","calc_backorders":null,"_links":{"self":[{"href":"https:\/\/aromasentia.com\/da\/wp-json\/wp\/v2\/product\/197801","targetHints":{"allow":["GET"]}}],"collection":[{"href":"https:\/\/aromasentia.com\/da\/wp-json\/wp\/v2\/product"}],"about":[{"href":"https:\/\/aromasentia.com\/da\/wp-json\/wp\/v2\/types\/product"}],"replies":[{"embeddable":true,"href":"https:\/\/aromasentia.com\/da\/wp-json\/wp\/v2\/comments?post=197801"}],"version-history":[{"count":0,"href":"https:\/\/aromasentia.com\/da\/wp-json\/wp\/v2\/product\/197801\/revisions"}],"wp:featuredmedia":[{"embeddable":true,"href":"https:\/\/aromasentia.com\/da\/wp-json\/wp\/v2\/media\/389541"}],"wp:attachment":[{"href":"https:\/\/aromasentia.com\/da\/wp-json\/wp\/v2\/media?parent=197801"}],"wp:term":[{"taxonomy":"product_brand","embeddable":true,"href":"https:\/\/aromasentia.com\/da\/wp-json\/wp\/v2\/product_brand?post=197801"},{"taxonomy":"product_cat","embeddable":true,"href":"https:\/\/aromasentia.com\/da\/wp-json\/wp\/v2\/product_cat?post=197801"},{"taxonomy":"product_tag","embeddable":true,"href":"https:\/\/aromasentia.com\/da\/wp-json\/wp\/v2\/product_tag?post=197801"}],"curies":[{"name":"wp","href":"https:\/\/api.w.org\/{rel}","templated":true}]}}