{"id":197789,"date":"2025-03-22T16:59:14","date_gmt":"2025-03-22T16:59:14","guid":{"rendered":"https:\/\/aromasentia.com\/product\/500g-pure-fragrance-arabian-nights\/"},"modified":"2025-06-22T03:05:59","modified_gmt":"2025-06-22T03:05:59","slug":"500g-ren-duft-arabian-nights","status":"publish","type":"product","link":"https:\/\/aromasentia.com\/da\/500g-ren-duft-arabian-nights\/","title":{"rendered":"500g Ren Duft &#8211; Arabian Nights"},"content":{"rendered":"<p>Transporter dig selv til et fortryllende land med den f\u00e6ngslende duft af Arabian Nights i denne gener\u00f8se 500 g rene duft. Ideel til at skabe en varm, eksotisk og langtidsholdbar duft i dit hjem eller til dine h\u00e5ndv\u00e6rksm\u00e6ssige behov.<\/p>\n","protected":false},"excerpt":{"rendered":"<p>Transporter dig selv til et fortryllende land med den f\u00e6ngslende duft af Arabian Nights i denne gener\u00f8se 500 g rene duft. Ideel til at skabe en varm, eksotisk og langtidsholdbar duft i dit hjem eller til dine h\u00e5ndv\u00e6rksm\u00e6ssige behov.<\/p>\n","protected":false},"featured_media":389233,"comment_status":"closed","ping_status":"open","template":"","meta":{"_angie_page":false},"product_brand":[],"product_cat":[6153,6158],"product_tag":[],"class_list":{"0":"post-197789","1":"product","2":"type-product","3":"status-publish","4":"has-post-thumbnail","6":"product_cat-aromaterapi-og-rumdufte","7":"product_cat-duftolier","8":"pa_collection-pure-fragrance-oils-500ml-da","9":"pa_made-in-storbritannien","10":"pa_size-500ml","12":"first","13":"instock","14":"purchasable","15":"product-type-simple"},"supplier_id":null,"supplier_sku":"FOBP-242","barcode":null,"atum_controlled":true,"out_stock_date":null,"out_stock_threshold":null,"inheritable":false,"inbound_stock":null,"stock_on_hold":0,"sold_today":0,"sales_last_days":0,"reserved_stock":null,"customer_returns":null,"warehouse_damage":null,"lost_in_post":null,"other_logs":null,"out_stock_days":0,"lost_sales":0,"has_location":null,"update_date":"2026-05-08T05:09:38","atum_locations":[],"atum_stock_status":"instock","restock_status":false,"low_stock_amount":"","sales_update_date":"2026-01-30T01:24:32","calc_backorders":null,"_links":{"self":[{"href":"https:\/\/aromasentia.com\/da\/wp-json\/wp\/v2\/product\/197789","targetHints":{"allow":["GET"]}}],"collection":[{"href":"https:\/\/aromasentia.com\/da\/wp-json\/wp\/v2\/product"}],"about":[{"href":"https:\/\/aromasentia.com\/da\/wp-json\/wp\/v2\/types\/product"}],"replies":[{"embeddable":true,"href":"https:\/\/aromasentia.com\/da\/wp-json\/wp\/v2\/comments?post=197789"}],"version-history":[{"count":0,"href":"https:\/\/aromasentia.com\/da\/wp-json\/wp\/v2\/product\/197789\/revisions"}],"wp:featuredmedia":[{"embeddable":true,"href":"https:\/\/aromasentia.com\/da\/wp-json\/wp\/v2\/media\/389233"}],"wp:attachment":[{"href":"https:\/\/aromasentia.com\/da\/wp-json\/wp\/v2\/media?parent=197789"}],"wp:term":[{"taxonomy":"product_brand","embeddable":true,"href":"https:\/\/aromasentia.com\/da\/wp-json\/wp\/v2\/product_brand?post=197789"},{"taxonomy":"product_cat","embeddable":true,"href":"https:\/\/aromasentia.com\/da\/wp-json\/wp\/v2\/product_cat?post=197789"},{"taxonomy":"product_tag","embeddable":true,"href":"https:\/\/aromasentia.com\/da\/wp-json\/wp\/v2\/product_tag?post=197789"}],"curies":[{"name":"wp","href":"https:\/\/api.w.org\/{rel}","templated":true}]}}