{"id":197785,"date":"2025-03-22T16:59:14","date_gmt":"2025-03-22T16:59:14","guid":{"rendered":"https:\/\/aromasentia.com\/product\/500ml-pure-fo-tree-agate-oud\/"},"modified":"2025-06-22T03:05:58","modified_gmt":"2025-06-22T03:05:58","slug":"500ml-ren-fo-traeagat-oud","status":"publish","type":"product","link":"https:\/\/aromasentia.com\/da\/500ml-ren-fo-traeagat-oud\/","title":{"rendered":"500ml (Ren) Fo &#8211; Tr\u00e6agat &#038; Oud"},"content":{"rendered":"<p>Bring en jordn\u00e6r og eksotisk aroma til dit rum med denne gener\u00f8se 500 ml Tree Agate &#038; Oud rene duftolie. Denne olie er perfekt til brug i oliebr\u00e6ndere, diffusorer eller til at lave dine egne duftprodukter, og den giver en langvarig blanding af tr\u00e6agtige og jordagtige noter.<\/p>\n","protected":false},"excerpt":{"rendered":"<p>Bring en jordn\u00e6r og eksotisk aroma til dit rum med denne gener\u00f8se 500 ml Tree Agate &#038; Oud rene duftolie. Denne olie er perfekt til brug i oliebr\u00e6ndere, diffusorer eller til at lave dine egne duftprodukter, og den giver en langvarig blanding af tr\u00e6agtige og jordagtige noter.<\/p>\n","protected":false},"featured_media":389197,"comment_status":"closed","ping_status":"open","template":"","meta":{"_angie_page":false},"product_brand":[],"product_cat":[25537,6153,6158,25222],"product_tag":[],"class_list":{"0":"post-197785","1":"product","2":"type-product","3":"status-publish","4":"has-post-thumbnail","6":"product_cat-achat","7":"product_cat-aromaterapi-og-rumdufte","8":"product_cat-duftolier","9":"product_cat-krystaller-og-sten","10":"pa_collection-pure-fragrance-oils-500ml-da","11":"pa_made-in-storbritannien","12":"pa_size-500ml","14":"first","15":"instock","16":"purchasable","17":"product-type-simple"},"supplier_id":null,"supplier_sku":"FOBP-230","barcode":null,"atum_controlled":true,"out_stock_date":null,"out_stock_threshold":null,"inheritable":false,"inbound_stock":null,"stock_on_hold":0,"sold_today":0,"sales_last_days":0,"reserved_stock":null,"customer_returns":null,"warehouse_damage":null,"lost_in_post":null,"other_logs":null,"out_stock_days":0,"lost_sales":0,"has_location":null,"update_date":"2026-05-08T05:09:38","atum_locations":[],"atum_stock_status":"instock","restock_status":false,"low_stock_amount":"","sales_update_date":"2026-01-30T01:24:36","calc_backorders":null,"_links":{"self":[{"href":"https:\/\/aromasentia.com\/da\/wp-json\/wp\/v2\/product\/197785","targetHints":{"allow":["GET"]}}],"collection":[{"href":"https:\/\/aromasentia.com\/da\/wp-json\/wp\/v2\/product"}],"about":[{"href":"https:\/\/aromasentia.com\/da\/wp-json\/wp\/v2\/types\/product"}],"replies":[{"embeddable":true,"href":"https:\/\/aromasentia.com\/da\/wp-json\/wp\/v2\/comments?post=197785"}],"version-history":[{"count":0,"href":"https:\/\/aromasentia.com\/da\/wp-json\/wp\/v2\/product\/197785\/revisions"}],"wp:featuredmedia":[{"embeddable":true,"href":"https:\/\/aromasentia.com\/da\/wp-json\/wp\/v2\/media\/389197"}],"wp:attachment":[{"href":"https:\/\/aromasentia.com\/da\/wp-json\/wp\/v2\/media?parent=197785"}],"wp:term":[{"taxonomy":"product_brand","embeddable":true,"href":"https:\/\/aromasentia.com\/da\/wp-json\/wp\/v2\/product_brand?post=197785"},{"taxonomy":"product_cat","embeddable":true,"href":"https:\/\/aromasentia.com\/da\/wp-json\/wp\/v2\/product_cat?post=197785"},{"taxonomy":"product_tag","embeddable":true,"href":"https:\/\/aromasentia.com\/da\/wp-json\/wp\/v2\/product_tag?post=197785"}],"curies":[{"name":"wp","href":"https:\/\/api.w.org\/{rel}","templated":true}]}}