{"id":197777,"date":"2025-03-22T16:59:14","date_gmt":"2025-03-22T16:59:14","guid":{"rendered":"https:\/\/aromasentia.com\/product\/500ml-pure-fo-cool-jade-oakmoss\/"},"modified":"2025-06-22T03:05:52","modified_gmt":"2025-06-22T03:05:52","slug":"500ml-ren-fo-cool-jade-oakmoss","status":"publish","type":"product","link":"https:\/\/aromasentia.com\/da\/500ml-ren-fo-cool-jade-oakmoss\/","title":{"rendered":"500ml (Ren) Fo &#8211; Cool Jade &#038; Oakmoss"},"content":{"rendered":"<p>Bring en forfriskende og jordagtig aroma til dit rum med denne gener\u00f8se 500 ml Cool Jade &#038; Oakmoss rene duftolie. Denne olie er perfekt til brug i oliebr\u00e6ndere, diffusorer eller til at lave dine egne duftprodukter, og den giver en langtidsholdbar blanding af friske og tr\u00e6agtige noter.<\/p>\n","protected":false},"excerpt":{"rendered":"<p>Bring en forfriskende og jordagtig aroma til dit rum med denne gener\u00f8se 500 ml Cool Jade &#038; Oakmoss rene duftolie. Denne olie er perfekt til brug i oliebr\u00e6ndere, diffusorer eller til at lave dine egne duftprodukter, og den giver en langtidsholdbar blanding af friske og tr\u00e6agtige noter.<\/p>\n","protected":false},"featured_media":389125,"comment_status":"closed","ping_status":"open","template":"","meta":{"_angie_page":false},"product_brand":[],"product_cat":[6153,6158,25634,25222],"product_tag":[],"class_list":{"0":"post-197777","1":"product","2":"type-product","3":"status-publish","4":"has-post-thumbnail","6":"product_cat-aromaterapi-og-rumdufte","7":"product_cat-duftolier","8":"product_cat-jade","9":"product_cat-krystaller-og-sten","10":"pa_collection-pure-fragrance-oils-500ml-da","11":"pa_made-in-storbritannien","12":"pa_size-500ml","14":"first","15":"outofstock","16":"purchasable","17":"product-type-simple"},"supplier_id":null,"supplier_sku":"FOBP-238","barcode":null,"atum_controlled":true,"out_stock_date":"2026-04-25 16:30:11","out_stock_threshold":null,"inheritable":false,"inbound_stock":null,"stock_on_hold":0,"sold_today":0,"sales_last_days":0,"reserved_stock":null,"customer_returns":null,"warehouse_damage":null,"lost_in_post":null,"other_logs":null,"out_stock_days":0,"lost_sales":0,"has_location":null,"update_date":"2026-04-27T07:04:27","atum_locations":[],"atum_stock_status":"outofstock","restock_status":false,"low_stock_amount":"","sales_update_date":"2026-01-20T05:13:21","calc_backorders":null,"_links":{"self":[{"href":"https:\/\/aromasentia.com\/da\/wp-json\/wp\/v2\/product\/197777","targetHints":{"allow":["GET"]}}],"collection":[{"href":"https:\/\/aromasentia.com\/da\/wp-json\/wp\/v2\/product"}],"about":[{"href":"https:\/\/aromasentia.com\/da\/wp-json\/wp\/v2\/types\/product"}],"replies":[{"embeddable":true,"href":"https:\/\/aromasentia.com\/da\/wp-json\/wp\/v2\/comments?post=197777"}],"version-history":[{"count":0,"href":"https:\/\/aromasentia.com\/da\/wp-json\/wp\/v2\/product\/197777\/revisions"}],"wp:featuredmedia":[{"embeddable":true,"href":"https:\/\/aromasentia.com\/da\/wp-json\/wp\/v2\/media\/389125"}],"wp:attachment":[{"href":"https:\/\/aromasentia.com\/da\/wp-json\/wp\/v2\/media?parent=197777"}],"wp:term":[{"taxonomy":"product_brand","embeddable":true,"href":"https:\/\/aromasentia.com\/da\/wp-json\/wp\/v2\/product_brand?post=197777"},{"taxonomy":"product_cat","embeddable":true,"href":"https:\/\/aromasentia.com\/da\/wp-json\/wp\/v2\/product_cat?post=197777"},{"taxonomy":"product_tag","embeddable":true,"href":"https:\/\/aromasentia.com\/da\/wp-json\/wp\/v2\/product_tag?post=197777"}],"curies":[{"name":"wp","href":"https:\/\/api.w.org\/{rel}","templated":true}]}}