{"id":197767,"date":"2025-03-22T16:59:14","date_gmt":"2025-03-22T16:59:14","guid":{"rendered":"https:\/\/aromasentia.com\/product\/white-christmas-pure-fragrance-oil-500ml\/"},"modified":"2025-06-22T03:05:48","modified_gmt":"2025-06-22T03:05:48","slug":"hvid-jul-ren-duftolie-500ml","status":"publish","type":"product","link":"https:\/\/aromasentia.com\/da\/hvid-jul-ren-duftolie-500ml\/","title":{"rendered":"Hvid Jul Ren Duftolie &#8211; 500ml"},"content":{"rendered":"<p>Bring den spr\u00f8de og rene duft af et sned\u00e6kket landskab indend\u00f8rs med denne gener\u00f8se 500 ml White Christmas rene duftolie. Denne olie er perfekt til brug i oliebr\u00e6ndere, diffusere eller til at lave dine egne duftprodukter, og den giver en langvarig og forfriskende, let mynteagtig duft.<\/p>\n","protected":false},"excerpt":{"rendered":"<p>Bring den spr\u00f8de og rene duft af et sned\u00e6kket landskab indend\u00f8rs med denne gener\u00f8se 500 ml White Christmas rene duftolie. Denne olie er perfekt til brug i oliebr\u00e6ndere, diffusere eller til at lave dine egne duftprodukter, og den giver en langvarig og forfriskende, let mynteagtig duft.<\/p>\n","protected":false},"featured_media":389035,"comment_status":"closed","ping_status":"open","template":"","meta":{"_angie_page":false},"product_brand":[],"product_cat":[6153,6158,27378],"product_tag":[],"class_list":{"0":"post-197767","1":"product","2":"type-product","3":"status-publish","4":"has-post-thumbnail","6":"product_cat-aromaterapi-og-rumdufte","7":"product_cat-duftolier","8":"product_cat-juledufte","9":"pa_collection-pure-fragrance-oils-500ml-da","10":"pa_made-in-storbritannien","11":"pa_size-500ml","13":"first","14":"instock","15":"purchasable","16":"product-type-simple"},"supplier_id":null,"supplier_sku":"FOBP-216","barcode":null,"atum_controlled":true,"out_stock_date":null,"out_stock_threshold":null,"inheritable":false,"inbound_stock":null,"stock_on_hold":0,"sold_today":0,"sales_last_days":0,"reserved_stock":null,"customer_returns":null,"warehouse_damage":null,"lost_in_post":null,"other_logs":null,"out_stock_days":0,"lost_sales":0,"has_location":null,"update_date":"2026-04-27T07:04:20","atum_locations":[],"atum_stock_status":"instock","restock_status":false,"low_stock_amount":"","sales_update_date":"2026-02-06T00:00:49","calc_backorders":null,"_links":{"self":[{"href":"https:\/\/aromasentia.com\/da\/wp-json\/wp\/v2\/product\/197767","targetHints":{"allow":["GET"]}}],"collection":[{"href":"https:\/\/aromasentia.com\/da\/wp-json\/wp\/v2\/product"}],"about":[{"href":"https:\/\/aromasentia.com\/da\/wp-json\/wp\/v2\/types\/product"}],"replies":[{"embeddable":true,"href":"https:\/\/aromasentia.com\/da\/wp-json\/wp\/v2\/comments?post=197767"}],"version-history":[{"count":0,"href":"https:\/\/aromasentia.com\/da\/wp-json\/wp\/v2\/product\/197767\/revisions"}],"wp:featuredmedia":[{"embeddable":true,"href":"https:\/\/aromasentia.com\/da\/wp-json\/wp\/v2\/media\/389035"}],"wp:attachment":[{"href":"https:\/\/aromasentia.com\/da\/wp-json\/wp\/v2\/media?parent=197767"}],"wp:term":[{"taxonomy":"product_brand","embeddable":true,"href":"https:\/\/aromasentia.com\/da\/wp-json\/wp\/v2\/product_brand?post=197767"},{"taxonomy":"product_cat","embeddable":true,"href":"https:\/\/aromasentia.com\/da\/wp-json\/wp\/v2\/product_cat?post=197767"},{"taxonomy":"product_tag","embeddable":true,"href":"https:\/\/aromasentia.com\/da\/wp-json\/wp\/v2\/product_tag?post=197767"}],"curies":[{"name":"wp","href":"https:\/\/api.w.org\/{rel}","templated":true}]}}