{"id":197732,"date":"2025-03-22T16:59:14","date_gmt":"2025-03-22T16:59:14","guid":{"rendered":"https:\/\/aromasentia.com\/product\/oudh-room-spray-agarwood-ambiance-100ml\/"},"modified":"2025-06-22T03:05:30","modified_gmt":"2025-06-22T03:05:30","slug":"oudh-rumspray-agarwood-ambiance-100ml","status":"publish","type":"product","link":"https:\/\/aromasentia.com\/da\/oudh-rumspray-agarwood-ambiance-100ml\/","title":{"rendered":"Oudh Rumspray &#8211; Agarwood Ambiance 100ml"},"content":{"rendered":"<p><strong>Denne Oudh Room Spray<\/strong> vil sandsynligvis skabe en sofistikeret, indbydende atmosf\u00e6re med et strejf af luksus og eksotisme. Kombinationen af oud, blomsternoter og varme, tr\u00e6agtige basenoter giver en velafbalanceret og f\u00e6ngslende duft.<\/p>\n<p><strong>N\u00f8glenoter:<\/strong><\/p>\n<p>Topnoter: Safran og rose<\/p>\n<p>Hjertenoter: Oudh, jasmin og cypriol<\/p>\n<p>Basenoter: Sandeltr\u00e6, moskus og patchouli<\/p>\n","protected":false},"excerpt":{"rendered":"<p>Denne Oudh Room Spray vil sandsynligvis skabe en sofistikeret, indbydende atmosf\u00e6re med et strejf af luksus og eksotisme. Kombinationen af oud, blomsternoter og varme, tr\u00e6agtige basenoter giver en velafbalanceret og f\u00e6ngslende duft. N\u00f8glenoter: Topnoter: Safran og rose Hjertenoter: Oudh, jasmin og cypriol Basenoter: Sandeltr\u00e6, moskus og patchouli<\/p>\n","protected":false},"featured_media":390420,"comment_status":"closed","ping_status":"open","template":"","meta":[],"product_brand":[],"product_cat":[6153,6199],"product_tag":[],"class_list":{"0":"post-197732","1":"product","2":"type-product","3":"status-publish","4":"has-post-thumbnail","6":"product_cat-aromaterapi-og-rumdufte","7":"product_cat-duftspray-rumdufte-og-rumspray","8":"pa_collection-the-experience-oudh-room-sprays-da","9":"pa_made-in-storbritannien","10":"pa_size-100ml","12":"first","13":"instock","14":"purchasable","15":"product-type-simple"},"supplier_id":null,"supplier_sku":"OudhRS-01","barcode":null,"atum_controlled":true,"out_stock_date":null,"out_stock_threshold":null,"inheritable":false,"inbound_stock":null,"stock_on_hold":0,"sold_today":0,"sales_last_days":0,"reserved_stock":null,"customer_returns":null,"warehouse_damage":null,"lost_in_post":null,"other_logs":null,"out_stock_days":0,"lost_sales":0,"has_location":null,"update_date":"2026-02-07T14:33:22","atum_locations":[],"atum_stock_status":"instock","restock_status":false,"low_stock_amount":"","sales_update_date":"2025-09-03T00:22:00","calc_backorders":null,"_links":{"self":[{"href":"https:\/\/aromasentia.com\/da\/wp-json\/wp\/v2\/product\/197732","targetHints":{"allow":["GET"]}}],"collection":[{"href":"https:\/\/aromasentia.com\/da\/wp-json\/wp\/v2\/product"}],"about":[{"href":"https:\/\/aromasentia.com\/da\/wp-json\/wp\/v2\/types\/product"}],"replies":[{"embeddable":true,"href":"https:\/\/aromasentia.com\/da\/wp-json\/wp\/v2\/comments?post=197732"}],"version-history":[{"count":0,"href":"https:\/\/aromasentia.com\/da\/wp-json\/wp\/v2\/product\/197732\/revisions"}],"wp:featuredmedia":[{"embeddable":true,"href":"https:\/\/aromasentia.com\/da\/wp-json\/wp\/v2\/media\/390420"}],"wp:attachment":[{"href":"https:\/\/aromasentia.com\/da\/wp-json\/wp\/v2\/media?parent=197732"}],"wp:term":[{"taxonomy":"product_brand","embeddable":true,"href":"https:\/\/aromasentia.com\/da\/wp-json\/wp\/v2\/product_brand?post=197732"},{"taxonomy":"product_cat","embeddable":true,"href":"https:\/\/aromasentia.com\/da\/wp-json\/wp\/v2\/product_cat?post=197732"},{"taxonomy":"product_tag","embeddable":true,"href":"https:\/\/aromasentia.com\/da\/wp-json\/wp\/v2\/product_tag?post=197732"}],"curies":[{"name":"wp","href":"https:\/\/api.w.org\/{rel}","templated":true}]}}