{"id":197728,"date":"2025-03-22T16:59:14","date_gmt":"2025-03-22T16:59:14","guid":{"rendered":"https:\/\/aromasentia.com\/product\/natural-diffuser-flowers-carnation-on-reed\/"},"modified":"2025-06-22T03:05:28","modified_gmt":"2025-06-22T03:05:28","slug":"naturlige-diffuser-blomst-nellike-paa-siv","status":"publish","type":"product","link":"https:\/\/aromasentia.com\/da\/naturlige-diffuser-blomst-nellike-paa-siv\/","title":{"rendered":"Naturlige Diffuser Blomst &#8211; Nellike P\u00e5 Siv"},"content":{"rendered":"<p><strong>St\u00f8rrelse:<\/strong><\/p>\n<p>Snorens l\u00e6ngde 23 cm<\/p>\n<p>Blomst: h\u00f8jde 2,5 cm, diameter 6 cm<\/p>\n<p><strong>Bem\u00e6rk venligst: Den indeholder ingen duft. Flasker til diffusere med r\u00f8r er ikke inkluderet.<\/strong><\/p>\n<p>Disse <strong>Aroma Sentia ping&nbsp;<\/strong><strong>Naturlige diffuserblomster &#8211; Nellike p\u00e5 r\u00f8r<\/strong>er h\u00e5ndlavede af solatr\u00e6. Forbundet til en bomuldssnor eller r\u00f8rpind tr\u00e6kker de duften op i blomsten og laver de smukkeste kunstneriske diffusere.<\/p>\n<p>Du kan lave en flot udstilling, s\u00e6lge flasker og duft &#8211; Dine kreative kunder vil blive inspireret af mulighederne.<\/p>\n<p>Perfekt til diffuserproducenter, tjek vores udvalg af rene duftolier.<\/p>\n<p>S\u00e6lg dine egne diffuserkoncepter, eller lad dine kunder lave deres egne. Uanset hvad vil dette udvalg af naturlige diffuserblomster v\u00e6re en smuk tilf\u00f8jelse til din onlinebutik.<\/p>\n<p><strong>Brugsbem\u00e6rkning:<\/strong> Kronbladene vil gradvist tr\u00e6kke farve fra den anvendte duft og skabe en unik smuk blomstereffekt.<\/p>\n<p><strong>Bestil i dag, og lad nye salg blomstre i din onlinebutik?<\/strong><\/p>\n","protected":false},"excerpt":{"rendered":"<p>St\u00f8rrelse: Snorens l\u00e6ngde 23 cm Blomst: h\u00f8jde 2,5 cm, diameter 6 cm Bem\u00e6rk venligst: Den indeholder ingen duft. Flasker til diffusere med r\u00f8r er ikke inkluderet. Disse Aroma Sentia ping&nbsp;Naturlige diffuserblomster &#8211; Nellike p\u00e5 r\u00f8rer h\u00e5ndlavede af solatr\u00e6. Forbundet til en bomuldssnor eller r\u00f8rpind tr\u00e6kker de duften op i blomsten og laver de smukkeste kunstneriske [&hellip;]<\/p>\n","protected":false},"featured_media":390384,"comment_status":"closed","ping_status":"open","template":"","meta":{"_angie_page":false},"product_brand":[],"product_cat":[6176,6153],"product_tag":[],"class_list":{"0":"post-197728","1":"product","2":"type-product","3":"status-publish","4":"has-post-thumbnail","6":"product_cat-aroma-flasker-og-tilbehor","7":"product_cat-aromaterapi-og-rumdufte","8":"pa_collection-natural-diffuser-flowers-da","9":"pa_made-in-kina","11":"first","12":"instock","13":"purchasable","14":"product-type-simple"},"supplier_id":null,"supplier_sku":"Ndiff-09","barcode":null,"atum_controlled":true,"out_stock_date":null,"out_stock_threshold":null,"inheritable":false,"inbound_stock":null,"stock_on_hold":0,"sold_today":0,"sales_last_days":0,"reserved_stock":null,"customer_returns":null,"warehouse_damage":null,"lost_in_post":null,"other_logs":null,"out_stock_days":0,"lost_sales":0,"has_location":null,"update_date":"2026-04-27T07:15:06","atum_locations":[],"atum_stock_status":"instock","restock_status":false,"low_stock_amount":"","sales_update_date":"2025-09-03T00:21:59","calc_backorders":null,"_links":{"self":[{"href":"https:\/\/aromasentia.com\/da\/wp-json\/wp\/v2\/product\/197728","targetHints":{"allow":["GET"]}}],"collection":[{"href":"https:\/\/aromasentia.com\/da\/wp-json\/wp\/v2\/product"}],"about":[{"href":"https:\/\/aromasentia.com\/da\/wp-json\/wp\/v2\/types\/product"}],"replies":[{"embeddable":true,"href":"https:\/\/aromasentia.com\/da\/wp-json\/wp\/v2\/comments?post=197728"}],"version-history":[{"count":0,"href":"https:\/\/aromasentia.com\/da\/wp-json\/wp\/v2\/product\/197728\/revisions"}],"wp:featuredmedia":[{"embeddable":true,"href":"https:\/\/aromasentia.com\/da\/wp-json\/wp\/v2\/media\/390384"}],"wp:attachment":[{"href":"https:\/\/aromasentia.com\/da\/wp-json\/wp\/v2\/media?parent=197728"}],"wp:term":[{"taxonomy":"product_brand","embeddable":true,"href":"https:\/\/aromasentia.com\/da\/wp-json\/wp\/v2\/product_brand?post=197728"},{"taxonomy":"product_cat","embeddable":true,"href":"https:\/\/aromasentia.com\/da\/wp-json\/wp\/v2\/product_cat?post=197728"},{"taxonomy":"product_tag","embeddable":true,"href":"https:\/\/aromasentia.com\/da\/wp-json\/wp\/v2\/product_tag?post=197728"}],"curies":[{"name":"wp","href":"https:\/\/api.w.org\/{rel}","templated":true}]}}