{"id":197711,"date":"2025-03-22T16:59:25","date_gmt":"2025-03-22T16:59:25","guid":{"rendered":"https:\/\/aromasentia.com\/product\/tropical-paradise-simmering-granules-passion-fruit\/"},"modified":"2025-06-22T03:05:18","modified_gmt":"2025-06-22T03:05:18","slug":"tropical-paradise-duft-granulat-passionsfrugt","status":"publish","type":"product","link":"https:\/\/aromasentia.com\/da\/tropical-paradise-duft-granulat-passionsfrugt\/","title":{"rendered":"Tropical Paradise Duft Granulat &#8211; Passionsfrugt"},"content":{"rendered":"<p>Fyld dit rum med den s\u00f8de og eksotiske aroma af passionsfrugt med disse Tropical Paradise Simmering Granules. L\u00e6g en skefuld i din oliebr\u00e6nder eller -varmer for at frigive en levende og tropisk frugtagtig duft.<\/p>\n","protected":false},"excerpt":{"rendered":"<p>Fyld dit rum med den s\u00f8de og eksotiske aroma af passionsfrugt med disse Tropical Paradise Simmering Granules. L\u00e6g en skefuld i din oliebr\u00e6nder eller -varmer for at frigive en levende og tropisk frugtagtig duft.<\/p>\n","protected":false},"featured_media":393265,"comment_status":"closed","ping_status":"open","template":"","meta":{"_angie_page":false},"product_brand":[],"product_cat":[6153,6154],"product_tag":[],"class_list":{"0":"post-197711","1":"product","2":"type-product","3":"status-publish","4":"has-post-thumbnail","6":"product_cat-aromaterapi-og-rumdufte","7":"product_cat-duft-granulat","8":"pa_collection-tropical-paradise-simmering-granules-da","9":"pa_made-in-storbritannien","11":"first","12":"instock","13":"purchasable","14":"product-type-simple"},"supplier_id":null,"supplier_sku":"TPSG-09","barcode":null,"atum_controlled":true,"out_stock_date":null,"out_stock_threshold":null,"inheritable":false,"inbound_stock":null,"stock_on_hold":0,"sold_today":0,"sales_last_days":0,"reserved_stock":null,"customer_returns":null,"warehouse_damage":null,"lost_in_post":null,"other_logs":null,"out_stock_days":0,"lost_sales":0,"has_location":null,"update_date":"2026-04-27T07:25:15","atum_locations":[],"atum_stock_status":"instock","restock_status":false,"low_stock_amount":"","sales_update_date":"2026-01-20T05:13:19","calc_backorders":null,"_links":{"self":[{"href":"https:\/\/aromasentia.com\/da\/wp-json\/wp\/v2\/product\/197711","targetHints":{"allow":["GET"]}}],"collection":[{"href":"https:\/\/aromasentia.com\/da\/wp-json\/wp\/v2\/product"}],"about":[{"href":"https:\/\/aromasentia.com\/da\/wp-json\/wp\/v2\/types\/product"}],"replies":[{"embeddable":true,"href":"https:\/\/aromasentia.com\/da\/wp-json\/wp\/v2\/comments?post=197711"}],"version-history":[{"count":0,"href":"https:\/\/aromasentia.com\/da\/wp-json\/wp\/v2\/product\/197711\/revisions"}],"wp:featuredmedia":[{"embeddable":true,"href":"https:\/\/aromasentia.com\/da\/wp-json\/wp\/v2\/media\/393265"}],"wp:attachment":[{"href":"https:\/\/aromasentia.com\/da\/wp-json\/wp\/v2\/media?parent=197711"}],"wp:term":[{"taxonomy":"product_brand","embeddable":true,"href":"https:\/\/aromasentia.com\/da\/wp-json\/wp\/v2\/product_brand?post=197711"},{"taxonomy":"product_cat","embeddable":true,"href":"https:\/\/aromasentia.com\/da\/wp-json\/wp\/v2\/product_cat?post=197711"},{"taxonomy":"product_tag","embeddable":true,"href":"https:\/\/aromasentia.com\/da\/wp-json\/wp\/v2\/product_tag?post=197711"}],"curies":[{"name":"wp","href":"https:\/\/api.w.org\/{rel}","templated":true}]}}