{"id":197710,"date":"2025-03-22T16:59:25","date_gmt":"2025-03-22T16:59:25","guid":{"rendered":"https:\/\/aromasentia.com\/product\/tropical-paradise-simmering-granules-pineapple\/"},"modified":"2025-06-22T03:05:18","modified_gmt":"2025-06-22T03:05:18","slug":"tropical-paradise-duft-granulat-ananas","status":"publish","type":"product","link":"https:\/\/aromasentia.com\/da\/tropical-paradise-duft-granulat-ananas\/","title":{"rendered":"Tropical Paradise Duft Granulat &#8211; Ananas"},"content":{"rendered":"<p>Tag til en tropisk ferie med den s\u00f8de og syrlige duft af ananas med disse Tropical Paradise Simmering Granules. Tils\u00e6t blot en skefuld til din oliebr\u00e6nder eller varmer for at nyde en sjov og sommerlig duft.<\/p>\n","protected":false},"excerpt":{"rendered":"<p>Tag til en tropisk ferie med den s\u00f8de og syrlige duft af ananas med disse Tropical Paradise Simmering Granules. Tils\u00e6t blot en skefuld til din oliebr\u00e6nder eller varmer for at nyde en sjov og sommerlig duft.<\/p>\n","protected":false},"featured_media":393240,"comment_status":"closed","ping_status":"open","template":"","meta":{"_angie_page":false},"product_brand":[],"product_cat":[26457,6153,6154,25839,26844],"product_tag":[],"class_list":{"0":"post-197710","1":"product","2":"type-product","3":"status-publish","4":"has-post-thumbnail","6":"product_cat-ananas","7":"product_cat-aromaterapi-og-rumdufte","8":"product_cat-duft-granulat","9":"product_cat-dufte-aromaer","10":"product_cat-frugtagtig","11":"pa_collection-tropical-paradise-simmering-granules-da","12":"pa_made-in-storbritannien","14":"first","15":"instock","16":"purchasable","17":"product-type-simple"},"supplier_id":null,"supplier_sku":"TPSG-08","barcode":null,"atum_controlled":true,"out_stock_date":null,"out_stock_threshold":null,"inheritable":false,"inbound_stock":null,"stock_on_hold":0,"sold_today":0,"sales_last_days":0,"reserved_stock":null,"customer_returns":null,"warehouse_damage":null,"lost_in_post":null,"other_logs":null,"out_stock_days":0,"lost_sales":0,"has_location":null,"update_date":"2026-04-27T07:25:15","atum_locations":[],"atum_stock_status":"instock","restock_status":false,"low_stock_amount":"","sales_update_date":"2026-02-06T00:02:17","calc_backorders":null,"_links":{"self":[{"href":"https:\/\/aromasentia.com\/da\/wp-json\/wp\/v2\/product\/197710","targetHints":{"allow":["GET"]}}],"collection":[{"href":"https:\/\/aromasentia.com\/da\/wp-json\/wp\/v2\/product"}],"about":[{"href":"https:\/\/aromasentia.com\/da\/wp-json\/wp\/v2\/types\/product"}],"replies":[{"embeddable":true,"href":"https:\/\/aromasentia.com\/da\/wp-json\/wp\/v2\/comments?post=197710"}],"version-history":[{"count":0,"href":"https:\/\/aromasentia.com\/da\/wp-json\/wp\/v2\/product\/197710\/revisions"}],"wp:featuredmedia":[{"embeddable":true,"href":"https:\/\/aromasentia.com\/da\/wp-json\/wp\/v2\/media\/393240"}],"wp:attachment":[{"href":"https:\/\/aromasentia.com\/da\/wp-json\/wp\/v2\/media?parent=197710"}],"wp:term":[{"taxonomy":"product_brand","embeddable":true,"href":"https:\/\/aromasentia.com\/da\/wp-json\/wp\/v2\/product_brand?post=197710"},{"taxonomy":"product_cat","embeddable":true,"href":"https:\/\/aromasentia.com\/da\/wp-json\/wp\/v2\/product_cat?post=197710"},{"taxonomy":"product_tag","embeddable":true,"href":"https:\/\/aromasentia.com\/da\/wp-json\/wp\/v2\/product_tag?post=197710"}],"curies":[{"name":"wp","href":"https:\/\/api.w.org\/{rel}","templated":true}]}}