{"id":197690,"date":"2025-03-22T16:59:25","date_gmt":"2025-03-22T16:59:25","guid":{"rendered":"https:\/\/aromasentia.com\/product\/soywax-melts-jar-nagchampa\/"},"modified":"2025-06-22T03:05:07","modified_gmt":"2025-06-22T03:05:07","slug":"sojavoks-smelter-krukke-nagchampa","status":"publish","type":"product","link":"https:\/\/aromasentia.com\/da\/sojavoks-smelter-krukke-nagchampa\/","title":{"rendered":"Sojavoks Smelter Krukke &#8211; Nagchampa"},"content":{"rendered":"<p>Disse <strong>Duftende vokssmelter i krukker &#8211; Nagchampa<\/strong> er lavet af en naturlig blanding af sojavoks og de fineste duftolier. F\u00e5s i sytten l\u00e6kre dufte.<\/p>\n<p>Wax Melts Hearts indeholder ingen paraffinvoks, s\u00e5 dit v\u00e6relse vil dufte af kvalitetsduft. Tils\u00e6t blot et hjertesmelter til en oliebr\u00e6nder for at f\u00e5 dit hjem til at dufte vidunderligt.<\/p>\n<p>I hver krukke finder du 16 hjerteformede vokssmelter, som du bare kan kombinere med oliebr\u00e6ndere for at f\u00e5 den perfekte gave.<\/p>\n","protected":false},"excerpt":{"rendered":"<p>Disse Duftende vokssmelter i krukker &#8211; Nagchampa er lavet af en naturlig blanding af sojavoks og de fineste duftolier. F\u00e5s i sytten l\u00e6kre dufte. Wax Melts Hearts indeholder ingen paraffinvoks, s\u00e5 dit v\u00e6relse vil dufte af kvalitetsduft. Tils\u00e6t blot et hjertesmelter til en oliebr\u00e6nder for at f\u00e5 dit hjem til at dufte vidunderligt. I hver [&hellip;]<\/p>\n","protected":false},"featured_media":392724,"comment_status":"closed","ping_status":"open","template":"","meta":{"_angie_page":false},"product_brand":[],"product_cat":[6153,6207],"product_tag":[],"class_list":{"0":"post-197690","1":"product","2":"type-product","3":"status-publish","4":"has-post-thumbnail","6":"product_cat-aromaterapi-og-rumdufte","7":"product_cat-soja-duftvoks-sojavoks","8":"pa_collection-soy-wax-melts-in-jars-da","9":"pa_made-in-kina","11":"first","12":"instock","13":"purchasable","14":"product-type-simple"},"supplier_id":null,"supplier_sku":"SWMJ-06","barcode":null,"atum_controlled":true,"out_stock_date":null,"out_stock_threshold":null,"inheritable":false,"inbound_stock":null,"stock_on_hold":0,"sold_today":0,"sales_last_days":0,"reserved_stock":null,"customer_returns":null,"warehouse_damage":null,"lost_in_post":null,"other_logs":null,"out_stock_days":0,"lost_sales":0,"has_location":null,"update_date":"2026-04-27T07:23:52","atum_locations":[],"atum_stock_status":"instock","restock_status":false,"low_stock_amount":"","sales_update_date":"2026-02-06T00:01:38","calc_backorders":null,"_links":{"self":[{"href":"https:\/\/aromasentia.com\/da\/wp-json\/wp\/v2\/product\/197690","targetHints":{"allow":["GET"]}}],"collection":[{"href":"https:\/\/aromasentia.com\/da\/wp-json\/wp\/v2\/product"}],"about":[{"href":"https:\/\/aromasentia.com\/da\/wp-json\/wp\/v2\/types\/product"}],"replies":[{"embeddable":true,"href":"https:\/\/aromasentia.com\/da\/wp-json\/wp\/v2\/comments?post=197690"}],"version-history":[{"count":0,"href":"https:\/\/aromasentia.com\/da\/wp-json\/wp\/v2\/product\/197690\/revisions"}],"wp:featuredmedia":[{"embeddable":true,"href":"https:\/\/aromasentia.com\/da\/wp-json\/wp\/v2\/media\/392724"}],"wp:attachment":[{"href":"https:\/\/aromasentia.com\/da\/wp-json\/wp\/v2\/media?parent=197690"}],"wp:term":[{"taxonomy":"product_brand","embeddable":true,"href":"https:\/\/aromasentia.com\/da\/wp-json\/wp\/v2\/product_brand?post=197690"},{"taxonomy":"product_cat","embeddable":true,"href":"https:\/\/aromasentia.com\/da\/wp-json\/wp\/v2\/product_cat?post=197690"},{"taxonomy":"product_tag","embeddable":true,"href":"https:\/\/aromasentia.com\/da\/wp-json\/wp\/v2\/product_tag?post=197690"}],"curies":[{"name":"wp","href":"https:\/\/api.w.org\/{rel}","templated":true}]}}