{"id":197682,"date":"2025-03-22T16:59:25","date_gmt":"2025-03-22T16:59:25","guid":{"rendered":"https:\/\/aromasentia.com\/product\/summer-room-spray-sun-kissed-cherry-100ml\/"},"modified":"2025-06-22T03:05:04","modified_gmt":"2025-06-22T03:05:04","slug":"summer-rumspray-sun-kissed-cherry-100ml","status":"publish","type":"product","link":"https:\/\/aromasentia.com\/da\/summer-rumspray-sun-kissed-cherry-100ml\/","title":{"rendered":"Summer Rumspray &#8211; Sun-Kissed Cherry 100ml"},"content":{"rendered":"<p><span style=\"color: rgb(75, 80, 88);\"><strong>Forbedr stemningen i ethvert rum med vores sommer-rumsprays.<\/strong><\/span><\/p>\n<p><span style=\"color: rgb(75, 80, 88);\">Hver duft er omhyggeligt fremstillet med en unik blanding af \u00e6teriske olier og naturlige ingredienser for at skabe en mindev\u00e6rdig og behagelig oplevelse.<\/span><\/p>\n<p><span style=\"color: rgb(75, 80, 88);\">Vores formler er sk\u00e5nsomme og fri for skrappe kemikalier, hvilket g\u00f8r dem sikre til daglig brug. Perfekte til gaver eller personlig fork\u00e6lelse, disse rumsprays vil helt sikkert blive et hit hos dine kunder.<\/span><\/p>\n<p><span style=\"color: rgb(75, 80, 88);\"><strong>Lys rummet op med Sun-Kissed Cherry Room Spray. <\/strong><\/span><\/p>\n<p><span style=\"color: rgb(75, 80, 88);\">Denne livlige duft begynder med den s\u00f8de, vibrerende duft af kirseb\u00e6r, efterfulgt af en blanding af blomster- og citrusnoter, herunder linalool og citronellol. Den afsluttes med en varm, cremet base af vanillin og kumarin.<\/span><\/p>\n<p><span style=\"color: rgb(75, 80, 88);\"><strong><em>Solkysset kirseb\u00e6r skaber en energisk og forfriskende atmosf\u00e6re, hvilket g\u00f8r den ideel til rum, der har brug for et livligt og gl\u00e6deligt pr\u00e6g.<\/em><\/strong><\/span><\/p>\n","protected":false},"excerpt":{"rendered":"<p>Forbedr stemningen i ethvert rum med vores sommer-rumsprays. Hver duft er omhyggeligt fremstillet med en unik blanding af \u00e6teriske olier og naturlige ingredienser for at skabe en mindev\u00e6rdig og behagelig oplevelse. Vores formler er sk\u00e5nsomme og fri for skrappe kemikalier, hvilket g\u00f8r dem sikre til daglig brug. Perfekte til gaver eller personlig fork\u00e6lelse, disse rumsprays [&hellip;]<\/p>\n","protected":false},"featured_media":392548,"comment_status":"closed","ping_status":"open","template":"","meta":[],"product_brand":[],"product_cat":[6153,6199],"product_tag":[],"class_list":{"0":"post-197682","1":"product","2":"type-product","3":"status-publish","4":"has-post-thumbnail","6":"product_cat-aromaterapi-og-rumdufte","7":"product_cat-duftspray-rumdufte-og-rumspray","8":"pa_collection-summer-room-sprays-da","9":"pa_made-in-storbritannien","10":"pa_size-100ml","12":"first","13":"instock","14":"purchasable","15":"product-type-simple"},"supplier_id":null,"supplier_sku":"SRS-03","barcode":null,"atum_controlled":true,"out_stock_date":null,"out_stock_threshold":null,"inheritable":false,"inbound_stock":null,"stock_on_hold":0,"sold_today":0,"sales_last_days":0,"reserved_stock":null,"customer_returns":null,"warehouse_damage":null,"lost_in_post":null,"other_logs":null,"out_stock_days":0,"lost_sales":0,"has_location":null,"update_date":"2026-02-05T22:29:32","atum_locations":[],"atum_stock_status":"instock","restock_status":false,"low_stock_amount":"","sales_update_date":"2025-09-03T00:21:48","calc_backorders":null,"_links":{"self":[{"href":"https:\/\/aromasentia.com\/da\/wp-json\/wp\/v2\/product\/197682","targetHints":{"allow":["GET"]}}],"collection":[{"href":"https:\/\/aromasentia.com\/da\/wp-json\/wp\/v2\/product"}],"about":[{"href":"https:\/\/aromasentia.com\/da\/wp-json\/wp\/v2\/types\/product"}],"replies":[{"embeddable":true,"href":"https:\/\/aromasentia.com\/da\/wp-json\/wp\/v2\/comments?post=197682"}],"version-history":[{"count":0,"href":"https:\/\/aromasentia.com\/da\/wp-json\/wp\/v2\/product\/197682\/revisions"}],"wp:featuredmedia":[{"embeddable":true,"href":"https:\/\/aromasentia.com\/da\/wp-json\/wp\/v2\/media\/392548"}],"wp:attachment":[{"href":"https:\/\/aromasentia.com\/da\/wp-json\/wp\/v2\/media?parent=197682"}],"wp:term":[{"taxonomy":"product_brand","embeddable":true,"href":"https:\/\/aromasentia.com\/da\/wp-json\/wp\/v2\/product_brand?post=197682"},{"taxonomy":"product_cat","embeddable":true,"href":"https:\/\/aromasentia.com\/da\/wp-json\/wp\/v2\/product_cat?post=197682"},{"taxonomy":"product_tag","embeddable":true,"href":"https:\/\/aromasentia.com\/da\/wp-json\/wp\/v2\/product_tag?post=197682"}],"curies":[{"name":"wp","href":"https:\/\/api.w.org\/{rel}","templated":true}]}}