{"id":197679,"date":"2025-03-22T16:59:25","date_gmt":"2025-03-22T16:59:25","guid":{"rendered":"https:\/\/aromasentia.com\/product\/summer-room-spray-fresh-vetiver-100ml\/"},"modified":"2025-06-22T03:04:59","modified_gmt":"2025-06-22T03:04:59","slug":"summer-rumspray-frisk-vetiver-100ml","status":"publish","type":"product","link":"https:\/\/aromasentia.com\/da\/summer-rumspray-frisk-vetiver-100ml\/","title":{"rendered":"Summer Rumspray &#8211; Frisk Vetiver 100ml"},"content":{"rendered":"<p><span style=\"color: rgb(75, 80, 88);\"><strong>Forbedr stemningen i ethvert rum med vores sommerrumssprayer.<\/strong><\/span><\/p>\n<p><span style=\"color: rgb(75, 80, 88);\">Hver duft er omhyggeligt fremstillet med en unik blanding af \u00e6teriske olier og naturlige ingredienser for at skabe en mindev\u00e6rdig og behagelig oplevelse.<\/span><\/p>\n<p><span style=\"color: rgb(75, 80, 88);\">Vores formler er sk\u00e5nsomme og fri for barske kemikalier, hvilket g\u00f8r dem sikre til daglig brug. Perfekte til gaver eller personlig fork\u00e6lelse, disse rumsprayer vil helt sikkert blive et hit hos dine kunder.<\/span><\/p>\n<p><span style=\"color: rgb(75, 80, 88);\"><strong>Foryng dine omgivelser med Fresh Vetiver Room Spray. <\/strong><\/span><\/p>\n<p><span style=\"color: rgb(75, 80, 88);\">Den begynder med lyse, friske noter af grapefrugt, citrus aurantium skalolie og limonen, overg\u00e5r til et dybt, jordagtigt hjerte af vetiver og cedertr\u00e6 og afsluttes med en rig, kompleks base af patchouli.<\/span><\/p>\n<p><span style=\"color: rgb(75, 80, 88);\"><strong><em>Frisk Vetiver er perfekt til rum, der har brug for en revitaliserende og forfriskende atmosf\u00e6re.<\/em><\/strong><\/span><\/p>\n","protected":false},"excerpt":{"rendered":"<p>Forbedr stemningen i ethvert rum med vores sommerrumssprayer. Hver duft er omhyggeligt fremstillet med en unik blanding af \u00e6teriske olier og naturlige ingredienser for at skabe en mindev\u00e6rdig og behagelig oplevelse. Vores formler er sk\u00e5nsomme og fri for barske kemikalier, hvilket g\u00f8r dem sikre til daglig brug. Perfekte til gaver eller personlig fork\u00e6lelse, disse rumsprayer [&hellip;]<\/p>\n","protected":false},"featured_media":392497,"comment_status":"closed","ping_status":"open","template":"","meta":[],"product_brand":[],"product_cat":[6153,6199],"product_tag":[],"class_list":{"0":"post-197679","1":"product","2":"type-product","3":"status-publish","4":"has-post-thumbnail","6":"product_cat-aromaterapi-og-rumdufte","7":"product_cat-duftspray-rumdufte-og-rumspray","8":"pa_collection-summer-room-sprays-da","9":"pa_made-in-storbritannien","10":"pa_size-100ml","12":"first","13":"instock","14":"purchasable","15":"product-type-simple"},"supplier_id":null,"supplier_sku":"SRS-06","barcode":null,"atum_controlled":true,"out_stock_date":null,"out_stock_threshold":null,"inheritable":false,"inbound_stock":null,"stock_on_hold":0,"sold_today":0,"sales_last_days":0,"reserved_stock":null,"customer_returns":null,"warehouse_damage":null,"lost_in_post":null,"other_logs":null,"out_stock_days":0,"lost_sales":0,"has_location":null,"update_date":"2026-01-29T22:40:03","atum_locations":[],"atum_stock_status":"instock","restock_status":false,"low_stock_amount":"","sales_update_date":"2025-09-03T00:21:47","calc_backorders":null,"_links":{"self":[{"href":"https:\/\/aromasentia.com\/da\/wp-json\/wp\/v2\/product\/197679","targetHints":{"allow":["GET"]}}],"collection":[{"href":"https:\/\/aromasentia.com\/da\/wp-json\/wp\/v2\/product"}],"about":[{"href":"https:\/\/aromasentia.com\/da\/wp-json\/wp\/v2\/types\/product"}],"replies":[{"embeddable":true,"href":"https:\/\/aromasentia.com\/da\/wp-json\/wp\/v2\/comments?post=197679"}],"version-history":[{"count":0,"href":"https:\/\/aromasentia.com\/da\/wp-json\/wp\/v2\/product\/197679\/revisions"}],"wp:featuredmedia":[{"embeddable":true,"href":"https:\/\/aromasentia.com\/da\/wp-json\/wp\/v2\/media\/392497"}],"wp:attachment":[{"href":"https:\/\/aromasentia.com\/da\/wp-json\/wp\/v2\/media?parent=197679"}],"wp:term":[{"taxonomy":"product_brand","embeddable":true,"href":"https:\/\/aromasentia.com\/da\/wp-json\/wp\/v2\/product_brand?post=197679"},{"taxonomy":"product_cat","embeddable":true,"href":"https:\/\/aromasentia.com\/da\/wp-json\/wp\/v2\/product_cat?post=197679"},{"taxonomy":"product_tag","embeddable":true,"href":"https:\/\/aromasentia.com\/da\/wp-json\/wp\/v2\/product_tag?post=197679"}],"curies":[{"name":"wp","href":"https:\/\/api.w.org\/{rel}","templated":true}]}}