{"id":197662,"date":"2025-03-22T16:59:25","date_gmt":"2025-03-22T16:59:25","guid":{"rendered":"https:\/\/aromasentia.com\/product\/plant-based-aroma-oil-regal-rose\/"},"modified":"2025-06-22T03:04:53","modified_gmt":"2025-06-22T03:04:53","slug":"plantebaseret-aromaolie-regal-rose","status":"publish","type":"product","link":"https:\/\/aromasentia.com\/da\/plantebaseret-aromaolie-regal-rose\/","title":{"rendered":"Plantebaseret Aromaolie &#8211; Regal Rose"},"content":{"rendered":"<p>Plantebaseret aromaolie af kongelig rose har en s\u00f8d, blomsteragtig duft, der er karakteristisk for roser.&nbsp;<\/p>\n<p>Den menes at v\u00e6re beroligende, romantisk og opl\u00f8ftende og siges at v\u00e6re gavnlig for at fremme afslapning og reducere stress. Den bruges ogs\u00e5 til at forbedre hum\u00f8ret og det f\u00f8lelsesm\u00e6ssige velbefindende.&nbsp;<\/p>\n<p>Lavet af naturlige plantebaserede ingredienser og fortyndet i en dipropylenglykolb\u00e6rer.<\/p>\n<p>Brug denne olie med oliebr\u00e6ndere eller aromadiffusorer.<\/p>\n","protected":false},"excerpt":{"rendered":"<p>Plantebaseret aromaolie af kongelig rose har en s\u00f8d, blomsteragtig duft, der er karakteristisk for roser.&nbsp; Den menes at v\u00e6re beroligende, romantisk og opl\u00f8ftende og siges at v\u00e6re gavnlig for at fremme afslapning og reducere stress. Den bruges ogs\u00e5 til at forbedre hum\u00f8ret og det f\u00f8lelsesm\u00e6ssige velbefindende.&nbsp; Lavet af naturlige plantebaserede ingredienser og fortyndet i en [&hellip;]<\/p>\n","protected":false},"featured_media":392296,"comment_status":"closed","ping_status":"open","template":"","meta":{"_angie_page":false},"product_brand":[27145],"product_cat":[6153,26830,25839,6158,25984],"product_tag":[],"class_list":{"0":"post-197662","1":"product","2":"type-product","3":"status-publish","4":"has-post-thumbnail","6":"product_brand-stamford","7":"product_cat-aromaterapi-og-rumdufte","8":"product_cat-blomster","9":"product_cat-dufte-aromaer","10":"product_cat-duftolier","11":"product_cat-rose","12":"pa_collection-plant-based-fragrance-oils-da","13":"pa_made-in-indien","14":"pa_size-10ml","16":"first","17":"instock","18":"purchasable","19":"product-type-simple"},"supplier_id":null,"supplier_sku":"SPBAO-10","barcode":null,"atum_controlled":true,"out_stock_date":null,"out_stock_threshold":null,"inheritable":false,"inbound_stock":null,"stock_on_hold":0,"sold_today":0,"sales_last_days":0,"reserved_stock":null,"customer_returns":null,"warehouse_damage":null,"lost_in_post":null,"other_logs":null,"out_stock_days":0,"lost_sales":0,"has_location":null,"update_date":"2026-04-27T07:22:17","atum_locations":[],"atum_stock_status":"instock","restock_status":false,"low_stock_amount":"","sales_update_date":"2026-01-20T05:14:33","calc_backorders":null,"_links":{"self":[{"href":"https:\/\/aromasentia.com\/da\/wp-json\/wp\/v2\/product\/197662","targetHints":{"allow":["GET"]}}],"collection":[{"href":"https:\/\/aromasentia.com\/da\/wp-json\/wp\/v2\/product"}],"about":[{"href":"https:\/\/aromasentia.com\/da\/wp-json\/wp\/v2\/types\/product"}],"replies":[{"embeddable":true,"href":"https:\/\/aromasentia.com\/da\/wp-json\/wp\/v2\/comments?post=197662"}],"version-history":[{"count":0,"href":"https:\/\/aromasentia.com\/da\/wp-json\/wp\/v2\/product\/197662\/revisions"}],"wp:featuredmedia":[{"embeddable":true,"href":"https:\/\/aromasentia.com\/da\/wp-json\/wp\/v2\/media\/392296"}],"wp:attachment":[{"href":"https:\/\/aromasentia.com\/da\/wp-json\/wp\/v2\/media?parent=197662"}],"wp:term":[{"taxonomy":"product_brand","embeddable":true,"href":"https:\/\/aromasentia.com\/da\/wp-json\/wp\/v2\/product_brand?post=197662"},{"taxonomy":"product_cat","embeddable":true,"href":"https:\/\/aromasentia.com\/da\/wp-json\/wp\/v2\/product_cat?post=197662"},{"taxonomy":"product_tag","embeddable":true,"href":"https:\/\/aromasentia.com\/da\/wp-json\/wp\/v2\/product_tag?post=197662"}],"curies":[{"name":"wp","href":"https:\/\/api.w.org\/{rel}","templated":true}]}}