{"id":197661,"date":"2025-03-22T16:59:25","date_gmt":"2025-03-22T16:59:25","guid":{"rendered":"https:\/\/aromasentia.com\/product\/plant-based-aroma-oil-citronella-lemon-grass\/"},"modified":"2025-06-22T03:04:51","modified_gmt":"2025-06-22T03:04:51","slug":"plantebaseret-aromaolie-citronella-lemon-grass","status":"publish","type":"product","link":"https:\/\/aromasentia.com\/da\/plantebaseret-aromaolie-citronella-lemon-grass\/","title":{"rendered":"Plantebaseret Aromaolie &#8211; Citronella Lemon Grass"},"content":{"rendered":"<p>Plantebaseret citronella-aromaolie har en frisk, citrusagtig og citronagtig duft med gr\u00e6sagtige og let moskusagtige antydninger.Den menes at v\u00e6re opl\u00f8ftende, forfriskende og energigivende&nbsp;<\/p>\n<p>Fremstillet af naturlige plantebaserede ingredienser og fortyndet i en dipropylenglykolb\u00e6rer.<\/p>\n<p>Brug denne olie med oliebr\u00e6ndere eller aromadiffusorer.<\/p>\n","protected":false},"excerpt":{"rendered":"<p>Plantebaseret citronella-aromaolie har en frisk, citrusagtig og citronagtig duft med gr\u00e6sagtige og let moskusagtige antydninger.Den menes at v\u00e6re opl\u00f8ftende, forfriskende og energigivende&nbsp; Fremstillet af naturlige plantebaserede ingredienser og fortyndet i en dipropylenglykolb\u00e6rer. Brug denne olie med oliebr\u00e6ndere eller aromadiffusorer.<\/p>\n","protected":false},"featured_media":392287,"comment_status":"closed","ping_status":"open","template":"","meta":{"_angie_page":false},"product_brand":[27145],"product_cat":[6153,25936,25961,26816,25839,6158],"product_tag":[],"class_list":{"0":"post-197661","1":"product","2":"type-product","3":"status-publish","4":"has-post-thumbnail","6":"product_brand-stamford","7":"product_cat-aromaterapi-og-rumdufte","8":"product_cat-citronella","9":"product_cat-citrongraes","10":"product_cat-citrus","11":"product_cat-dufte-aromaer","12":"product_cat-duftolier","13":"pa_collection-plant-based-fragrance-oils-da","14":"pa_made-in-indien","15":"pa_size-10ml","17":"first","18":"instock","19":"purchasable","20":"product-type-simple"},"supplier_id":null,"supplier_sku":"SPBAO-09","barcode":null,"atum_controlled":true,"out_stock_date":null,"out_stock_threshold":null,"inheritable":false,"inbound_stock":null,"stock_on_hold":0,"sold_today":0,"sales_last_days":0,"reserved_stock":null,"customer_returns":null,"warehouse_damage":null,"lost_in_post":null,"other_logs":null,"out_stock_days":0,"lost_sales":0,"has_location":null,"update_date":"2026-04-27T07:22:17","atum_locations":[],"atum_stock_status":"instock","restock_status":false,"low_stock_amount":"","sales_update_date":"2025-09-03T00:21:43","calc_backorders":null,"_links":{"self":[{"href":"https:\/\/aromasentia.com\/da\/wp-json\/wp\/v2\/product\/197661","targetHints":{"allow":["GET"]}}],"collection":[{"href":"https:\/\/aromasentia.com\/da\/wp-json\/wp\/v2\/product"}],"about":[{"href":"https:\/\/aromasentia.com\/da\/wp-json\/wp\/v2\/types\/product"}],"replies":[{"embeddable":true,"href":"https:\/\/aromasentia.com\/da\/wp-json\/wp\/v2\/comments?post=197661"}],"version-history":[{"count":0,"href":"https:\/\/aromasentia.com\/da\/wp-json\/wp\/v2\/product\/197661\/revisions"}],"wp:featuredmedia":[{"embeddable":true,"href":"https:\/\/aromasentia.com\/da\/wp-json\/wp\/v2\/media\/392287"}],"wp:attachment":[{"href":"https:\/\/aromasentia.com\/da\/wp-json\/wp\/v2\/media?parent=197661"}],"wp:term":[{"taxonomy":"product_brand","embeddable":true,"href":"https:\/\/aromasentia.com\/da\/wp-json\/wp\/v2\/product_brand?post=197661"},{"taxonomy":"product_cat","embeddable":true,"href":"https:\/\/aromasentia.com\/da\/wp-json\/wp\/v2\/product_cat?post=197661"},{"taxonomy":"product_tag","embeddable":true,"href":"https:\/\/aromasentia.com\/da\/wp-json\/wp\/v2\/product_tag?post=197661"}],"curies":[{"name":"wp","href":"https:\/\/api.w.org\/{rel}","templated":true}]}}