{"id":197660,"date":"2025-03-22T16:59:25","date_gmt":"2025-03-22T16:59:25","guid":{"rendered":"https:\/\/aromasentia.com\/product\/plant-based-aroma-oil-apple-cinnamon\/"},"modified":"2025-06-22T03:04:50","modified_gmt":"2025-06-22T03:04:50","slug":"plantebaseret-aromaolie-aeblekanel","status":"publish","type":"product","link":"https:\/\/aromasentia.com\/da\/plantebaseret-aromaolie-aeblekanel\/","title":{"rendered":"Plantebaseret Aromaolie &#8211; \u00c6blekanel"},"content":{"rendered":"<p>Plantebaseret \u00e6blekanel-aromaolie har en s\u00f8d og varm duft.<\/p>\n<p>Den menes at v\u00e6re beroligende, varmende og opl\u00f8ftende, og den siges at v\u00e6re gavnlig til at fremme afslapning og reducere stress.<\/p>\n<p>Lavet af naturlige plantebaserede ingredienser og fortyndet i en dipropylenglykolb\u00e6rer.<\/p>\n<p>Brug denne olie med oliebr\u00e6ndere eller aromadiffusorer.<\/p>\n","protected":false},"excerpt":{"rendered":"<p>Plantebaseret \u00e6blekanel-aromaolie har en s\u00f8d og varm duft. Den menes at v\u00e6re beroligende, varmende og opl\u00f8ftende, og den siges at v\u00e6re gavnlig til at fremme afslapning og reducere stress. Lavet af naturlige plantebaserede ingredienser og fortyndet i en dipropylenglykolb\u00e6rer. Brug denne olie med oliebr\u00e6ndere eller aromadiffusorer.<\/p>\n","protected":false},"featured_media":392278,"comment_status":"closed","ping_status":"open","template":"","meta":{"_angie_page":false},"product_brand":[27145],"product_cat":[26515,6153,25839,6158,26844,25935,26886],"product_tag":[],"class_list":{"0":"post-197660","1":"product","2":"type-product","3":"status-publish","4":"has-post-thumbnail","6":"product_brand-stamford","7":"product_cat-aeble","8":"product_cat-aromaterapi-og-rumdufte","9":"product_cat-dufte-aromaer","10":"product_cat-duftolier","11":"product_cat-frugtagtig","12":"product_cat-kanel","13":"product_cat-krydret","14":"pa_collection-plant-based-fragrance-oils-da","15":"pa_made-in-indien","16":"pa_size-10ml","18":"first","19":"instock","20":"purchasable","21":"product-type-simple"},"supplier_id":null,"supplier_sku":"SPBAO-08","barcode":null,"atum_controlled":true,"out_stock_date":null,"out_stock_threshold":null,"inheritable":false,"inbound_stock":null,"stock_on_hold":0,"sold_today":0,"sales_last_days":0,"reserved_stock":null,"customer_returns":null,"warehouse_damage":null,"lost_in_post":null,"other_logs":null,"out_stock_days":0,"lost_sales":0,"has_location":null,"update_date":"2026-04-27T07:22:17","atum_locations":[],"atum_stock_status":"instock","restock_status":false,"low_stock_amount":"","sales_update_date":"2025-09-03T00:21:43","calc_backorders":null,"_links":{"self":[{"href":"https:\/\/aromasentia.com\/da\/wp-json\/wp\/v2\/product\/197660","targetHints":{"allow":["GET"]}}],"collection":[{"href":"https:\/\/aromasentia.com\/da\/wp-json\/wp\/v2\/product"}],"about":[{"href":"https:\/\/aromasentia.com\/da\/wp-json\/wp\/v2\/types\/product"}],"replies":[{"embeddable":true,"href":"https:\/\/aromasentia.com\/da\/wp-json\/wp\/v2\/comments?post=197660"}],"version-history":[{"count":0,"href":"https:\/\/aromasentia.com\/da\/wp-json\/wp\/v2\/product\/197660\/revisions"}],"wp:featuredmedia":[{"embeddable":true,"href":"https:\/\/aromasentia.com\/da\/wp-json\/wp\/v2\/media\/392278"}],"wp:attachment":[{"href":"https:\/\/aromasentia.com\/da\/wp-json\/wp\/v2\/media?parent=197660"}],"wp:term":[{"taxonomy":"product_brand","embeddable":true,"href":"https:\/\/aromasentia.com\/da\/wp-json\/wp\/v2\/product_brand?post=197660"},{"taxonomy":"product_cat","embeddable":true,"href":"https:\/\/aromasentia.com\/da\/wp-json\/wp\/v2\/product_cat?post=197660"},{"taxonomy":"product_tag","embeddable":true,"href":"https:\/\/aromasentia.com\/da\/wp-json\/wp\/v2\/product_tag?post=197660"}],"curies":[{"name":"wp","href":"https:\/\/api.w.org\/{rel}","templated":true}]}}