{"id":197656,"date":"2025-03-22T16:59:25","date_gmt":"2025-03-22T16:59:25","guid":{"rendered":"https:\/\/aromasentia.com\/product\/plant-based-aroma-oil-jasmine-tea\/"},"modified":"2025-06-22T03:04:49","modified_gmt":"2025-06-22T03:04:49","slug":"plantebaseret-aromaolie-jasminte","status":"publish","type":"product","link":"https:\/\/aromasentia.com\/da\/plantebaseret-aromaolie-jasminte\/","title":{"rendered":"Plantebaseret Aromaolie &#8211; Jasminte"},"content":{"rendered":"<p>Jasmin te aromaolie har en s\u00f8d, blomsteragtig aroma. Olien menes at fremme afslapning og reducere stress. Den bruges ogs\u00e5 til at forbedre hum\u00f8ret og det f\u00f8lelsesm\u00e6ssige velv\u00e6re.<\/p>\n<p>Lavet af naturlige plantebaserede ingredienser og fortyndet i en dipropylenglykolb\u00e6rer.<\/p>\n<p>Brug denne olie med oliebr\u00e6ndere eller aromadiffusorer. &nbsp; &nbsp;<\/p>\n","protected":false},"excerpt":{"rendered":"<p>Jasmin te aromaolie har en s\u00f8d, blomsteragtig aroma. Olien menes at fremme afslapning og reducere stress. Den bruges ogs\u00e5 til at forbedre hum\u00f8ret og det f\u00f8lelsesm\u00e6ssige velv\u00e6re. Lavet af naturlige plantebaserede ingredienser og fortyndet i en dipropylenglykolb\u00e6rer. Brug denne olie med oliebr\u00e6ndere eller aromadiffusorer. &nbsp; &nbsp;<\/p>\n","protected":false},"featured_media":392234,"comment_status":"closed","ping_status":"open","template":"","meta":[],"product_brand":[27145],"product_cat":[6153,26830,25839,6158,25955],"product_tag":[],"class_list":{"0":"post-197656","1":"product","2":"type-product","3":"status-publish","4":"has-post-thumbnail","6":"product_brand-stamford","7":"product_cat-aromaterapi-og-rumdufte","8":"product_cat-blomster","9":"product_cat-dufte-aromaer","10":"product_cat-duftolier","11":"product_cat-jasmin","12":"pa_collection-plant-based-fragrance-oils-da","13":"pa_made-in-indien","14":"pa_size-10ml","16":"first","17":"instock","18":"purchasable","19":"product-type-simple"},"supplier_id":null,"supplier_sku":"SPBAO-02","barcode":null,"atum_controlled":true,"out_stock_date":null,"out_stock_threshold":null,"inheritable":false,"inbound_stock":null,"stock_on_hold":0,"sold_today":0,"sales_last_days":0,"reserved_stock":null,"customer_returns":null,"warehouse_damage":null,"lost_in_post":null,"other_logs":null,"out_stock_days":0,"lost_sales":0,"has_location":null,"update_date":"2026-02-03T11:30:01","atum_locations":[],"atum_stock_status":"instock","restock_status":false,"low_stock_amount":"","sales_update_date":"2025-09-03T00:21:41","calc_backorders":null,"_links":{"self":[{"href":"https:\/\/aromasentia.com\/da\/wp-json\/wp\/v2\/product\/197656","targetHints":{"allow":["GET"]}}],"collection":[{"href":"https:\/\/aromasentia.com\/da\/wp-json\/wp\/v2\/product"}],"about":[{"href":"https:\/\/aromasentia.com\/da\/wp-json\/wp\/v2\/types\/product"}],"replies":[{"embeddable":true,"href":"https:\/\/aromasentia.com\/da\/wp-json\/wp\/v2\/comments?post=197656"}],"version-history":[{"count":0,"href":"https:\/\/aromasentia.com\/da\/wp-json\/wp\/v2\/product\/197656\/revisions"}],"wp:featuredmedia":[{"embeddable":true,"href":"https:\/\/aromasentia.com\/da\/wp-json\/wp\/v2\/media\/392234"}],"wp:attachment":[{"href":"https:\/\/aromasentia.com\/da\/wp-json\/wp\/v2\/media?parent=197656"}],"wp:term":[{"taxonomy":"product_brand","embeddable":true,"href":"https:\/\/aromasentia.com\/da\/wp-json\/wp\/v2\/product_brand?post=197656"},{"taxonomy":"product_cat","embeddable":true,"href":"https:\/\/aromasentia.com\/da\/wp-json\/wp\/v2\/product_cat?post=197656"},{"taxonomy":"product_tag","embeddable":true,"href":"https:\/\/aromasentia.com\/da\/wp-json\/wp\/v2\/product_tag?post=197656"}],"curies":[{"name":"wp","href":"https:\/\/api.w.org\/{rel}","templated":true}]}}