{"id":197655,"date":"2025-03-22T16:59:25","date_gmt":"2025-03-22T16:59:25","guid":{"rendered":"https:\/\/aromasentia.com\/product\/plant-based-aroma-oil-californian-white-sage\/"},"modified":"2025-06-22T03:04:48","modified_gmt":"2025-06-22T03:04:48","slug":"plantebaseret-aromaolie-californisk-hvid-salvie","status":"publish","type":"product","link":"https:\/\/aromasentia.com\/da\/plantebaseret-aromaolie-californisk-hvid-salvie\/","title":{"rendered":"Plantebaseret Aromaolie &#8211; Californisk Hvid Salvie"},"content":{"rendered":"<p>Californisk hvid salvie er kendt for sin st\u00e6rke, aromatiske duft.<\/p>\n<p>Det antages, at den har en r\u00e6kke terapeutiske egenskaber, herunder at fremme afslapning, reducere stress og forbedre hum\u00f8ret.<\/p>\n<p>Lavet af naturlige plantebaserede ingredienser og fortyndet i en dipropylenglykolb\u00e6rer.&nbsp;<\/p>\n<p>Brug denne olie med oliebr\u00e6ndere eller aromadiffusorer. &nbsp;<\/p>\n","protected":false},"excerpt":{"rendered":"<p>Californisk hvid salvie er kendt for sin st\u00e6rke, aromatiske duft. Det antages, at den har en r\u00e6kke terapeutiske egenskaber, herunder at fremme afslapning, reducere stress og forbedre hum\u00f8ret. Lavet af naturlige plantebaserede ingredienser og fortyndet i en dipropylenglykolb\u00e6rer.&nbsp; Brug denne olie med oliebr\u00e6ndere eller aromadiffusorer. &nbsp;<\/p>\n","protected":false},"featured_media":392225,"comment_status":"closed","ping_status":"open","template":"","meta":[],"product_brand":[27145],"product_cat":[6153,25839,6158,26461,26858],"product_tag":[],"class_list":{"0":"post-197655","1":"product","2":"type-product","3":"status-publish","4":"has-post-thumbnail","6":"product_brand-stamford","7":"product_cat-aromaterapi-og-rumdufte","8":"product_cat-dufte-aromaer","9":"product_cat-duftolier","10":"product_cat-hvid-salvie","11":"product_cat-urte-aromatisk","12":"pa_collection-plant-based-fragrance-oils-da","13":"pa_made-in-indien","14":"pa_size-10ml","16":"first","17":"outofstock","18":"purchasable","19":"product-type-simple"},"supplier_id":null,"supplier_sku":"SPBAO-01","barcode":null,"atum_controlled":true,"out_stock_date":"2025-11-13 11:32:18","out_stock_threshold":null,"inheritable":false,"inbound_stock":null,"stock_on_hold":0,"sold_today":0,"sales_last_days":0,"reserved_stock":null,"customer_returns":null,"warehouse_damage":null,"lost_in_post":null,"other_logs":null,"out_stock_days":84,"lost_sales":0,"has_location":null,"update_date":"2026-02-06T00:01:06","atum_locations":[],"atum_stock_status":"outofstock","restock_status":false,"low_stock_amount":"","sales_update_date":"2026-02-06T00:01:06","calc_backorders":null,"_links":{"self":[{"href":"https:\/\/aromasentia.com\/da\/wp-json\/wp\/v2\/product\/197655","targetHints":{"allow":["GET"]}}],"collection":[{"href":"https:\/\/aromasentia.com\/da\/wp-json\/wp\/v2\/product"}],"about":[{"href":"https:\/\/aromasentia.com\/da\/wp-json\/wp\/v2\/types\/product"}],"replies":[{"embeddable":true,"href":"https:\/\/aromasentia.com\/da\/wp-json\/wp\/v2\/comments?post=197655"}],"version-history":[{"count":0,"href":"https:\/\/aromasentia.com\/da\/wp-json\/wp\/v2\/product\/197655\/revisions"}],"wp:featuredmedia":[{"embeddable":true,"href":"https:\/\/aromasentia.com\/da\/wp-json\/wp\/v2\/media\/392225"}],"wp:attachment":[{"href":"https:\/\/aromasentia.com\/da\/wp-json\/wp\/v2\/media?parent=197655"}],"wp:term":[{"taxonomy":"product_brand","embeddable":true,"href":"https:\/\/aromasentia.com\/da\/wp-json\/wp\/v2\/product_brand?post=197655"},{"taxonomy":"product_cat","embeddable":true,"href":"https:\/\/aromasentia.com\/da\/wp-json\/wp\/v2\/product_cat?post=197655"},{"taxonomy":"product_tag","embeddable":true,"href":"https:\/\/aromasentia.com\/da\/wp-json\/wp\/v2\/product_tag?post=197655"}],"curies":[{"name":"wp","href":"https:\/\/api.w.org\/{rel}","templated":true}]}}