{"id":197653,"date":"2025-03-22T16:59:25","date_gmt":"2025-03-22T16:59:25","guid":{"rendered":"https:\/\/aromasentia.com\/product\/bathroom-fresh-cotton\/"},"modified":"2025-06-22T03:04:47","modified_gmt":"2025-06-22T03:04:47","slug":"badevaerelse-frisk-bomuld","status":"publish","type":"product","link":"https:\/\/aromasentia.com\/da\/badevaerelse-frisk-bomuld\/","title":{"rendered":"Badev\u00e6relse &#8211; Frisk Bomuld"},"content":{"rendered":"<p>Disse fine <strong>Simmering Granules Bathroom &#8211; Fresh Cotton<\/strong> er designet til specifikke steder i dit hjem. Ideel til oliebr\u00e6ndere, duftbogstaver, nyttig p\u00e5 askeb\u00e6gre til at bek\u00e6mpe tobakslugt og til at dufte og dekorere tallerkener. De har i\u00f8jnefaldende farver. Minimum nettov\u00e6gt 200 g pr. pose.<\/p>\n<p>Du placerer dem i oliebr\u00e6nderens beholder og beh\u00f8ver ikke vand.<\/p>\n","protected":false},"excerpt":{"rendered":"<p>Disse fine Simmering Granules Bathroom &#8211; Fresh Cotton er designet til specifikke steder i dit hjem. Ideel til oliebr\u00e6ndere, duftbogstaver, nyttig p\u00e5 askeb\u00e6gre til at bek\u00e6mpe tobakslugt og til at dufte og dekorere tallerkener. De har i\u00f8jnefaldende farver. Minimum nettov\u00e6gt 200 g pr. pose. Du placerer dem i oliebr\u00e6nderens beholder og beh\u00f8ver ikke vand.<\/p>\n","protected":false},"featured_media":392207,"comment_status":"closed","ping_status":"open","template":"","meta":[],"product_brand":[],"product_cat":[6153,6154],"product_tag":[],"class_list":{"0":"post-197653","1":"product","2":"type-product","3":"status-publish","4":"has-post-thumbnail","6":"product_cat-aromaterapi-og-rumdufte","7":"product_cat-duft-granulat","8":"pa_collection-home-comforts-scented-salt-granules-for-oil-burners-da","9":"pa_made-in-storbritannien","11":"first","12":"instock","13":"purchasable","14":"product-type-simple"},"supplier_id":null,"supplier_sku":"SGHC-10","barcode":null,"atum_controlled":true,"out_stock_date":null,"out_stock_threshold":null,"inheritable":false,"inbound_stock":null,"stock_on_hold":0,"sold_today":0,"sales_last_days":0,"reserved_stock":null,"customer_returns":null,"warehouse_damage":null,"lost_in_post":null,"other_logs":null,"out_stock_days":0,"lost_sales":0,"has_location":null,"update_date":"2026-02-05T22:32:23","atum_locations":[],"atum_stock_status":"instock","restock_status":false,"low_stock_amount":"","sales_update_date":"2026-01-20T05:14:08","calc_backorders":null,"_links":{"self":[{"href":"https:\/\/aromasentia.com\/da\/wp-json\/wp\/v2\/product\/197653","targetHints":{"allow":["GET"]}}],"collection":[{"href":"https:\/\/aromasentia.com\/da\/wp-json\/wp\/v2\/product"}],"about":[{"href":"https:\/\/aromasentia.com\/da\/wp-json\/wp\/v2\/types\/product"}],"replies":[{"embeddable":true,"href":"https:\/\/aromasentia.com\/da\/wp-json\/wp\/v2\/comments?post=197653"}],"version-history":[{"count":0,"href":"https:\/\/aromasentia.com\/da\/wp-json\/wp\/v2\/product\/197653\/revisions"}],"wp:featuredmedia":[{"embeddable":true,"href":"https:\/\/aromasentia.com\/da\/wp-json\/wp\/v2\/media\/392207"}],"wp:attachment":[{"href":"https:\/\/aromasentia.com\/da\/wp-json\/wp\/v2\/media?parent=197653"}],"wp:term":[{"taxonomy":"product_brand","embeddable":true,"href":"https:\/\/aromasentia.com\/da\/wp-json\/wp\/v2\/product_brand?post=197653"},{"taxonomy":"product_cat","embeddable":true,"href":"https:\/\/aromasentia.com\/da\/wp-json\/wp\/v2\/product_cat?post=197653"},{"taxonomy":"product_tag","embeddable":true,"href":"https:\/\/aromasentia.com\/da\/wp-json\/wp\/v2\/product_tag?post=197653"}],"curies":[{"name":"wp","href":"https:\/\/api.w.org\/{rel}","templated":true}]}}