{"id":197642,"date":"2025-03-22T16:59:25","date_gmt":"2025-03-22T16:59:25","guid":{"rendered":"https:\/\/aromasentia.com\/product\/5kg-of-3mm-reed-diffusers-approx-3600\/"},"modified":"2025-06-22T03:04:43","modified_gmt":"2025-06-22T03:04:43","slug":"5-kg-3-mm-sivdiffusorer-ca-3600","status":"publish","type":"product","link":"https:\/\/aromasentia.com\/da\/5-kg-3-mm-sivdiffusorer-ca-3600\/","title":{"rendered":"5 kg 3 mm Sivdiffusorer (Ca. 3600)"},"content":{"rendered":"<p><span style=\"color: rgb(75, 80, 88);\">En r\u00f8rdiffuser er en nem, effektiv og sikker m\u00e5de at sprede en kontinuerlig duft i hele dit milj\u00f8.<\/span><\/p>\n<p><span style=\"color: rgb(75, 80, 88);\">R\u00f8rdiffusere er nemme at s\u00e6lge&#8230; du f\u00e5r ingen r\u00f8g, dryppende voks eller angst for br\u00e6ndende stearinlys. Ideel til omr\u00e5der uden stearinlys, som kontorer, kollegiev\u00e6relser eller hjem med sm\u00e5 b\u00f8rn.<\/span><\/p>\n<p><span style=\"color: rgb(75, 80, 88);\">Her har vi engrospris p\u00e5 5 kg 3 mm r\u00f8rdiffusere (ca. 3000), som du kan s\u00e6lge pr. bundt eller med h\u00f8j fortjeneste pr. pind.<\/span><\/p>\n<p><span style=\"color: rgb(75, 80, 88);\">R\u00f8rdiffusere er en meget popul\u00e6r gave og et godt alternativ til oliebr\u00e6ndere.<\/span><\/p>\n<p><span style=\"color: rgb(141, 186, 216);\"><strong>R\u00f8rdiffusere kan variere i st\u00f8rrelse fra 24 cm til 25 cm.<\/strong><\/span><\/p>\n","protected":false},"excerpt":{"rendered":"<p>En r\u00f8rdiffuser er en nem, effektiv og sikker m\u00e5de at sprede en kontinuerlig duft i hele dit milj\u00f8. R\u00f8rdiffusere er nemme at s\u00e6lge&#8230; du f\u00e5r ingen r\u00f8g, dryppende voks eller angst for br\u00e6ndende stearinlys. Ideel til omr\u00e5der uden stearinlys, som kontorer, kollegiev\u00e6relser eller hjem med sm\u00e5 b\u00f8rn. Her har vi engrospris p\u00e5 5 kg 3 [&hellip;]<\/p>\n","protected":false},"featured_media":392109,"comment_status":"closed","ping_status":"open","template":"","meta":{"_angie_page":false},"product_brand":[],"product_cat":[6176,6153],"product_tag":[],"class_list":{"0":"post-197642","1":"product","2":"type-product","3":"status-publish","4":"has-post-thumbnail","6":"product_cat-aroma-flasker-og-tilbehor","7":"product_cat-aromaterapi-og-rumdufte","8":"pa_collection-bulk-reed-diffusers-sticks-da","9":"pa_made-in-indonesien","11":"first","12":"outofstock","13":"purchasable","14":"product-type-simple"},"supplier_id":null,"supplier_sku":"Rreed-05","barcode":null,"atum_controlled":true,"out_stock_date":"2026-04-25 16:30:34","out_stock_threshold":null,"inheritable":false,"inbound_stock":null,"stock_on_hold":0,"sold_today":0,"sales_last_days":0,"reserved_stock":null,"customer_returns":null,"warehouse_damage":null,"lost_in_post":null,"other_logs":null,"out_stock_days":0,"lost_sales":0,"has_location":null,"update_date":"2026-04-27T07:19:52","atum_locations":[],"atum_stock_status":"outofstock","restock_status":false,"low_stock_amount":"","sales_update_date":"2026-01-30T01:25:41","calc_backorders":null,"_links":{"self":[{"href":"https:\/\/aromasentia.com\/da\/wp-json\/wp\/v2\/product\/197642","targetHints":{"allow":["GET"]}}],"collection":[{"href":"https:\/\/aromasentia.com\/da\/wp-json\/wp\/v2\/product"}],"about":[{"href":"https:\/\/aromasentia.com\/da\/wp-json\/wp\/v2\/types\/product"}],"replies":[{"embeddable":true,"href":"https:\/\/aromasentia.com\/da\/wp-json\/wp\/v2\/comments?post=197642"}],"version-history":[{"count":0,"href":"https:\/\/aromasentia.com\/da\/wp-json\/wp\/v2\/product\/197642\/revisions"}],"wp:featuredmedia":[{"embeddable":true,"href":"https:\/\/aromasentia.com\/da\/wp-json\/wp\/v2\/media\/392109"}],"wp:attachment":[{"href":"https:\/\/aromasentia.com\/da\/wp-json\/wp\/v2\/media?parent=197642"}],"wp:term":[{"taxonomy":"product_brand","embeddable":true,"href":"https:\/\/aromasentia.com\/da\/wp-json\/wp\/v2\/product_brand?post=197642"},{"taxonomy":"product_cat","embeddable":true,"href":"https:\/\/aromasentia.com\/da\/wp-json\/wp\/v2\/product_cat?post=197642"},{"taxonomy":"product_tag","embeddable":true,"href":"https:\/\/aromasentia.com\/da\/wp-json\/wp\/v2\/product_tag?post=197642"}],"curies":[{"name":"wp","href":"https:\/\/api.w.org\/{rel}","templated":true}]}}