{"id":197641,"date":"2025-03-22T16:59:25","date_gmt":"2025-03-22T16:59:25","guid":{"rendered":"https:\/\/aromasentia.com\/product\/pack-of-2-5mm-indonesia-reed-diffuser-sticks-approx-100-sticks\/"},"modified":"2025-06-22T03:04:41","modified_gmt":"2025-06-22T03:04:41","slug":"pakke-med-25-mm-indonesiske-duftstaenger-ca-100-pinde","status":"publish","type":"product","link":"https:\/\/aromasentia.com\/da\/pakke-med-25-mm-indonesiske-duftstaenger-ca-100-pinde\/","title":{"rendered":"Pakke med 2,5 mm Indonesiske Duftst\u00e6nger &#8211; Ca. 100 Pinde"},"content":{"rendered":"<p>En sivdiffusor er en nem, effektiv og sikker m\u00e5de at sprede kontinuerlig duft i hele dit milj\u00f8. Ideel til zoner uden stearinlys som kontorer og kollegiev\u00e6relser eller hjem med sm\u00e5 b\u00f8rn.&nbsp;<\/p>\n<p>Mange kunder sp\u00f8rger efter reserveblade til deres diffusorer. Her har vi <strong>engrosssalg af bundter siv, der er ideelle til producenter eller til videresalg.&nbsp;<\/strong><\/p>\n<p>Reeds Diffuse sticks hj\u00e6lper de aromatiske olier med at blive absorberet op gennem de slanke siv og frigive aroma naturligt.<br style=\"color: rgb(114, 114, 114); font-family: Ubuntu, sans-serif; font-size: 16px; font-style: normal; font-variant-ligatures: normal; font-variant-caps: normal; font-weight: 400; letter-spacing: normal; orphans: 2; text-align: start; text-indent: 0px; text-transform: none; white-space: normal; widows: 2; word-spacing: 0px; -webkit-text-stroke-width: 0px; background-color: rgb(255, 255, 255); text-decoration-thickness: initial; text-decoration-style: initial; text-decoration-color: initial;\">R\u00f8rspredere er en meget popul\u00e6r gave og et godt alternativ til oliebr\u00e6ndere. Du vil m\u00e5ske ogs\u00e5 synes om <a href=\"https:\/\/aromasentia.com\/rdbot\"><strong>Diffusorflasker i engroshandel<\/strong><\/a><\/p>\n<p><strong><em>Pinde er 30,6 cm lange<\/em><\/strong><\/p>\n","protected":false},"excerpt":{"rendered":"<p>En sivdiffusor er en nem, effektiv og sikker m\u00e5de at sprede kontinuerlig duft i hele dit milj\u00f8. Ideel til zoner uden stearinlys som kontorer og kollegiev\u00e6relser eller hjem med sm\u00e5 b\u00f8rn.&nbsp; Mange kunder sp\u00f8rger efter reserveblade til deres diffusorer. Her har vi engrosssalg af bundter siv, der er ideelle til producenter eller til videresalg.&nbsp; Reeds [&hellip;]<\/p>\n","protected":false},"featured_media":391707,"comment_status":"closed","ping_status":"open","template":"","meta":{"_angie_page":false},"product_brand":[],"product_cat":[6176,6153],"product_tag":[],"class_list":{"0":"post-197641","1":"product","2":"type-product","3":"status-publish","4":"has-post-thumbnail","6":"product_cat-aroma-flasker-og-tilbehor","7":"product_cat-aromaterapi-og-rumdufte","8":"pa_collection-bulk-reed-diffusers-sticks-da","9":"pa_made-in-indonesien","11":"first","12":"instock","13":"purchasable","14":"product-type-simple"},"supplier_id":null,"supplier_sku":"Rreed-15","barcode":null,"atum_controlled":true,"out_stock_date":null,"out_stock_threshold":null,"inheritable":false,"inbound_stock":null,"stock_on_hold":0,"sold_today":0,"sales_last_days":0,"reserved_stock":null,"customer_returns":null,"warehouse_damage":null,"lost_in_post":null,"other_logs":null,"out_stock_days":0,"lost_sales":0,"has_location":null,"update_date":"2026-04-27T07:19:59","atum_locations":[],"atum_stock_status":"instock","restock_status":false,"low_stock_amount":"","sales_update_date":"2026-01-30T01:24:55","calc_backorders":null,"_links":{"self":[{"href":"https:\/\/aromasentia.com\/da\/wp-json\/wp\/v2\/product\/197641","targetHints":{"allow":["GET"]}}],"collection":[{"href":"https:\/\/aromasentia.com\/da\/wp-json\/wp\/v2\/product"}],"about":[{"href":"https:\/\/aromasentia.com\/da\/wp-json\/wp\/v2\/types\/product"}],"replies":[{"embeddable":true,"href":"https:\/\/aromasentia.com\/da\/wp-json\/wp\/v2\/comments?post=197641"}],"version-history":[{"count":0,"href":"https:\/\/aromasentia.com\/da\/wp-json\/wp\/v2\/product\/197641\/revisions"}],"wp:featuredmedia":[{"embeddable":true,"href":"https:\/\/aromasentia.com\/da\/wp-json\/wp\/v2\/media\/391707"}],"wp:attachment":[{"href":"https:\/\/aromasentia.com\/da\/wp-json\/wp\/v2\/media?parent=197641"}],"wp:term":[{"taxonomy":"product_brand","embeddable":true,"href":"https:\/\/aromasentia.com\/da\/wp-json\/wp\/v2\/product_brand?post=197641"},{"taxonomy":"product_cat","embeddable":true,"href":"https:\/\/aromasentia.com\/da\/wp-json\/wp\/v2\/product_cat?post=197641"},{"taxonomy":"product_tag","embeddable":true,"href":"https:\/\/aromasentia.com\/da\/wp-json\/wp\/v2\/product_tag?post=197641"}],"curies":[{"name":"wp","href":"https:\/\/api.w.org\/{rel}","templated":true}]}}