{"id":197640,"date":"2025-03-22T16:59:25","date_gmt":"2025-03-22T16:59:25","guid":{"rendered":"https:\/\/aromasentia.com\/product\/black-reed-diffuser-sticks-25cm-x-3mm-500gms\/"},"modified":"2025-06-22T03:04:40","modified_gmt":"2025-06-22T03:04:40","slug":"sorte-duftstaenger-25-cm-x-3-mm-500g","status":"publish","type":"product","link":"https:\/\/aromasentia.com\/da\/sorte-duftstaenger-25-cm-x-3-mm-500g\/","title":{"rendered":"Sorte Duftst\u00e6nger &#8211; 25 cm X 3 mm &#8211; 500g"},"content":{"rendered":"<p><strong>Black Reed Diffuser,<\/strong> Reed Diffuses er nemme at s\u00e6lge &#8230; Med en Reed Diffuse f\u00e5r du ingen r\u00f8g, dryppende voks eller angst for br\u00e6ndende stearinlys, s\u00e5 sivdiffusorer er ideelle til brug omkring b\u00f8rn eller dyr.<\/p>\n<p>Her har vi et <strong>engrosssalg af 500 g 3 mm sivdiffusorer&nbsp;<\/strong>(ca. 500), som du kan s\u00e6lge pr. bundt eller med h\u00f8j fortjeneste pr. pind.<\/p>\n<p>R\u00f8rblade er en meget popul\u00e6r gave og et godt alternativ til oliebr\u00e6ndere.<\/p>\n<p>Bem\u00e6rk: Disse r\u00f8rblade er blevet farvet. Hvis du bruger din egen olie, skal du teste, om olien opl\u00f8ser farven.<\/p>\n<p>God v\u00e6rdi, s\u00e5 du har nok margin til at give rabat p\u00e5 de st\u00f8rre ordrer. En uundv\u00e6rlig vare til din gavebutik, og hvis du s\u00e6lger diffusorer, b\u00f8r du absolut overveje at have dem p\u00e5 lager.<\/p>\n<p><strong>S\u00e5 tilf\u00f8j et par ekstra salg til din butik, og bestil i dag.<span class=\"fr-emoticon fr-deletable fr-emoticon-img\" style=\"background: url(https:\/\/cdnjs.cloudflare.com\/ajax\/libs\/emojione\/2.0.1\/assets\/svg\/1f600.svg);\">&nbsp;<\/span>&nbsp;<\/strong><\/p>\n","protected":false},"excerpt":{"rendered":"<p>Black Reed Diffuser, Reed Diffuses er nemme at s\u00e6lge &#8230; Med en Reed Diffuse f\u00e5r du ingen r\u00f8g, dryppende voks eller angst for br\u00e6ndende stearinlys, s\u00e5 sivdiffusorer er ideelle til brug omkring b\u00f8rn eller dyr. Her har vi et engrosssalg af 500 g 3 mm sivdiffusorer&nbsp;(ca. 500), som du kan s\u00e6lge pr. bundt eller med [&hellip;]<\/p>\n","protected":false},"featured_media":391674,"comment_status":"closed","ping_status":"open","template":"","meta":{"_angie_page":false},"product_brand":[],"product_cat":[6176,6153],"product_tag":[],"class_list":{"0":"post-197640","1":"product","2":"type-product","3":"status-publish","4":"has-post-thumbnail","6":"product_cat-aroma-flasker-og-tilbehor","7":"product_cat-aromaterapi-og-rumdufte","8":"pa_collection-bulk-reed-diffusers-sticks-da","9":"pa_made-in-indonesien","10":"pa_size-500g","12":"first","13":"instock","14":"purchasable","15":"product-type-simple"},"supplier_id":null,"supplier_sku":"Rreed-07","barcode":null,"atum_controlled":true,"out_stock_date":null,"out_stock_threshold":null,"inheritable":false,"inbound_stock":null,"stock_on_hold":0,"sold_today":0,"sales_last_days":0,"reserved_stock":null,"customer_returns":null,"warehouse_damage":null,"lost_in_post":null,"other_logs":null,"out_stock_days":0,"lost_sales":0,"has_location":null,"update_date":"2026-04-27T07:19:52","atum_locations":[],"atum_stock_status":"instock","restock_status":false,"low_stock_amount":"","sales_update_date":"2025-09-03T00:14:29","calc_backorders":null,"_links":{"self":[{"href":"https:\/\/aromasentia.com\/da\/wp-json\/wp\/v2\/product\/197640","targetHints":{"allow":["GET"]}}],"collection":[{"href":"https:\/\/aromasentia.com\/da\/wp-json\/wp\/v2\/product"}],"about":[{"href":"https:\/\/aromasentia.com\/da\/wp-json\/wp\/v2\/types\/product"}],"replies":[{"embeddable":true,"href":"https:\/\/aromasentia.com\/da\/wp-json\/wp\/v2\/comments?post=197640"}],"version-history":[{"count":0,"href":"https:\/\/aromasentia.com\/da\/wp-json\/wp\/v2\/product\/197640\/revisions"}],"wp:featuredmedia":[{"embeddable":true,"href":"https:\/\/aromasentia.com\/da\/wp-json\/wp\/v2\/media\/391674"}],"wp:attachment":[{"href":"https:\/\/aromasentia.com\/da\/wp-json\/wp\/v2\/media?parent=197640"}],"wp:term":[{"taxonomy":"product_brand","embeddable":true,"href":"https:\/\/aromasentia.com\/da\/wp-json\/wp\/v2\/product_brand?post=197640"},{"taxonomy":"product_cat","embeddable":true,"href":"https:\/\/aromasentia.com\/da\/wp-json\/wp\/v2\/product_cat?post=197640"},{"taxonomy":"product_tag","embeddable":true,"href":"https:\/\/aromasentia.com\/da\/wp-json\/wp\/v2\/product_tag?post=197640"}],"curies":[{"name":"wp","href":"https:\/\/api.w.org\/{rel}","templated":true}]}}