{"id":197639,"date":"2025-03-22T16:59:25","date_gmt":"2025-03-22T16:59:25","guid":{"rendered":"https:\/\/aromasentia.com\/product\/pack-of-2mm-indonesia-reed-diffuser-sticks-approx-100-sticks\/"},"modified":"2025-06-22T03:04:40","modified_gmt":"2025-06-22T03:04:40","slug":"pakke-med-2-mm-indonesiske-duftstaenger-ca-100-pinde","status":"publish","type":"product","link":"https:\/\/aromasentia.com\/da\/pakke-med-2-mm-indonesiske-duftstaenger-ca-100-pinde\/","title":{"rendered":"Pakke med 2 mm Indonesiske Duftst\u00e6nger &#8211; Ca. 100 Pinde"},"content":{"rendered":"<p>Reed Diffuses er nemme at s\u00e6lge &#8230; Med en Reed Diffuse f\u00e5r du ingen r\u00f8g, dryppende voks eller angst for br\u00e6ndende stearinlys, s\u00e5 reed diffusers er ideelle til brug omkring b\u00f8rn eller dyr.<\/p>\n<p>Lad de aromatiske olier blive absorberet op gennem de slanke siv og frigive aroma naturligt.<\/p>\n<p>Reed diffusers er en meget popul\u00e6r gave og et godt alternativ til oliebr\u00e6ndere.<\/p>\n","protected":false},"excerpt":{"rendered":"<p>Reed Diffuses er nemme at s\u00e6lge &#8230; Med en Reed Diffuse f\u00e5r du ingen r\u00f8g, dryppende voks eller angst for br\u00e6ndende stearinlys, s\u00e5 reed diffusers er ideelle til brug omkring b\u00f8rn eller dyr. Lad de aromatiske olier blive absorberet op gennem de slanke siv og frigive aroma naturligt. Reed diffusers er en meget popul\u00e6r gave [&hellip;]<\/p>\n","protected":false},"featured_media":391633,"comment_status":"closed","ping_status":"open","template":"","meta":{"_angie_page":false},"product_brand":[],"product_cat":[6176,6153],"product_tag":[],"class_list":{"0":"post-197639","1":"product","2":"type-product","3":"status-publish","4":"has-post-thumbnail","6":"product_cat-aroma-flasker-og-tilbehor","7":"product_cat-aromaterapi-og-rumdufte","8":"pa_collection-bulk-reed-diffusers-sticks-da","9":"pa_made-in-indonesien","11":"first","12":"outofstock","13":"purchasable","14":"product-type-simple"},"supplier_id":null,"supplier_sku":"Rreed-04","barcode":null,"atum_controlled":true,"out_stock_date":"2025-09-05 14:05:37","out_stock_threshold":null,"inheritable":false,"inbound_stock":null,"stock_on_hold":0,"sold_today":0,"sales_last_days":0,"reserved_stock":null,"customer_returns":null,"warehouse_damage":null,"lost_in_post":null,"other_logs":null,"out_stock_days":0,"lost_sales":0,"has_location":null,"update_date":"2026-04-27T07:19:52","atum_locations":[],"atum_stock_status":"outofstock","restock_status":false,"low_stock_amount":"","sales_update_date":"2025-09-03T00:21:37","calc_backorders":null,"_links":{"self":[{"href":"https:\/\/aromasentia.com\/da\/wp-json\/wp\/v2\/product\/197639","targetHints":{"allow":["GET"]}}],"collection":[{"href":"https:\/\/aromasentia.com\/da\/wp-json\/wp\/v2\/product"}],"about":[{"href":"https:\/\/aromasentia.com\/da\/wp-json\/wp\/v2\/types\/product"}],"replies":[{"embeddable":true,"href":"https:\/\/aromasentia.com\/da\/wp-json\/wp\/v2\/comments?post=197639"}],"version-history":[{"count":0,"href":"https:\/\/aromasentia.com\/da\/wp-json\/wp\/v2\/product\/197639\/revisions"}],"wp:featuredmedia":[{"embeddable":true,"href":"https:\/\/aromasentia.com\/da\/wp-json\/wp\/v2\/media\/391633"}],"wp:attachment":[{"href":"https:\/\/aromasentia.com\/da\/wp-json\/wp\/v2\/media?parent=197639"}],"wp:term":[{"taxonomy":"product_brand","embeddable":true,"href":"https:\/\/aromasentia.com\/da\/wp-json\/wp\/v2\/product_brand?post=197639"},{"taxonomy":"product_cat","embeddable":true,"href":"https:\/\/aromasentia.com\/da\/wp-json\/wp\/v2\/product_cat?post=197639"},{"taxonomy":"product_tag","embeddable":true,"href":"https:\/\/aromasentia.com\/da\/wp-json\/wp\/v2\/product_tag?post=197639"}],"curies":[{"name":"wp","href":"https:\/\/api.w.org\/{rel}","templated":true}]}}