{"id":197636,"date":"2025-03-22T16:59:25","date_gmt":"2025-03-22T16:59:25","guid":{"rendered":"https:\/\/aromasentia.com\/product\/natural-reed-diffuser-sticks-25cm-x-3mm-500gms\/"},"modified":"2025-06-22T03:04:39","modified_gmt":"2025-06-22T03:04:39","slug":"naturlige-duftstaenger-25-cm-x-3-mm-500g","status":"publish","type":"product","link":"https:\/\/aromasentia.com\/da\/naturlige-duftstaenger-25-cm-x-3-mm-500g\/","title":{"rendered":"Naturlige Duftst\u00e6nger &#8211; 25 cm X 3 mm &#8211; 500g"},"content":{"rendered":"<p>En r\u00f8rdiffuser er en nem, effektiv og sikker m\u00e5de at sprede en kontinuerlig duft i dine omgivelser. Ideel til omr\u00e5der uden stearinlys, som kontorer og kollegiev\u00e6relser eller hjem med sm\u00e5 b\u00f8rn, lavet til <strong>Aroma Sentia<\/strong>.<\/p>\n<p>Mange mennesker beder om ekstra r\u00f8r til deres diffusere.<\/p>\n<p>Med en r\u00f8rdiffuser f\u00e5r du ingen r\u00f8g, dryppende voks eller angst for br\u00e6ndende stearinlys, s\u00e5 r\u00f8rdiffusere er ideelle til brug omkring b\u00f8rn eller dyr.<\/p>\n<p>Lad de aromatiske olier absorberes op gennem de slanke r\u00f8r og frigiv aromaen naturligt. R\u00f8rdiffusere er en meget popul\u00e6r gave og et godt alternativ til oliebr\u00e6ndere.<\/p>\n<p><strong>N\u00e5r dine r\u00f8r har brug for mange r\u00f8r.<\/strong><\/p>\n","protected":false},"excerpt":{"rendered":"<p>En r\u00f8rdiffuser er en nem, effektiv og sikker m\u00e5de at sprede en kontinuerlig duft i dine omgivelser. Ideel til omr\u00e5der uden stearinlys, som kontorer og kollegiev\u00e6relser eller hjem med sm\u00e5 b\u00f8rn, lavet til Aroma Sentia. Mange mennesker beder om ekstra r\u00f8r til deres diffusere. Med en r\u00f8rdiffuser f\u00e5r du ingen r\u00f8g, dryppende voks eller angst [&hellip;]<\/p>\n","protected":false},"featured_media":391558,"comment_status":"closed","ping_status":"open","template":"","meta":{"_angie_page":false},"product_brand":[],"product_cat":[6176,6153],"product_tag":[],"class_list":{"0":"post-197636","1":"product","2":"type-product","3":"status-publish","4":"has-post-thumbnail","6":"product_cat-aroma-flasker-og-tilbehor","7":"product_cat-aromaterapi-og-rumdufte","8":"pa_collection-bulk-reed-diffusers-sticks-da","9":"pa_made-in-indonesien","10":"pa_size-500g","12":"first","13":"instock","14":"purchasable","15":"product-type-simple"},"supplier_id":null,"supplier_sku":"Rreed-12","barcode":null,"atum_controlled":true,"out_stock_date":null,"out_stock_threshold":null,"inheritable":false,"inbound_stock":null,"stock_on_hold":0,"sold_today":0,"sales_last_days":0,"reserved_stock":null,"customer_returns":null,"warehouse_damage":null,"lost_in_post":null,"other_logs":null,"out_stock_days":0,"lost_sales":0,"has_location":null,"update_date":"2026-04-27T07:19:52","atum_locations":[],"atum_stock_status":"instock","restock_status":false,"low_stock_amount":"","sales_update_date":"2026-01-30T01:24:50","calc_backorders":null,"_links":{"self":[{"href":"https:\/\/aromasentia.com\/da\/wp-json\/wp\/v2\/product\/197636","targetHints":{"allow":["GET"]}}],"collection":[{"href":"https:\/\/aromasentia.com\/da\/wp-json\/wp\/v2\/product"}],"about":[{"href":"https:\/\/aromasentia.com\/da\/wp-json\/wp\/v2\/types\/product"}],"replies":[{"embeddable":true,"href":"https:\/\/aromasentia.com\/da\/wp-json\/wp\/v2\/comments?post=197636"}],"version-history":[{"count":0,"href":"https:\/\/aromasentia.com\/da\/wp-json\/wp\/v2\/product\/197636\/revisions"}],"wp:featuredmedia":[{"embeddable":true,"href":"https:\/\/aromasentia.com\/da\/wp-json\/wp\/v2\/media\/391558"}],"wp:attachment":[{"href":"https:\/\/aromasentia.com\/da\/wp-json\/wp\/v2\/media?parent=197636"}],"wp:term":[{"taxonomy":"product_brand","embeddable":true,"href":"https:\/\/aromasentia.com\/da\/wp-json\/wp\/v2\/product_brand?post=197636"},{"taxonomy":"product_cat","embeddable":true,"href":"https:\/\/aromasentia.com\/da\/wp-json\/wp\/v2\/product_cat?post=197636"},{"taxonomy":"product_tag","embeddable":true,"href":"https:\/\/aromasentia.com\/da\/wp-json\/wp\/v2\/product_tag?post=197636"}],"curies":[{"name":"wp","href":"https:\/\/api.w.org\/{rel}","templated":true}]}}