{"id":197629,"date":"2025-03-22T16:59:25","date_gmt":"2025-03-22T16:59:25","guid":{"rendered":"https:\/\/aromasentia.com\/product\/120ml-reed-diffuser-gold-frankincense-myrrh\/"},"modified":"2025-06-22T03:04:36","modified_gmt":"2025-06-22T03:04:36","slug":"120ml-sivdiffusor-guld-roegelse-og-myrra","status":"publish","type":"product","link":"https:\/\/aromasentia.com\/da\/120ml-sivdiffusor-guld-roegelse-og-myrra\/","title":{"rendered":"120ml Sivdiffusor &#8211; Guld, R\u00f8gelse Og myrra"},"content":{"rendered":"<p>S\u00f8d, men jordagtig, denne majest\u00e6tiske blanding af<strong>Guld, Frankincense &#038; Myrra<\/strong>duft vil f\u00e5 dine kunder til at nyde dens duftende aroma. Frankincenses fyrretr\u00e6s- og citronduft kombineret med den jordagtige duft af myrra skaber en overd\u00e5dig, subtil duft, der vil give dine kunders hjem en duft i op til 12 uger.<\/p>\n<p><strong>Duftdiffusere til hjemmet<\/strong> er en ekstremt popul\u00e6r essentiel ting til hjemmet, der har tendens til at blive genk\u00f8bt regelm\u00e6ssigt, samt at v\u00e6re en yderst popul\u00e6r gave, hvilket g\u00f8r den til en s\u00e5 god s\u00e6lger \u00e5ret rundt. Denne diffuser leveres endda klar til salg i sin elegante og i\u00f8jnefaldende emballage.<\/p>\n<p>Fjern al emballage f\u00f8r brug. Du skal blot \u00e5bne l\u00e5get, fjerne proppen, og placere de indonesiske rottingpinde i halsen. N\u00e5r r\u00f8rene har absorberet olien, kan du eventuelt vende dem og s\u00e6tte dem tilbage i glaskrukken med den oliegennembl\u00f8dte ende blottet for en hurtigere frigivelse af duften.<\/p>\n","protected":false},"excerpt":{"rendered":"<p>S\u00f8d, men jordagtig, denne majest\u00e6tiske blanding afGuld, Frankincense &#038; Myrraduft vil f\u00e5 dine kunder til at nyde dens duftende aroma. Frankincenses fyrretr\u00e6s- og citronduft kombineret med den jordagtige duft af myrra skaber en overd\u00e5dig, subtil duft, der vil give dine kunders hjem en duft i op til 12 uger. Duftdiffusere til hjemmet er en ekstremt [&hellip;]<\/p>\n","protected":false},"featured_media":391319,"comment_status":"closed","ping_status":"open","template":"","meta":{"_angie_page":false},"product_brand":[],"product_cat":[6169,25839,6170,26879,25968,25947],"product_tag":[],"class_list":{"0":"post-197629","1":"product","2":"type-product","3":"status-publish","4":"has-post-thumbnail","6":"product_cat-aromalamper-aromadiffusere-og-duftstaenger","7":"product_cat-dufte-aromaer","8":"product_cat-duftstaenger-duftfrisker","9":"product_cat-harpiksagtig-balsamisk","10":"product_cat-myrrh","11":"product_cat-rogelse","12":"pa_collection-reed-diffusers-home-fragrance-reed-diffusers-120ml-da","13":"pa_made-in-storbritannien","15":"first","16":"instock","17":"purchasable","18":"product-type-simple"},"supplier_id":null,"supplier_sku":"RDHF-12","barcode":null,"atum_controlled":true,"out_stock_date":null,"out_stock_threshold":null,"inheritable":false,"inbound_stock":null,"stock_on_hold":0,"sold_today":0,"sales_last_days":0,"reserved_stock":null,"customer_returns":null,"warehouse_damage":null,"lost_in_post":null,"other_logs":null,"out_stock_days":0,"lost_sales":0,"has_location":null,"update_date":"2026-04-27T07:19:28","atum_locations":[],"atum_stock_status":"instock","restock_status":false,"low_stock_amount":"","sales_update_date":"2025-09-03T00:21:36","calc_backorders":null,"_links":{"self":[{"href":"https:\/\/aromasentia.com\/da\/wp-json\/wp\/v2\/product\/197629","targetHints":{"allow":["GET"]}}],"collection":[{"href":"https:\/\/aromasentia.com\/da\/wp-json\/wp\/v2\/product"}],"about":[{"href":"https:\/\/aromasentia.com\/da\/wp-json\/wp\/v2\/types\/product"}],"replies":[{"embeddable":true,"href":"https:\/\/aromasentia.com\/da\/wp-json\/wp\/v2\/comments?post=197629"}],"version-history":[{"count":0,"href":"https:\/\/aromasentia.com\/da\/wp-json\/wp\/v2\/product\/197629\/revisions"}],"wp:featuredmedia":[{"embeddable":true,"href":"https:\/\/aromasentia.com\/da\/wp-json\/wp\/v2\/media\/391319"}],"wp:attachment":[{"href":"https:\/\/aromasentia.com\/da\/wp-json\/wp\/v2\/media?parent=197629"}],"wp:term":[{"taxonomy":"product_brand","embeddable":true,"href":"https:\/\/aromasentia.com\/da\/wp-json\/wp\/v2\/product_brand?post=197629"},{"taxonomy":"product_cat","embeddable":true,"href":"https:\/\/aromasentia.com\/da\/wp-json\/wp\/v2\/product_cat?post=197629"},{"taxonomy":"product_tag","embeddable":true,"href":"https:\/\/aromasentia.com\/da\/wp-json\/wp\/v2\/product_tag?post=197629"}],"curies":[{"name":"wp","href":"https:\/\/api.w.org\/{rel}","templated":true}]}}