{"id":197623,"date":"2025-03-22T16:59:25","date_gmt":"2025-03-22T16:59:25","guid":{"rendered":"https:\/\/aromasentia.com\/product\/120ml-reed-diffuser-orange-melon\/"},"modified":"2025-06-22T03:04:34","modified_gmt":"2025-06-22T03:04:34","slug":"orange-melon-duftstaenger-120ml","status":"publish","type":"product","link":"https:\/\/aromasentia.com\/da\/orange-melon-duftstaenger-120ml\/","title":{"rendered":"Orange &#038; melon Duftst\u00e6nger 120ml"},"content":{"rendered":"<p>Denne majest\u00e6tiske blanding af <strong>appelsin- og melon<\/strong>duft er forfriskende og lys og vil f\u00e5 dine kunder til at sole sig p\u00e5 en tropisk \u00f8 med en frugtcocktail i h\u00e5nden, mens de nyder det varme vejr. Den citrusagtige duft af appelsin og den friske duft af melon skaber tilsammen en dejlig, opl\u00f8ftende duft, der vil f\u00e5 dine kunders hjem til at dufte fantastisk i op til 12 uger.<\/p>\n<p><strong>Duftdiffusere til hjemmet<\/strong> er en ekstremt popul\u00e6r essentiel ting til hjemmet, der ofte genk\u00f8bes, og de er ogs\u00e5 en meget popul\u00e6r gave, hvilket g\u00f8r den til en s\u00e5 succesfuld s\u00e6lger \u00e5ret rundt. Denne diffuser leveres endda klar til salg i sin elegante og i\u00f8jnefaldende emballage.<\/p>\n<p>Fjern al emballage f\u00f8r brug. Du skal blot \u00e5bne l\u00e5get, fjerne proppen, og placere de indonesiske rottingpinde i halsen. N\u00e5r r\u00f8rene har absorberet olien, kan du eventuelt vende dem og s\u00e6tte dem tilbage i glaskrukken med den oliegennembl\u00f8dte ende blottet for en hurtigere frigivelse af duften.<\/p>\n","protected":false},"excerpt":{"rendered":"<p>Denne majest\u00e6tiske blanding af appelsin- og melonduft er forfriskende og lys og vil f\u00e5 dine kunder til at sole sig p\u00e5 en tropisk \u00f8 med en frugtcocktail i h\u00e5nden, mens de nyder det varme vejr. Den citrusagtige duft af appelsin og den friske duft af melon skaber tilsammen en dejlig, opl\u00f8ftende duft, der vil f\u00e5 [&hellip;]<\/p>\n","protected":false},"featured_media":391073,"comment_status":"closed","ping_status":"open","template":"","meta":[],"product_brand":[],"product_cat":[25972,6169,26816,25839,6170,26844,26456],"product_tag":[],"class_list":{"0":"post-197623","1":"product","2":"type-product","3":"status-publish","4":"has-post-thumbnail","6":"product_cat-appelsin","7":"product_cat-aromalamper-aromadiffusere-og-duftstaenger","8":"product_cat-citrus","9":"product_cat-dufte-aromaer","10":"product_cat-duftstaenger-duftfrisker","11":"product_cat-frugtagtig","12":"product_cat-melon","13":"pa_collection-reed-diffusers-home-fragrance-reed-diffusers-120ml-da","14":"pa_made-in-storbritannien","16":"first","17":"instock","18":"purchasable","19":"product-type-simple"},"supplier_id":null,"supplier_sku":"RDHF-06","barcode":null,"atum_controlled":true,"out_stock_date":null,"out_stock_threshold":null,"inheritable":false,"inbound_stock":null,"stock_on_hold":0,"sold_today":0,"sales_last_days":0,"reserved_stock":null,"customer_returns":null,"warehouse_damage":null,"lost_in_post":null,"other_logs":null,"out_stock_days":0,"lost_sales":0,"has_location":null,"update_date":"2026-02-06T00:01:56","atum_locations":[],"atum_stock_status":"instock","restock_status":false,"low_stock_amount":"","sales_update_date":"2026-02-06T00:01:56","calc_backorders":null,"_links":{"self":[{"href":"https:\/\/aromasentia.com\/da\/wp-json\/wp\/v2\/product\/197623","targetHints":{"allow":["GET"]}}],"collection":[{"href":"https:\/\/aromasentia.com\/da\/wp-json\/wp\/v2\/product"}],"about":[{"href":"https:\/\/aromasentia.com\/da\/wp-json\/wp\/v2\/types\/product"}],"replies":[{"embeddable":true,"href":"https:\/\/aromasentia.com\/da\/wp-json\/wp\/v2\/comments?post=197623"}],"version-history":[{"count":0,"href":"https:\/\/aromasentia.com\/da\/wp-json\/wp\/v2\/product\/197623\/revisions"}],"wp:featuredmedia":[{"embeddable":true,"href":"https:\/\/aromasentia.com\/da\/wp-json\/wp\/v2\/media\/391073"}],"wp:attachment":[{"href":"https:\/\/aromasentia.com\/da\/wp-json\/wp\/v2\/media?parent=197623"}],"wp:term":[{"taxonomy":"product_brand","embeddable":true,"href":"https:\/\/aromasentia.com\/da\/wp-json\/wp\/v2\/product_brand?post=197623"},{"taxonomy":"product_cat","embeddable":true,"href":"https:\/\/aromasentia.com\/da\/wp-json\/wp\/v2\/product_cat?post=197623"},{"taxonomy":"product_tag","embeddable":true,"href":"https:\/\/aromasentia.com\/da\/wp-json\/wp\/v2\/product_tag?post=197623"}],"curies":[{"name":"wp","href":"https:\/\/api.w.org\/{rel}","templated":true}]}}