{"id":197621,"date":"2025-03-22T16:59:25","date_gmt":"2025-03-22T16:59:25","guid":{"rendered":"https:\/\/aromasentia.com\/product\/120ml-reed-diffuser-gooseberry-white-tea\/"},"modified":"2025-06-22T03:04:31","modified_gmt":"2025-06-22T03:04:31","slug":"stikkelsbaer-hvid-te-duftstaenger-120ml","status":"publish","type":"product","link":"https:\/\/aromasentia.com\/da\/stikkelsbaer-hvid-te-duftstaenger-120ml\/","title":{"rendered":"Stikkelsb\u00e6r &#038; Hvid Te Duftst\u00e6nger 120ml"},"content":{"rendered":"<p>Syrlig, men let, denne majest\u00e6tiske blanding af<strong>&nbsp;stikkelsb\u00e6r &amp; hvid te&nbsp;<\/strong>dufte vil f\u00e5 dine kunders hjem til at dufte friskt og aromatisk. Den frugtagtige duft af stikkelsb\u00e6r kombineret med den renhed og subtile duft af hvid te skaber en dejlig beroligende og lys duft, der vil f\u00e5 dine kunders hjem til at dufte fantastisk i op til 12 uger.<\/p>\n<p><strong>Duftdiffusere til hjemmet<\/strong> er en ekstremt popul\u00e6r essentiel ting til hjemmet, der har tendens til at blive genk\u00f8bt regelm\u00e6ssigt, samt at v\u00e6re en meget popul\u00e6r gave, hvilket g\u00f8r den til en s\u00e5 god s\u00e6lger \u00e5ret rundt. Denne diffuser leveres endda klar til salg i sin elegante og i\u00f8jnefaldende emballage.<\/p>\n<p>Fjern al emballage f\u00f8r brug. \u00c5bn blot l\u00e5get, fjern proppen, og placer de indonesiske rottingpinde i halsen. N\u00e5r r\u00f8rene har absorberet olien, kan du eventuelt vende dem om og s\u00e6tte dem tilbage i glaskrukken med den oliegennembl\u00f8dte ende blottet for en hurtigere frigivelse af duften.<\/p>\n","protected":false},"excerpt":{"rendered":"<p>Syrlig, men let, denne majest\u00e6tiske blanding af&nbsp;stikkelsb\u00e6r &amp; hvid te&nbsp;dufte vil f\u00e5 dine kunders hjem til at dufte friskt og aromatisk. Den frugtagtige duft af stikkelsb\u00e6r kombineret med den renhed og subtile duft af hvid te skaber en dejlig beroligende og lys duft, der vil f\u00e5 dine kunders hjem til at dufte fantastisk i op [&hellip;]<\/p>\n","protected":false},"featured_media":390991,"comment_status":"closed","ping_status":"open","template":"","meta":{"_angie_page":false},"product_brand":[],"product_cat":[6169,6170],"product_tag":[],"class_list":{"0":"post-197621","1":"product","2":"type-product","3":"status-publish","4":"has-post-thumbnail","6":"product_cat-aromalamper-aromadiffusere-og-duftstaenger","7":"product_cat-duftstaenger-duftfrisker","8":"pa_collection-reed-diffusers-home-fragrance-reed-diffusers-120ml-da","9":"pa_made-in-storbritannien","11":"first","12":"instock","13":"purchasable","14":"product-type-simple"},"supplier_id":null,"supplier_sku":"RDHF-04","barcode":null,"atum_controlled":true,"out_stock_date":null,"out_stock_threshold":null,"inheritable":false,"inbound_stock":null,"stock_on_hold":0,"sold_today":0,"sales_last_days":0,"reserved_stock":null,"customer_returns":null,"warehouse_damage":null,"lost_in_post":null,"other_logs":null,"out_stock_days":0,"lost_sales":0,"has_location":null,"update_date":"2026-04-27T07:19:22","atum_locations":[],"atum_stock_status":"instock","restock_status":false,"low_stock_amount":"","sales_update_date":"2026-02-06T00:01:37","calc_backorders":null,"_links":{"self":[{"href":"https:\/\/aromasentia.com\/da\/wp-json\/wp\/v2\/product\/197621","targetHints":{"allow":["GET"]}}],"collection":[{"href":"https:\/\/aromasentia.com\/da\/wp-json\/wp\/v2\/product"}],"about":[{"href":"https:\/\/aromasentia.com\/da\/wp-json\/wp\/v2\/types\/product"}],"replies":[{"embeddable":true,"href":"https:\/\/aromasentia.com\/da\/wp-json\/wp\/v2\/comments?post=197621"}],"version-history":[{"count":0,"href":"https:\/\/aromasentia.com\/da\/wp-json\/wp\/v2\/product\/197621\/revisions"}],"wp:featuredmedia":[{"embeddable":true,"href":"https:\/\/aromasentia.com\/da\/wp-json\/wp\/v2\/media\/390991"}],"wp:attachment":[{"href":"https:\/\/aromasentia.com\/da\/wp-json\/wp\/v2\/media?parent=197621"}],"wp:term":[{"taxonomy":"product_brand","embeddable":true,"href":"https:\/\/aromasentia.com\/da\/wp-json\/wp\/v2\/product_brand?post=197621"},{"taxonomy":"product_cat","embeddable":true,"href":"https:\/\/aromasentia.com\/da\/wp-json\/wp\/v2\/product_cat?post=197621"},{"taxonomy":"product_tag","embeddable":true,"href":"https:\/\/aromasentia.com\/da\/wp-json\/wp\/v2\/product_tag?post=197621"}],"curies":[{"name":"wp","href":"https:\/\/api.w.org\/{rel}","templated":true}]}}