{"id":197619,"date":"2025-03-22T16:59:25","date_gmt":"2025-03-22T16:59:25","guid":{"rendered":"https:\/\/aromasentia.com\/product\/120ml-reed-diffuser-in-cherry-woods\/"},"modified":"2025-06-22T03:04:30","modified_gmt":"2025-06-22T03:04:30","slug":"kirsebaerskoven-duftstaenger-120ml","status":"publish","type":"product","link":"https:\/\/aromasentia.com\/da\/kirsebaerskoven-duftstaenger-120ml\/","title":{"rendered":"Kirseb\u00e6rskoven Duftst\u00e6nger 120ml"},"content":{"rendered":"<p>B\u00e5de s\u00f8d og syrlig uden at v\u00e6re overv\u00e6ldende, denne majest\u00e6tiske blanding af kirseb\u00e6rdufte vil f\u00e5 dine kunder til at f\u00f8le, at de tager en rolig spadseretur gennem en <strong>kirseb\u00e6rskov<\/strong>. Den s\u00f8de duft af kirseb\u00e6r skaber en dejlig frugtagtig og karakteristisk duft, der vil f\u00e5 dine kunders hjem til at dufte fantastisk i op til 12 uger. &nbsp; &nbsp;<\/p>\n<p><strong>Duftdiffusere til hjemmet<\/strong> er en ekstremt popul\u00e6r essentiel ting til hjemmet, der har tendens til at blive genk\u00f8bt regelm\u00e6ssigt, samt at v\u00e6re en meget popul\u00e6r gave, hvilket g\u00f8r den til en s\u00e5 god s\u00e6lger \u00e5ret rundt. Denne diffuser leveres endda klar til salg i sin elegante og i\u00f8jnefaldende emballage.<\/p>\n<p>Fjern al emballage f\u00f8r brug. Du skal blot \u00e5bne l\u00e5get, fjerne proppen, og placere de indonesiske rottingpinde i halsen. N\u00e5r r\u00f8rene har absorberet olien, kan du eventuelt vende dem om og s\u00e6tte dem tilbage i glaskrukken med den oliegennembl\u00f8dte ende blottet for en hurtigere frigivelse af duften.<\/p>\n","protected":false},"excerpt":{"rendered":"<p>B\u00e5de s\u00f8d og syrlig uden at v\u00e6re overv\u00e6ldende, denne majest\u00e6tiske blanding af kirseb\u00e6rdufte vil f\u00e5 dine kunder til at f\u00f8le, at de tager en rolig spadseretur gennem en kirseb\u00e6rskov. Den s\u00f8de duft af kirseb\u00e6r skaber en dejlig frugtagtig og karakteristisk duft, der vil f\u00e5 dine kunders hjem til at dufte fantastisk i op til 12 [&hellip;]<\/p>\n","protected":false},"featured_media":390909,"comment_status":"closed","ping_status":"open","template":"","meta":[],"product_brand":[],"product_cat":[6169,6170],"product_tag":[],"class_list":{"0":"post-197619","1":"product","2":"type-product","3":"status-publish","4":"has-post-thumbnail","6":"product_cat-aromalamper-aromadiffusere-og-duftstaenger","7":"product_cat-duftstaenger-duftfrisker","8":"pa_collection-reed-diffusers-home-fragrance-reed-diffusers-120ml-da","9":"pa_made-in-storbritannien","11":"first","12":"instock","13":"purchasable","14":"product-type-simple"},"supplier_id":null,"supplier_sku":"RDHF-02","barcode":null,"atum_controlled":true,"out_stock_date":null,"out_stock_threshold":null,"inheritable":false,"inbound_stock":null,"stock_on_hold":0,"sold_today":0,"sales_last_days":0,"reserved_stock":null,"customer_returns":null,"warehouse_damage":null,"lost_in_post":null,"other_logs":null,"out_stock_days":17,"lost_sales":0,"has_location":null,"update_date":"2026-02-05T22:29:13","atum_locations":[],"atum_stock_status":"instock","restock_status":false,"low_stock_amount":"","sales_update_date":"2026-01-30T01:24:37","calc_backorders":null,"_links":{"self":[{"href":"https:\/\/aromasentia.com\/da\/wp-json\/wp\/v2\/product\/197619","targetHints":{"allow":["GET"]}}],"collection":[{"href":"https:\/\/aromasentia.com\/da\/wp-json\/wp\/v2\/product"}],"about":[{"href":"https:\/\/aromasentia.com\/da\/wp-json\/wp\/v2\/types\/product"}],"replies":[{"embeddable":true,"href":"https:\/\/aromasentia.com\/da\/wp-json\/wp\/v2\/comments?post=197619"}],"version-history":[{"count":0,"href":"https:\/\/aromasentia.com\/da\/wp-json\/wp\/v2\/product\/197619\/revisions"}],"wp:featuredmedia":[{"embeddable":true,"href":"https:\/\/aromasentia.com\/da\/wp-json\/wp\/v2\/media\/390909"}],"wp:attachment":[{"href":"https:\/\/aromasentia.com\/da\/wp-json\/wp\/v2\/media?parent=197619"}],"wp:term":[{"taxonomy":"product_brand","embeddable":true,"href":"https:\/\/aromasentia.com\/da\/wp-json\/wp\/v2\/product_brand?post=197619"},{"taxonomy":"product_cat","embeddable":true,"href":"https:\/\/aromasentia.com\/da\/wp-json\/wp\/v2\/product_cat?post=197619"},{"taxonomy":"product_tag","embeddable":true,"href":"https:\/\/aromasentia.com\/da\/wp-json\/wp\/v2\/product_tag?post=197619"}],"curies":[{"name":"wp","href":"https:\/\/api.w.org\/{rel}","templated":true}]}}