{"id":197618,"date":"2025-03-22T16:59:25","date_gmt":"2025-03-22T16:59:25","guid":{"rendered":"https:\/\/aromasentia.com\/product\/120ml-reed-diffuser-white-strawberry-blackberry\/"},"modified":"2025-06-22T03:04:30","modified_gmt":"2025-06-22T03:04:30","slug":"hvidt-jordbaer-og-brombaer-duftstaenger-120ml","status":"publish","type":"product","link":"https:\/\/aromasentia.com\/da\/hvidt-jordbaer-og-brombaer-duftstaenger-120ml\/","title":{"rendered":"Hvidt Jordb\u00e6r Og Bromb\u00e6r Duftst\u00e6nger 120ml"},"content":{"rendered":"<p>S\u00f8d uden at v\u00e6re klistret,<strong>Sweet Strawberry and Blackberry<\/strong><strong>Leaf<\/strong> duften vil f\u00e5 dig til at vandre gennem marker med sukkers\u00f8de violer, p\u00e6oner og jasmin, alle s\u00f8det med jordb\u00e6r, r\u00f8de \u00e6ble og bromb\u00e6rblade. Bl\u00f8dgjort af en base af vanilje og sandeltr\u00e6, indbyder denne lyse, men bl\u00f8de duft til k\u00f8lige n\u00e6tter og friske morgener og vil efterlade dine kunders hjem omgivet af de smukke accenter af aromaen, der kan vare op til 12 uger.<\/p>\n<p><strong>Hjemmeduftdiffusere<\/strong> er en ekstremt popul\u00e6r essentiel ting til hjemmet, der har tendens til at blive genk\u00f8bt regelm\u00e6ssigt, samt at v\u00e6re en yderst popul\u00e6r gave, hvilket g\u00f8r den til en s\u00e5 god s\u00e6lger \u00e5ret rundt. Denne diffuser leveres endda klar til salg i sin elegante og i\u00f8jnefaldende emballage.<\/p>\n<p>Fjern al emballage f\u00f8r brug. Du skal blot \u00e5bne l\u00e5get, fjerne proppen og placere de indonesiske rottingpinde i halsen. N\u00e5r r\u00f8rbladene har absorberet olien, kan du eventuelt vende dem og s\u00e6tte dem tilbage i glaskrukken med den oliegennembl\u00f8dte ende blottet for en hurtigere frigivelse af duften.<\/p>\n<p><\/p>\n","protected":false},"excerpt":{"rendered":"<p>S\u00f8d uden at v\u00e6re klistret,Sweet Strawberry and BlackberryLeaf duften vil f\u00e5 dig til at vandre gennem marker med sukkers\u00f8de violer, p\u00e6oner og jasmin, alle s\u00f8det med jordb\u00e6r, r\u00f8de \u00e6ble og bromb\u00e6rblade. Bl\u00f8dgjort af en base af vanilje og sandeltr\u00e6, indbyder denne lyse, men bl\u00f8de duft til k\u00f8lige n\u00e6tter og friske morgener og vil efterlade dine [&hellip;]<\/p>\n","protected":false},"featured_media":390868,"comment_status":"closed","ping_status":"open","template":"","meta":[],"product_brand":[],"product_cat":[6169,26517,25839,6170,26844,26519],"product_tag":[],"class_list":{"0":"post-197618","1":"product","2":"type-product","3":"status-publish","4":"has-post-thumbnail","6":"product_cat-aromalamper-aromadiffusere-og-duftstaenger","7":"product_cat-brombaer","8":"product_cat-dufte-aromaer","9":"product_cat-duftstaenger-duftfrisker","10":"product_cat-frugtagtig","11":"product_cat-jordbaer","12":"pa_collection-reed-diffusers-home-fragrance-reed-diffusers-120ml-da","13":"pa_made-in-storbritannien","15":"first","16":"instock","17":"purchasable","18":"product-type-simple"},"supplier_id":null,"supplier_sku":"RDHF-01","barcode":null,"atum_controlled":true,"out_stock_date":null,"out_stock_threshold":null,"inheritable":false,"inbound_stock":null,"stock_on_hold":0,"sold_today":0,"sales_last_days":0,"reserved_stock":null,"customer_returns":null,"warehouse_damage":null,"lost_in_post":null,"other_logs":null,"out_stock_days":0,"lost_sales":0,"has_location":null,"update_date":"2026-02-05T22:38:58","atum_locations":[],"atum_stock_status":"instock","restock_status":false,"low_stock_amount":"","sales_update_date":"2025-09-03T00:21:34","calc_backorders":null,"_links":{"self":[{"href":"https:\/\/aromasentia.com\/da\/wp-json\/wp\/v2\/product\/197618","targetHints":{"allow":["GET"]}}],"collection":[{"href":"https:\/\/aromasentia.com\/da\/wp-json\/wp\/v2\/product"}],"about":[{"href":"https:\/\/aromasentia.com\/da\/wp-json\/wp\/v2\/types\/product"}],"replies":[{"embeddable":true,"href":"https:\/\/aromasentia.com\/da\/wp-json\/wp\/v2\/comments?post=197618"}],"version-history":[{"count":0,"href":"https:\/\/aromasentia.com\/da\/wp-json\/wp\/v2\/product\/197618\/revisions"}],"wp:featuredmedia":[{"embeddable":true,"href":"https:\/\/aromasentia.com\/da\/wp-json\/wp\/v2\/media\/390868"}],"wp:attachment":[{"href":"https:\/\/aromasentia.com\/da\/wp-json\/wp\/v2\/media?parent=197618"}],"wp:term":[{"taxonomy":"product_brand","embeddable":true,"href":"https:\/\/aromasentia.com\/da\/wp-json\/wp\/v2\/product_brand?post=197618"},{"taxonomy":"product_cat","embeddable":true,"href":"https:\/\/aromasentia.com\/da\/wp-json\/wp\/v2\/product_cat?post=197618"},{"taxonomy":"product_tag","embeddable":true,"href":"https:\/\/aromasentia.com\/da\/wp-json\/wp\/v2\/product_tag?post=197618"}],"curies":[{"name":"wp","href":"https:\/\/api.w.org\/{rel}","templated":true}]}}