{"id":197612,"date":"2025-03-22T16:59:25","date_gmt":"2025-03-22T16:59:25","guid":{"rendered":"https:\/\/aromasentia.com\/product\/200ml-sage-rosemary-essential-oil-reed-diffuser\/"},"modified":"2025-06-22T03:04:27","modified_gmt":"2025-06-22T03:04:27","slug":"salvie-og-rosmarin-aeterisk-olie-duftstaenger-200ml","status":"publish","type":"product","link":"https:\/\/aromasentia.com\/da\/salvie-og-rosmarin-aeterisk-olie-duftstaenger-200ml\/","title":{"rendered":"Salvie Og Rosmarin \u00c6terisk Olie Duftst\u00e6nger 200ml"},"content":{"rendered":"<p>De rene olier fra planter, urter og tr\u00e6er er blevet brugt i tusinder af \u00e5r til at forf\u00f8re, fortrylle og helbrede. Nu kan du frig\u00f8re den \u00e6ldgamle magi og kraft fra aromatiske olier i dit hjem.<\/p>\n<p>Denne smukke klassiske <strong>Sage &#038; Rosemary Essential Oil<\/strong><strong>Eed Diffuser<\/strong> indeholder kun naturlige \u00e6teriske olier (i en mineraloliebase) for at fortrylle og gl\u00e6de din familie og venner.<\/p>\n<p>Langsomt og delikat vil aromaen stige op langs pindene og fylde ethvert rum med en dejlig og \u00e6gte aromatisk duft. Aromaen kan vare i op til 12 uger.<\/p>\n<p>Fjern al emballage f\u00f8r brug. \u00c5bn blot l\u00e5get, fjern proppen og placer de indonesiske rottingpinde i halsen. N\u00e5r r\u00f8rene har absorberet olien, kan du eventuelt vende dem om og s\u00e6tte dem tilbage i glaskrukken med den oliegennembl\u00f8dte ende blottet for en hurtigere frigivelse af duften.<\/p>\n<p><strong>Vi h\u00e5ber, du nyder dit aromatiske eventyr!<\/strong><\/p>\n","protected":false},"excerpt":{"rendered":"<p>De rene olier fra planter, urter og tr\u00e6er er blevet brugt i tusinder af \u00e5r til at forf\u00f8re, fortrylle og helbrede. Nu kan du frig\u00f8re den \u00e6ldgamle magi og kraft fra aromatiske olier i dit hjem. Denne smukke klassiske Sage &#038; Rosemary Essential OilEed Diffuser indeholder kun naturlige \u00e6teriske olier (i en mineraloliebase) for at [&hellip;]<\/p>\n","protected":false},"featured_media":390662,"comment_status":"closed","ping_status":"open","template":"","meta":[],"product_brand":[],"product_cat":[6169,25839,6170,25987,26858],"product_tag":[],"class_list":{"0":"post-197612","1":"product","2":"type-product","3":"status-publish","4":"has-post-thumbnail","6":"product_cat-aromalamper-aromadiffusere-og-duftstaenger","7":"product_cat-dufte-aromaer","8":"product_cat-duftstaenger-duftfrisker","9":"product_cat-rosmarin","10":"product_cat-urte-aromatisk","11":"pa_collection-pure-essential-oils-reed-diffusers-da","12":"pa_made-in-storbritannien","13":"pa_size-200ml","15":"first","16":"instock","17":"purchasable","18":"product-type-simple"},"supplier_id":null,"supplier_sku":"RDEO-07","barcode":null,"atum_controlled":true,"out_stock_date":null,"out_stock_threshold":null,"inheritable":false,"inbound_stock":null,"stock_on_hold":0,"sold_today":0,"sales_last_days":0,"reserved_stock":null,"customer_returns":null,"warehouse_damage":null,"lost_in_post":null,"other_logs":null,"out_stock_days":0,"lost_sales":0,"has_location":null,"update_date":"2026-02-10T10:27:11","atum_locations":[],"atum_stock_status":"instock","restock_status":false,"low_stock_amount":"","sales_update_date":"2026-01-30T01:24:46","calc_backorders":null,"_links":{"self":[{"href":"https:\/\/aromasentia.com\/da\/wp-json\/wp\/v2\/product\/197612","targetHints":{"allow":["GET"]}}],"collection":[{"href":"https:\/\/aromasentia.com\/da\/wp-json\/wp\/v2\/product"}],"about":[{"href":"https:\/\/aromasentia.com\/da\/wp-json\/wp\/v2\/types\/product"}],"replies":[{"embeddable":true,"href":"https:\/\/aromasentia.com\/da\/wp-json\/wp\/v2\/comments?post=197612"}],"version-history":[{"count":0,"href":"https:\/\/aromasentia.com\/da\/wp-json\/wp\/v2\/product\/197612\/revisions"}],"wp:featuredmedia":[{"embeddable":true,"href":"https:\/\/aromasentia.com\/da\/wp-json\/wp\/v2\/media\/390662"}],"wp:attachment":[{"href":"https:\/\/aromasentia.com\/da\/wp-json\/wp\/v2\/media?parent=197612"}],"wp:term":[{"taxonomy":"product_brand","embeddable":true,"href":"https:\/\/aromasentia.com\/da\/wp-json\/wp\/v2\/product_brand?post=197612"},{"taxonomy":"product_cat","embeddable":true,"href":"https:\/\/aromasentia.com\/da\/wp-json\/wp\/v2\/product_cat?post=197612"},{"taxonomy":"product_tag","embeddable":true,"href":"https:\/\/aromasentia.com\/da\/wp-json\/wp\/v2\/product_tag?post=197612"}],"curies":[{"name":"wp","href":"https:\/\/api.w.org\/{rel}","templated":true}]}}