{"id":197596,"date":"2025-03-22T16:59:35","date_gmt":"2025-03-22T16:59:35","guid":{"rendered":"https:\/\/aromasentia.com\/product\/warm-gingerbread-fragrance-oil-10ml-white-label\/"},"modified":"2025-06-22T03:04:18","modified_gmt":"2025-06-22T03:04:18","slug":"varme-peberkager-duftolie-10ml-uden-maerkning","status":"publish","type":"product","link":"https:\/\/aromasentia.com\/da\/varme-peberkager-duftolie-10ml-uden-maerkning\/","title":{"rendered":"Varme Peberkager Duftolie 10ml &#8211; Uden M\u00e6rkning"},"content":{"rendered":"<p>Nyd den varme og krydrede duft af Warm Gingerbread med denne 10 ml hvidm\u00e6rkede duftolie. Perfekt til brug i oliebr\u00e6ndere, diffusorer eller til at lave dine egne duftprodukter.<\/p>\n","protected":false},"excerpt":{"rendered":"<p>Nyd den varme og krydrede duft af Warm Gingerbread med denne 10 ml hvidm\u00e6rkede duftolie. Perfekt til brug i oliebr\u00e6ndere, diffusorer eller til at lave dine egne duftprodukter.<\/p>\n","protected":false},"featured_media":394621,"comment_status":"closed","ping_status":"open","template":"","meta":{"_angie_page":false},"product_brand":[],"product_cat":[6153,25839,6158,25949,26886],"product_tag":[],"class_list":{"0":"post-197596","1":"product","2":"type-product","3":"status-publish","4":"has-post-thumbnail","6":"product_cat-aromaterapi-og-rumdufte","7":"product_cat-dufte-aromaer","8":"product_cat-duftolier","9":"product_cat-ingefaer-dufte-aromaer","10":"product_cat-krydret","11":"pa_collection-ancient-wisdom-fragrance-oils-unlabelled-da","12":"pa_made-in-storbritannien","13":"pa_size-10ml","15":"first","16":"instock","17":"purchasable","18":"product-type-simple"},"supplier_id":null,"supplier_sku":"ULFO-98","barcode":null,"atum_controlled":true,"out_stock_date":null,"out_stock_threshold":null,"inheritable":false,"inbound_stock":null,"stock_on_hold":0,"sold_today":0,"sales_last_days":0,"reserved_stock":null,"customer_returns":null,"warehouse_damage":null,"lost_in_post":null,"other_logs":null,"out_stock_days":0,"lost_sales":0,"has_location":null,"update_date":"2026-04-27T07:25:57","atum_locations":[],"atum_stock_status":"instock","restock_status":false,"low_stock_amount":"","sales_update_date":"2026-01-30T01:26:12","calc_backorders":null,"_links":{"self":[{"href":"https:\/\/aromasentia.com\/da\/wp-json\/wp\/v2\/product\/197596","targetHints":{"allow":["GET"]}}],"collection":[{"href":"https:\/\/aromasentia.com\/da\/wp-json\/wp\/v2\/product"}],"about":[{"href":"https:\/\/aromasentia.com\/da\/wp-json\/wp\/v2\/types\/product"}],"replies":[{"embeddable":true,"href":"https:\/\/aromasentia.com\/da\/wp-json\/wp\/v2\/comments?post=197596"}],"version-history":[{"count":0,"href":"https:\/\/aromasentia.com\/da\/wp-json\/wp\/v2\/product\/197596\/revisions"}],"wp:featuredmedia":[{"embeddable":true,"href":"https:\/\/aromasentia.com\/da\/wp-json\/wp\/v2\/media\/394621"}],"wp:attachment":[{"href":"https:\/\/aromasentia.com\/da\/wp-json\/wp\/v2\/media?parent=197596"}],"wp:term":[{"taxonomy":"product_brand","embeddable":true,"href":"https:\/\/aromasentia.com\/da\/wp-json\/wp\/v2\/product_brand?post=197596"},{"taxonomy":"product_cat","embeddable":true,"href":"https:\/\/aromasentia.com\/da\/wp-json\/wp\/v2\/product_cat?post=197596"},{"taxonomy":"product_tag","embeddable":true,"href":"https:\/\/aromasentia.com\/da\/wp-json\/wp\/v2\/product_tag?post=197596"}],"curies":[{"name":"wp","href":"https:\/\/api.w.org\/{rel}","templated":true}]}}