{"id":197570,"date":"2025-03-22T16:59:35","date_gmt":"2025-03-22T16:59:35","guid":{"rendered":"https:\/\/aromasentia.com\/product\/10-ml-white-lavender-fragrance-oil-unlabelled\/"},"modified":"2025-06-22T03:04:06","modified_gmt":"2025-06-22T03:04:06","slug":"hvid-lavendel-duftolie-10ml-uden-maerkning","status":"publish","type":"product","link":"https:\/\/aromasentia.com\/da\/hvid-lavendel-duftolie-10ml-uden-maerkning\/","title":{"rendered":"Hvid Lavendel Duftolie 10ml &#8211; Uden M\u00e6rkning"},"content":{"rendered":"<p><strong>Aroma Sentia ping 10 ml Hvid Lavendel Duftolier<\/strong> er meget langvarige, fordi de er fortyndet med en anden olie lavet af dipropylenglycol (DPG). DPG er en almindelig b\u00e6rerolie, der bruges til at sk\u00e6re duftolier for at g\u00f8re dem mere effektive.<\/p>\n<p>Derudover vil dens smukke, karakteristiske duft helt sikkert fange nogle kunders opm\u00e6rksomhed.<\/p>\n","protected":false},"excerpt":{"rendered":"<p>Aroma Sentia ping 10 ml Hvid Lavendel Duftolier er meget langvarige, fordi de er fortyndet med en anden olie lavet af dipropylenglycol (DPG). DPG er en almindelig b\u00e6rerolie, der bruges til at sk\u00e6re duftolier for at g\u00f8re dem mere effektive. Derudover vil dens smukke, karakteristiske duft helt sikkert fange nogle kunders opm\u00e6rksomhed.<\/p>\n","protected":false},"featured_media":394267,"comment_status":"closed","ping_status":"open","template":"","meta":[],"product_brand":[],"product_cat":[6153,26830,25839,6158,25957],"product_tag":[],"class_list":{"0":"post-197570","1":"product","2":"type-product","3":"status-publish","4":"has-post-thumbnail","6":"product_cat-aromaterapi-og-rumdufte","7":"product_cat-blomster","8":"product_cat-dufte-aromaer","9":"product_cat-duftolier","10":"product_cat-lavendel","11":"pa_collection-ancient-wisdom-fragrance-oils-unlabelled-da","12":"pa_made-in-storbritannien","13":"pa_size-10ml","15":"first","16":"instock","17":"purchasable","18":"product-type-simple"},"supplier_id":null,"supplier_sku":"ULFO-63","barcode":null,"atum_controlled":true,"out_stock_date":null,"out_stock_threshold":null,"inheritable":false,"inbound_stock":null,"stock_on_hold":0,"sold_today":0,"sales_last_days":0,"reserved_stock":null,"customer_returns":null,"warehouse_damage":null,"lost_in_post":null,"other_logs":null,"out_stock_days":0,"lost_sales":0,"has_location":null,"update_date":"2026-01-30T01:25:55","atum_locations":[],"atum_stock_status":"instock","restock_status":false,"low_stock_amount":"","sales_update_date":"2026-01-30T01:25:55","calc_backorders":null,"_links":{"self":[{"href":"https:\/\/aromasentia.com\/da\/wp-json\/wp\/v2\/product\/197570","targetHints":{"allow":["GET"]}}],"collection":[{"href":"https:\/\/aromasentia.com\/da\/wp-json\/wp\/v2\/product"}],"about":[{"href":"https:\/\/aromasentia.com\/da\/wp-json\/wp\/v2\/types\/product"}],"replies":[{"embeddable":true,"href":"https:\/\/aromasentia.com\/da\/wp-json\/wp\/v2\/comments?post=197570"}],"version-history":[{"count":0,"href":"https:\/\/aromasentia.com\/da\/wp-json\/wp\/v2\/product\/197570\/revisions"}],"wp:featuredmedia":[{"embeddable":true,"href":"https:\/\/aromasentia.com\/da\/wp-json\/wp\/v2\/media\/394267"}],"wp:attachment":[{"href":"https:\/\/aromasentia.com\/da\/wp-json\/wp\/v2\/media?parent=197570"}],"wp:term":[{"taxonomy":"product_brand","embeddable":true,"href":"https:\/\/aromasentia.com\/da\/wp-json\/wp\/v2\/product_brand?post=197570"},{"taxonomy":"product_cat","embeddable":true,"href":"https:\/\/aromasentia.com\/da\/wp-json\/wp\/v2\/product_cat?post=197570"},{"taxonomy":"product_tag","embeddable":true,"href":"https:\/\/aromasentia.com\/da\/wp-json\/wp\/v2\/product_tag?post=197570"}],"curies":[{"name":"wp","href":"https:\/\/api.w.org\/{rel}","templated":true}]}}