{"id":197544,"date":"2025-03-22T16:59:35","date_gmt":"2025-03-22T16:59:35","guid":{"rendered":"https:\/\/aromasentia.com\/product\/10-ml-cut-grass-fragrance-oil-unlabelled\/"},"modified":"2025-06-22T03:03:53","modified_gmt":"2025-06-22T03:03:53","slug":"til-afskaaret-graes-duftolie-10ml-uden-maerkning","status":"publish","type":"product","link":"https:\/\/aromasentia.com\/da\/til-afskaaret-graes-duftolie-10ml-uden-maerkning\/","title":{"rendered":"Til Afsk\u00e5ret Gr\u00e6s Duftolie 10ml &#8211; Uden M\u00e6rkning"},"content":{"rendered":"<p><strong>Aroma Sentia ping 10 ml duftolier til afsk\u00e5ret gr\u00e6s<\/strong> er meget holdbare, fordi de er fortyndet med en anden olie lavet af dipropylenglycol (DPG). DPG er en almindelig b\u00e6reolie, der bruges til at sk\u00e6re duftolier for at g\u00f8re dem mere effektive.<\/p>\n<p>Derudover vil dens sk\u00f8nne, karakteristiske duft helt sikkert fange nogle kunders opm\u00e6rksomhed.<\/p>\n","protected":false},"excerpt":{"rendered":"<p>Aroma Sentia ping 10 ml duftolier til afsk\u00e5ret gr\u00e6s er meget holdbare, fordi de er fortyndet med en anden olie lavet af dipropylenglycol (DPG). DPG er en almindelig b\u00e6reolie, der bruges til at sk\u00e6re duftolier for at g\u00f8re dem mere effektive. Derudover vil dens sk\u00f8nne, karakteristiske duft helt sikkert fange nogle kunders opm\u00e6rksomhed.<\/p>\n","protected":false},"featured_media":393825,"comment_status":"closed","ping_status":"open","template":"","meta":{"_angie_page":false},"product_brand":[],"product_cat":[6153,6158],"product_tag":[],"class_list":{"0":"post-197544","1":"product","2":"type-product","3":"status-publish","4":"has-post-thumbnail","6":"product_cat-aromaterapi-og-rumdufte","7":"product_cat-duftolier","8":"pa_collection-ancient-wisdom-fragrance-oils-unlabelled-da","9":"pa_made-in-storbritannien","10":"pa_size-10ml","12":"first","13":"instock","14":"purchasable","15":"product-type-simple"},"supplier_id":null,"supplier_sku":"ULFO-17","barcode":null,"atum_controlled":true,"out_stock_date":null,"out_stock_threshold":null,"inheritable":false,"inbound_stock":null,"stock_on_hold":0,"sold_today":0,"sales_last_days":0,"reserved_stock":null,"customer_returns":null,"warehouse_damage":null,"lost_in_post":null,"other_logs":null,"out_stock_days":0,"lost_sales":0,"has_location":null,"update_date":"2026-04-27T07:25:40","atum_locations":[],"atum_stock_status":"instock","restock_status":false,"low_stock_amount":"","sales_update_date":"2026-01-30T01:26:39","calc_backorders":null,"_links":{"self":[{"href":"https:\/\/aromasentia.com\/da\/wp-json\/wp\/v2\/product\/197544","targetHints":{"allow":["GET"]}}],"collection":[{"href":"https:\/\/aromasentia.com\/da\/wp-json\/wp\/v2\/product"}],"about":[{"href":"https:\/\/aromasentia.com\/da\/wp-json\/wp\/v2\/types\/product"}],"replies":[{"embeddable":true,"href":"https:\/\/aromasentia.com\/da\/wp-json\/wp\/v2\/comments?post=197544"}],"version-history":[{"count":0,"href":"https:\/\/aromasentia.com\/da\/wp-json\/wp\/v2\/product\/197544\/revisions"}],"wp:featuredmedia":[{"embeddable":true,"href":"https:\/\/aromasentia.com\/da\/wp-json\/wp\/v2\/media\/393825"}],"wp:attachment":[{"href":"https:\/\/aromasentia.com\/da\/wp-json\/wp\/v2\/media?parent=197544"}],"wp:term":[{"taxonomy":"product_brand","embeddable":true,"href":"https:\/\/aromasentia.com\/da\/wp-json\/wp\/v2\/product_brand?post=197544"},{"taxonomy":"product_cat","embeddable":true,"href":"https:\/\/aromasentia.com\/da\/wp-json\/wp\/v2\/product_cat?post=197544"},{"taxonomy":"product_tag","embeddable":true,"href":"https:\/\/aromasentia.com\/da\/wp-json\/wp\/v2\/product_tag?post=197544"}],"curies":[{"name":"wp","href":"https:\/\/api.w.org\/{rel}","templated":true}]}}