{"id":197523,"date":"2025-03-22T16:59:35","date_gmt":"2025-03-22T16:59:35","guid":{"rendered":"https:\/\/aromasentia.com\/product\/10ml-devon-violet-fragrance-oil-unlabelled\/"},"modified":"2025-06-22T03:03:42","modified_gmt":"2025-06-22T03:03:42","slug":"devon-violet-duftolie-10ml-uden-maerkning","status":"publish","type":"product","link":"https:\/\/aromasentia.com\/da\/devon-violet-duftolie-10ml-uden-maerkning\/","title":{"rendered":"Devon Violet Duftolie 10ml &#8211; Uden M\u00e6rkning"},"content":{"rendered":"<p><strong>Aroma Sentia ping Devon Violet duftolier<\/strong> er meget holdbare, fordi de er fortyndet med en anden olie lavet af dipropylenglycol (DPG). DPG er en almindelig b\u00e6reolie, der bruges til at sk\u00e6re duftolier for at g\u00f8re dem mere effektive.<\/p>\n<p>Derudover vil dens sk\u00f8nne, karakteristiske duft helt sikkert fange nogle kunders opm\u00e6rksomhed.<\/p>\n","protected":false},"excerpt":{"rendered":"<p>Aroma Sentia ping Devon Violet duftolier er meget holdbare, fordi de er fortyndet med en anden olie lavet af dipropylenglycol (DPG). DPG er en almindelig b\u00e6reolie, der bruges til at sk\u00e6re duftolier for at g\u00f8re dem mere effektive. Derudover vil dens sk\u00f8nne, karakteristiske duft helt sikkert fange nogle kunders opm\u00e6rksomhed.<\/p>\n","protected":false},"featured_media":393468,"comment_status":"closed","ping_status":"open","template":"","meta":[],"product_brand":[],"product_cat":[6153,6158],"product_tag":[],"class_list":{"0":"post-197523","1":"product","2":"type-product","3":"status-publish","4":"has-post-thumbnail","6":"product_cat-aromaterapi-og-rumdufte","7":"product_cat-duftolier","8":"pa_collection-ancient-wisdom-fragrance-oils-unlabelled-da","9":"pa_made-in-storbritannien","10":"pa_size-10ml","12":"first","13":"instock","14":"purchasable","15":"product-type-simple"},"supplier_id":null,"supplier_sku":"ULFO-19","barcode":null,"atum_controlled":true,"out_stock_date":null,"out_stock_threshold":null,"inheritable":false,"inbound_stock":null,"stock_on_hold":0,"sold_today":0,"sales_last_days":0,"reserved_stock":null,"customer_returns":null,"warehouse_damage":null,"lost_in_post":null,"other_logs":null,"out_stock_days":0,"lost_sales":0,"has_location":null,"update_date":"2026-02-02T14:20:23","atum_locations":[],"atum_stock_status":"instock","restock_status":false,"low_stock_amount":"","sales_update_date":"2026-01-20T05:13:43","calc_backorders":null,"_links":{"self":[{"href":"https:\/\/aromasentia.com\/da\/wp-json\/wp\/v2\/product\/197523","targetHints":{"allow":["GET"]}}],"collection":[{"href":"https:\/\/aromasentia.com\/da\/wp-json\/wp\/v2\/product"}],"about":[{"href":"https:\/\/aromasentia.com\/da\/wp-json\/wp\/v2\/types\/product"}],"replies":[{"embeddable":true,"href":"https:\/\/aromasentia.com\/da\/wp-json\/wp\/v2\/comments?post=197523"}],"version-history":[{"count":0,"href":"https:\/\/aromasentia.com\/da\/wp-json\/wp\/v2\/product\/197523\/revisions"}],"wp:featuredmedia":[{"embeddable":true,"href":"https:\/\/aromasentia.com\/da\/wp-json\/wp\/v2\/media\/393468"}],"wp:attachment":[{"href":"https:\/\/aromasentia.com\/da\/wp-json\/wp\/v2\/media?parent=197523"}],"wp:term":[{"taxonomy":"product_brand","embeddable":true,"href":"https:\/\/aromasentia.com\/da\/wp-json\/wp\/v2\/product_brand?post=197523"},{"taxonomy":"product_cat","embeddable":true,"href":"https:\/\/aromasentia.com\/da\/wp-json\/wp\/v2\/product_cat?post=197523"},{"taxonomy":"product_tag","embeddable":true,"href":"https:\/\/aromasentia.com\/da\/wp-json\/wp\/v2\/product_tag?post=197523"}],"curies":[{"name":"wp","href":"https:\/\/api.w.org\/{rel}","templated":true}]}}