{"id":197513,"date":"2025-03-22T16:59:35","date_gmt":"2025-03-22T16:59:35","guid":{"rendered":"https:\/\/aromasentia.com\/product\/tropical-paradise-simmering-granules-banana\/"},"modified":"2025-06-22T03:03:36","modified_gmt":"2025-06-22T03:03:36","slug":"tropical-paradise-duft-granulat-banan","status":"publish","type":"product","link":"https:\/\/aromasentia.com\/da\/tropical-paradise-duft-granulat-banan\/","title":{"rendered":"Tropical Paradise Duft Granulat &#8211; Banan"},"content":{"rendered":"<p>Fyld dit rum med den s\u00f8de og behagelige duft af banan med disse Tropical Paradise Simmering Granules. Tils\u00e6t blot en skefuld til din oliebr\u00e6nder eller varmer for at nyde en varm og indbydende frugtagtig duft.<\/p>\n","protected":false},"excerpt":{"rendered":"<p>Fyld dit rum med den s\u00f8de og behagelige duft af banan med disse Tropical Paradise Simmering Granules. Tils\u00e6t blot en skefuld til din oliebr\u00e6nder eller varmer for at nyde en varm og indbydende frugtagtig duft.<\/p>\n","protected":false},"featured_media":393290,"comment_status":"closed","ping_status":"open","template":"","meta":{"_angie_page":false},"product_brand":[],"product_cat":[6153,26554,6154,25839,26844],"product_tag":[],"class_list":{"0":"post-197513","1":"product","2":"type-product","3":"status-publish","4":"has-post-thumbnail","6":"product_cat-aromaterapi-og-rumdufte","7":"product_cat-banan","8":"product_cat-duft-granulat","9":"product_cat-dufte-aromaer","10":"product_cat-frugtagtig","11":"pa_collection-tropical-paradise-simmering-granules-da","12":"pa_made-in-storbritannien","14":"first","15":"instock","16":"purchasable","17":"product-type-simple"},"supplier_id":null,"supplier_sku":"TPSG-10","barcode":null,"atum_controlled":true,"out_stock_date":null,"out_stock_threshold":null,"inheritable":false,"inbound_stock":null,"stock_on_hold":0,"sold_today":0,"sales_last_days":0,"reserved_stock":null,"customer_returns":null,"warehouse_damage":null,"lost_in_post":null,"other_logs":null,"out_stock_days":0,"lost_sales":0,"has_location":null,"update_date":"2026-05-08T05:21:26","atum_locations":[],"atum_stock_status":"instock","restock_status":false,"low_stock_amount":"","sales_update_date":"2026-01-20T05:13:04","calc_backorders":null,"_links":{"self":[{"href":"https:\/\/aromasentia.com\/da\/wp-json\/wp\/v2\/product\/197513","targetHints":{"allow":["GET"]}}],"collection":[{"href":"https:\/\/aromasentia.com\/da\/wp-json\/wp\/v2\/product"}],"about":[{"href":"https:\/\/aromasentia.com\/da\/wp-json\/wp\/v2\/types\/product"}],"replies":[{"embeddable":true,"href":"https:\/\/aromasentia.com\/da\/wp-json\/wp\/v2\/comments?post=197513"}],"version-history":[{"count":0,"href":"https:\/\/aromasentia.com\/da\/wp-json\/wp\/v2\/product\/197513\/revisions"}],"wp:featuredmedia":[{"embeddable":true,"href":"https:\/\/aromasentia.com\/da\/wp-json\/wp\/v2\/media\/393290"}],"wp:attachment":[{"href":"https:\/\/aromasentia.com\/da\/wp-json\/wp\/v2\/media?parent=197513"}],"wp:term":[{"taxonomy":"product_brand","embeddable":true,"href":"https:\/\/aromasentia.com\/da\/wp-json\/wp\/v2\/product_brand?post=197513"},{"taxonomy":"product_cat","embeddable":true,"href":"https:\/\/aromasentia.com\/da\/wp-json\/wp\/v2\/product_cat?post=197513"},{"taxonomy":"product_tag","embeddable":true,"href":"https:\/\/aromasentia.com\/da\/wp-json\/wp\/v2\/product_tag?post=197513"}],"curies":[{"name":"wp","href":"https:\/\/api.w.org\/{rel}","templated":true}]}}