{"id":197496,"date":"2025-03-23T10:29:29","date_gmt":"2025-03-23T10:29:29","guid":{"rendered":"https:\/\/aromasentia.com\/product\/aromatica-premium-incense-palo-santo\/"},"modified":"2025-06-22T03:03:27","modified_gmt":"2025-06-22T03:03:27","slug":"aromatica-premium-roegelsespinde-palo-santo","status":"publish","type":"product","link":"https:\/\/aromasentia.com\/da\/aromatica-premium-roegelsespinde-palo-santo\/","title":{"rendered":"Aromatica Premium R\u00f8gelsespinde &#8211; Palo Santo"},"content":{"rendered":"<p style=\"text-align: justify;\"><strong style=\"color: rgb(75, 80, 88);\">Aroma Sentia<\/strong> <strong style=\"color: rgb(75, 80, 88);\">Naturlige Masala r\u00f8gelsespinde<\/strong> er lavet med en gammel <strong>traditionel opskrift fra Ayurveda<\/strong> fra Indien. T\u00e6nd blot en r\u00f8gelsespind, og vent p\u00e5, at dit hjem forvandles med disse klare og energigivende aromaer.<\/p>\n<p>Disse <strong>Aromatika<\/strong> r\u00f8gelsespinde er <strong>h\u00e5ndrullet<\/strong> i Indien ved hj\u00e6lp af naturligt tr\u00e6pulver, josspulver, gummi, <strong>harpiks<\/strong> og <strong>\u00e6teriske aromaolier<\/strong>. Disse pinde er <strong>giftfri og fri for kemikalier<\/strong>. Disse r\u00f8gelsespinde giver <strong>kulfri r\u00f8g.<\/strong><br \/>Det er nemt at bruge r\u00f8gelsespinde. Bare t\u00e6nd enden og vent p\u00e5, at den gl\u00f8der, og bl\u00e6s flammen ud. Placer den derefter i en r\u00f8gelsesholder og nyd den vidunderlige duft, der produceres.<\/p>\n<p style=\"text-align: justify;\"><span style=\"color: rgb(141, 186, 216);\"><strong>Lad denne aroma fylde dit hjem eller kontor og skab en vidunderlig atmosf\u00e6re. &nbsp;F\u00f8j til din produktportef\u00f8lje.<\/strong><\/span><\/p>\n","protected":false},"excerpt":{"rendered":"<p>Aroma Sentia Naturlige Masala r\u00f8gelsespinde er lavet med en gammel traditionel opskrift fra Ayurveda fra Indien. T\u00e6nd blot en r\u00f8gelsespind, og vent p\u00e5, at dit hjem forvandles med disse klare og energigivende aromaer. Disse Aromatika r\u00f8gelsespinde er h\u00e5ndrullet i Indien ved hj\u00e6lp af naturligt tr\u00e6pulver, josspulver, gummi, harpiks og \u00e6teriske aromaolier. Disse pinde er giftfri [&hellip;]<\/p>\n","protected":false},"featured_media":395913,"comment_status":"closed","ping_status":"open","template":"","meta":[],"product_brand":[27100],"product_cat":[25839,25974,5836,26893],"product_tag":[],"class_list":{"0":"post-197496","1":"product","2":"type-product","3":"status-publish","4":"has-post-thumbnail","6":"product_brand-aromatika","7":"product_cat-dufte-aromaer","8":"product_cat-palo-santo-scents-aromas","9":"product_cat-rogelse-og-rogelsesholdere","10":"product_cat-traeagtig","11":"pa_made-in-indien","13":"first","14":"outofstock","15":"purchasable","16":"product-type-simple"},"supplier_id":null,"supplier_sku":"ARomI-02","barcode":null,"atum_controlled":true,"out_stock_date":"2025-10-08 12:04:58","out_stock_threshold":null,"inheritable":false,"inbound_stock":null,"stock_on_hold":0,"sold_today":0,"sales_last_days":0,"reserved_stock":null,"customer_returns":null,"warehouse_damage":null,"lost_in_post":null,"other_logs":null,"out_stock_days":120,"lost_sales":0,"has_location":null,"update_date":"2026-02-06T00:00:51","atum_locations":[],"atum_stock_status":"outofstock","restock_status":false,"low_stock_amount":"","sales_update_date":"2026-02-06T00:00:51","calc_backorders":null,"_links":{"self":[{"href":"https:\/\/aromasentia.com\/da\/wp-json\/wp\/v2\/product\/197496","targetHints":{"allow":["GET"]}}],"collection":[{"href":"https:\/\/aromasentia.com\/da\/wp-json\/wp\/v2\/product"}],"about":[{"href":"https:\/\/aromasentia.com\/da\/wp-json\/wp\/v2\/types\/product"}],"replies":[{"embeddable":true,"href":"https:\/\/aromasentia.com\/da\/wp-json\/wp\/v2\/comments?post=197496"}],"version-history":[{"count":0,"href":"https:\/\/aromasentia.com\/da\/wp-json\/wp\/v2\/product\/197496\/revisions"}],"wp:featuredmedia":[{"embeddable":true,"href":"https:\/\/aromasentia.com\/da\/wp-json\/wp\/v2\/media\/395913"}],"wp:attachment":[{"href":"https:\/\/aromasentia.com\/da\/wp-json\/wp\/v2\/media?parent=197496"}],"wp:term":[{"taxonomy":"product_brand","embeddable":true,"href":"https:\/\/aromasentia.com\/da\/wp-json\/wp\/v2\/product_brand?post=197496"},{"taxonomy":"product_cat","embeddable":true,"href":"https:\/\/aromasentia.com\/da\/wp-json\/wp\/v2\/product_cat?post=197496"},{"taxonomy":"product_tag","embeddable":true,"href":"https:\/\/aromasentia.com\/da\/wp-json\/wp\/v2\/product_tag?post=197496"}],"curies":[{"name":"wp","href":"https:\/\/api.w.org\/{rel}","templated":true}]}}