{"id":197494,"date":"2025-03-23T10:29:29","date_gmt":"2025-03-23T10:29:29","guid":{"rendered":"https:\/\/aromasentia.com\/product\/aromatica-backflow-incense-cones-lotus\/"},"modified":"2025-06-22T03:03:26","modified_gmt":"2025-06-22T03:03:26","slug":"aromatica-backflow-roegelseskegler-lotus","status":"publish","type":"product","link":"https:\/\/aromasentia.com\/da\/aromatica-backflow-roegelseskegler-lotus\/","title":{"rendered":"Aromatica Backflow R\u00f8gelseskegler &#8211; Lotus"},"content":{"rendered":"<p>Back Flow r\u00f8gelseskegler &#8211; Lotus med tropisk s\u00f8d og frugtagtig duft kan bruges til at hj\u00e6lpe med at n\u00e5 en tilstand af \u00f8get bevidsthed og f\u00f8lelsesm\u00e6ssig klarhed, ogs\u00e5 perfekt til yoga, meditation eller andet, hvor du har brug for lidt mere fokus eller kreativitet.<\/p>\n<p>R\u00f8gen fra r\u00f8gelseskeglen er tungere end luft, s\u00e5 den vil falde dramatisk i hvirvler og snoninger, gennem hullet i den specielle back flow r\u00f8gelsesbr\u00e6nder og ned over genstanden, for at samle sig i bunden. Det er utroligt at se p\u00e5 og meget afslappende. T\u00e6nd r\u00f8gelseskeglen og vent, indtil enden gl\u00f8der. Pust flammen ud og placer keglen i back flow r\u00f8gelsesbr\u00e6nderen. Den vidunderlige duft vil fylde dit hjem.<\/p>\n","protected":false},"excerpt":{"rendered":"<p>Back Flow r\u00f8gelseskegler &#8211; Lotus med tropisk s\u00f8d og frugtagtig duft kan bruges til at hj\u00e6lpe med at n\u00e5 en tilstand af \u00f8get bevidsthed og f\u00f8lelsesm\u00e6ssig klarhed, ogs\u00e5 perfekt til yoga, meditation eller andet, hvor du har brug for lidt mere fokus eller kreativitet. R\u00f8gen fra r\u00f8gelseskeglen er tungere end luft, s\u00e5 den vil falde [&hellip;]<\/p>\n","protected":false},"featured_media":395863,"comment_status":"closed","ping_status":"open","template":"","meta":[],"product_brand":[],"product_cat":[5836,5872],"product_tag":[],"class_list":{"0":"post-197494","1":"product","2":"type-product","3":"status-publish","4":"has-post-thumbnail","6":"product_cat-rogelse-og-rogelsesholdere","7":"product_cat-rogelseskegler","8":"pa_collection-aromatika-backflow-incense-cones-da","9":"pa_made-in-indien","11":"first","12":"instock","13":"purchasable","14":"product-type-simple"},"supplier_id":null,"supplier_sku":"AromaBF-10","barcode":null,"atum_controlled":true,"out_stock_date":null,"out_stock_threshold":null,"inheritable":false,"inbound_stock":null,"stock_on_hold":0,"sold_today":0,"sales_last_days":0,"reserved_stock":null,"customer_returns":null,"warehouse_damage":null,"lost_in_post":null,"other_logs":null,"out_stock_days":0,"lost_sales":0,"has_location":null,"update_date":"2026-02-10T17:48:26","atum_locations":[],"atum_stock_status":"instock","restock_status":false,"low_stock_amount":"","sales_update_date":"2026-02-06T00:01:53","calc_backorders":null,"_links":{"self":[{"href":"https:\/\/aromasentia.com\/da\/wp-json\/wp\/v2\/product\/197494","targetHints":{"allow":["GET"]}}],"collection":[{"href":"https:\/\/aromasentia.com\/da\/wp-json\/wp\/v2\/product"}],"about":[{"href":"https:\/\/aromasentia.com\/da\/wp-json\/wp\/v2\/types\/product"}],"replies":[{"embeddable":true,"href":"https:\/\/aromasentia.com\/da\/wp-json\/wp\/v2\/comments?post=197494"}],"version-history":[{"count":0,"href":"https:\/\/aromasentia.com\/da\/wp-json\/wp\/v2\/product\/197494\/revisions"}],"wp:featuredmedia":[{"embeddable":true,"href":"https:\/\/aromasentia.com\/da\/wp-json\/wp\/v2\/media\/395863"}],"wp:attachment":[{"href":"https:\/\/aromasentia.com\/da\/wp-json\/wp\/v2\/media?parent=197494"}],"wp:term":[{"taxonomy":"product_brand","embeddable":true,"href":"https:\/\/aromasentia.com\/da\/wp-json\/wp\/v2\/product_brand?post=197494"},{"taxonomy":"product_cat","embeddable":true,"href":"https:\/\/aromasentia.com\/da\/wp-json\/wp\/v2\/product_cat?post=197494"},{"taxonomy":"product_tag","embeddable":true,"href":"https:\/\/aromasentia.com\/da\/wp-json\/wp\/v2\/product_tag?post=197494"}],"curies":[{"name":"wp","href":"https:\/\/api.w.org\/{rel}","templated":true}]}}