{"id":197493,"date":"2025-03-23T10:29:29","date_gmt":"2025-03-23T10:29:29","guid":{"rendered":"https:\/\/aromasentia.com\/product\/aromatica-backflow-incense-cones-white-sage\/"},"modified":"2025-06-22T03:03:26","modified_gmt":"2025-06-22T03:03:26","slug":"aromatica-backflow-roegelseskegler-hvid-salvie","status":"publish","type":"product","link":"https:\/\/aromasentia.com\/da\/aromatica-backflow-roegelseskegler-hvid-salvie\/","title":{"rendered":"Aromatica Backflow R\u00f8gelseskegler &#8211; Hvid Salvie"},"content":{"rendered":"<p>Back Flow r\u00f8gelseskegler &#8211; Hvid salvie med tr\u00e6agtig, urteagtig duft renser og balancerer energifeltet og kan hj\u00e6lpe med at h\u00e6ve sindets og f\u00f8lelsernes frekvens.<\/p>\n<p>R\u00f8gelsens r\u00f8gen er tungere end luft, s\u00e5 den vil falde dramatisk i hvirvler og snoninger, gennem hullet i den specielle back flow r\u00f8gelsesbr\u00e6nder og ned over genstanden, for at samle sig i bunden. Det er utroligt at se p\u00e5 og meget afslappende. T\u00e6nd r\u00f8gelseskeglen og vent, indtil enden gl\u00f8der. Pust flammen ud og placer keglen i back flow r\u00f8gelsesbr\u00e6nderen. Den vidunderlige duft vil fylde dit hjem.<\/p>\n","protected":false},"excerpt":{"rendered":"<p>Back Flow r\u00f8gelseskegler &#8211; Hvid salvie med tr\u00e6agtig, urteagtig duft renser og balancerer energifeltet og kan hj\u00e6lpe med at h\u00e6ve sindets og f\u00f8lelsernes frekvens. R\u00f8gelsens r\u00f8gen er tungere end luft, s\u00e5 den vil falde dramatisk i hvirvler og snoninger, gennem hullet i den specielle back flow r\u00f8gelsesbr\u00e6nder og ned over genstanden, for at samle sig [&hellip;]<\/p>\n","protected":false},"featured_media":395838,"comment_status":"closed","ping_status":"open","template":"","meta":[],"product_brand":[],"product_cat":[25839,26461,5836,5872,26858],"product_tag":[],"class_list":{"0":"post-197493","1":"product","2":"type-product","3":"status-publish","4":"has-post-thumbnail","6":"product_cat-dufte-aromaer","7":"product_cat-hvid-salvie","8":"product_cat-rogelse-og-rogelsesholdere","9":"product_cat-rogelseskegler","10":"product_cat-urte-aromatisk","11":"pa_collection-aromatika-backflow-incense-cones-da","12":"pa_made-in-indien","14":"first","15":"instock","16":"purchasable","17":"product-type-simple"},"supplier_id":null,"supplier_sku":"AromaBF-09","barcode":null,"atum_controlled":true,"out_stock_date":null,"out_stock_threshold":null,"inheritable":false,"inbound_stock":null,"stock_on_hold":0,"sold_today":0,"sales_last_days":0,"reserved_stock":null,"customer_returns":null,"warehouse_damage":null,"lost_in_post":null,"other_logs":null,"out_stock_days":0,"lost_sales":0,"has_location":null,"update_date":"2026-02-08T21:06:35","atum_locations":[],"atum_stock_status":"instock","restock_status":false,"low_stock_amount":"","sales_update_date":"2025-10-09T03:23:20","calc_backorders":null,"_links":{"self":[{"href":"https:\/\/aromasentia.com\/da\/wp-json\/wp\/v2\/product\/197493","targetHints":{"allow":["GET"]}}],"collection":[{"href":"https:\/\/aromasentia.com\/da\/wp-json\/wp\/v2\/product"}],"about":[{"href":"https:\/\/aromasentia.com\/da\/wp-json\/wp\/v2\/types\/product"}],"replies":[{"embeddable":true,"href":"https:\/\/aromasentia.com\/da\/wp-json\/wp\/v2\/comments?post=197493"}],"version-history":[{"count":0,"href":"https:\/\/aromasentia.com\/da\/wp-json\/wp\/v2\/product\/197493\/revisions"}],"wp:featuredmedia":[{"embeddable":true,"href":"https:\/\/aromasentia.com\/da\/wp-json\/wp\/v2\/media\/395838"}],"wp:attachment":[{"href":"https:\/\/aromasentia.com\/da\/wp-json\/wp\/v2\/media?parent=197493"}],"wp:term":[{"taxonomy":"product_brand","embeddable":true,"href":"https:\/\/aromasentia.com\/da\/wp-json\/wp\/v2\/product_brand?post=197493"},{"taxonomy":"product_cat","embeddable":true,"href":"https:\/\/aromasentia.com\/da\/wp-json\/wp\/v2\/product_cat?post=197493"},{"taxonomy":"product_tag","embeddable":true,"href":"https:\/\/aromasentia.com\/da\/wp-json\/wp\/v2\/product_tag?post=197493"}],"curies":[{"name":"wp","href":"https:\/\/api.w.org\/{rel}","templated":true}]}}