{"id":197485,"date":"2025-03-23T10:29:29","date_gmt":"2025-03-23T10:29:29","guid":{"rendered":"https:\/\/aromasentia.com\/product\/aromatica-backflow-incense-cones-lavender\/"},"modified":"2025-06-22T03:03:23","modified_gmt":"2025-06-22T03:03:23","slug":"aromatica-backflow-roegelseskegler-lavendel","status":"publish","type":"product","link":"https:\/\/aromasentia.com\/da\/aromatica-backflow-roegelseskegler-lavendel\/","title":{"rendered":"Aromatica Backflow R\u00f8gelseskegler &#8211; Lavendel"},"content":{"rendered":"<p><span style=\"color: rgb(75, 80, 88);\">R\u00f8gelseskegler med tilbagel\u00f8b &#8211; Lavendel er lavet med naturlige urter, olier og harpikser. Lavendel har en balancerende effekt p\u00e5 sind og krop og hj\u00e6lper med at berolige dine bekymringer. Lad den skabe den perfekte stemning til afslapning.<\/span><\/p>\n<p><span style=\"color: rgb(75, 80, 88);\">R\u00f8gen fra r\u00f8gelsen er tungere end luft, s\u00e5 den vil falde dramatisk i hvirvler og snoninger, gennem hullet i den specielle tilbagel\u00f8bsr\u00f8gelsesbr\u00e6nder og ned over genstanden, for at samle sig i bunden. Det er utroligt at se p\u00e5 og meget afslappende. T\u00e6nd r\u00f8gelseskeglen og vent, indtil enden gl\u00f8der. Pust flammen ud og placer keglen i tilbagel\u00f8bsr\u00f8gelsesbr\u00e6nderen. Den vidunderlige duft vil fylde dit hjem.<\/span><\/p>\n","protected":false},"excerpt":{"rendered":"<p>R\u00f8gelseskegler med tilbagel\u00f8b &#8211; Lavendel er lavet med naturlige urter, olier og harpikser. Lavendel har en balancerende effekt p\u00e5 sind og krop og hj\u00e6lper med at berolige dine bekymringer. Lad den skabe den perfekte stemning til afslapning. R\u00f8gen fra r\u00f8gelsen er tungere end luft, s\u00e5 den vil falde dramatisk i hvirvler og snoninger, gennem hullet [&hellip;]<\/p>\n","protected":false},"featured_media":395622,"comment_status":"closed","ping_status":"open","template":"","meta":{"_angie_page":false},"product_brand":[],"product_cat":[26830,25839,25957,5836,5872],"product_tag":[],"class_list":{"0":"post-197485","1":"product","2":"type-product","3":"status-publish","4":"has-post-thumbnail","6":"product_cat-blomster","7":"product_cat-dufte-aromaer","8":"product_cat-lavendel","9":"product_cat-rogelse-og-rogelsesholdere","10":"product_cat-rogelseskegler","11":"pa_collection-aromatika-backflow-incense-cones-da","12":"pa_made-in-indien","14":"first","15":"instock","16":"purchasable","17":"product-type-simple"},"supplier_id":null,"supplier_sku":"AromaBF-01","barcode":null,"atum_controlled":true,"out_stock_date":null,"out_stock_threshold":null,"inheritable":false,"inbound_stock":null,"stock_on_hold":0,"sold_today":0,"sales_last_days":0,"reserved_stock":null,"customer_returns":null,"warehouse_damage":null,"lost_in_post":null,"other_logs":null,"out_stock_days":0,"lost_sales":0,"has_location":null,"update_date":"2026-05-11T01:55:49","atum_locations":[],"atum_stock_status":"instock","restock_status":false,"low_stock_amount":"","sales_update_date":"2025-10-09T03:23:18","calc_backorders":null,"_links":{"self":[{"href":"https:\/\/aromasentia.com\/da\/wp-json\/wp\/v2\/product\/197485","targetHints":{"allow":["GET"]}}],"collection":[{"href":"https:\/\/aromasentia.com\/da\/wp-json\/wp\/v2\/product"}],"about":[{"href":"https:\/\/aromasentia.com\/da\/wp-json\/wp\/v2\/types\/product"}],"replies":[{"embeddable":true,"href":"https:\/\/aromasentia.com\/da\/wp-json\/wp\/v2\/comments?post=197485"}],"version-history":[{"count":0,"href":"https:\/\/aromasentia.com\/da\/wp-json\/wp\/v2\/product\/197485\/revisions"}],"wp:featuredmedia":[{"embeddable":true,"href":"https:\/\/aromasentia.com\/da\/wp-json\/wp\/v2\/media\/395622"}],"wp:attachment":[{"href":"https:\/\/aromasentia.com\/da\/wp-json\/wp\/v2\/media?parent=197485"}],"wp:term":[{"taxonomy":"product_brand","embeddable":true,"href":"https:\/\/aromasentia.com\/da\/wp-json\/wp\/v2\/product_brand?post=197485"},{"taxonomy":"product_cat","embeddable":true,"href":"https:\/\/aromasentia.com\/da\/wp-json\/wp\/v2\/product_cat?post=197485"},{"taxonomy":"product_tag","embeddable":true,"href":"https:\/\/aromasentia.com\/da\/wp-json\/wp\/v2\/product_tag?post=197485"}],"curies":[{"name":"wp","href":"https:\/\/api.w.org\/{rel}","templated":true}]}}