{"id":197484,"date":"2025-03-23T10:29:29","date_gmt":"2025-03-23T10:29:29","guid":{"rendered":"https:\/\/aromasentia.com\/product\/benzoin-resin-250g\/"},"modified":"2025-06-22T03:03:23","modified_gmt":"2025-06-22T03:03:23","slug":"benzoe-harpiks-250g","status":"publish","type":"product","link":"https:\/\/aromasentia.com\/da\/benzoe-harpiks-250g\/","title":{"rendered":"Benzoe Harpiks &#8211; 250g"},"content":{"rendered":"<p><strong>Wholesale Benzoin Bulk Resin&nbsp;<\/strong>er fremstillet af afsk\u00e5rne tr\u00e6stammer af sl\u00e6gten styrax, der vokser i \u00d8stasien og Indien.&nbsp;<\/p>\n<p>B\u00e5de selve styraxen og r\u00f8gen fra dens forbr\u00e6nding har en intens behagelig aroma, der minder om vanilje. Den har en afslappende og harmoniserende virkning, men ogs\u00e5 euforisk og sensuel.<\/p>\n<p>S\u00e6lges i 250 g-pakker.<\/p>\n<p><strong><span style=\"color: rgb(184, 49, 47);\">Bring det mystiske Mellem\u00f8sten til din butik i dag.<\/span><\/strong><\/p>\n","protected":false},"excerpt":{"rendered":"<p>Wholesale Benzoin Bulk Resin&nbsp;er fremstillet af afsk\u00e5rne tr\u00e6stammer af sl\u00e6gten styrax, der vokser i \u00d8stasien og Indien.&nbsp; B\u00e5de selve styraxen og r\u00f8gen fra dens forbr\u00e6nding har en intens behagelig aroma, der minder om vanilje. Den har en afslappende og harmoniserende virkning, men ogs\u00e5 euforisk og sensuel. S\u00e6lges i 250 g-pakker. Bring det mystiske Mellem\u00f8sten til [&hellip;]<\/p>\n","protected":false},"featured_media":395613,"comment_status":"closed","ping_status":"open","template":"","meta":{"_angie_page":false},"product_brand":[],"product_cat":[25927,25839,26879,5856,5836],"product_tag":[],"class_list":{"0":"post-197484","1":"product","2":"type-product","3":"status-publish","4":"has-post-thumbnail","6":"product_cat-benzoin","7":"product_cat-dufte-aromaer","8":"product_cat-harpiksagtig-balsamisk","9":"product_cat-resin-og-harpiks-rogelse","10":"product_cat-rogelse-og-rogelsesholdere","11":"pa_collection-bulk-aromatic-resin-da","12":"pa_made-in-indonesien","13":"pa_size-250g-2","15":"first","16":"instock","17":"purchasable","18":"product-type-simple"},"supplier_id":null,"supplier_sku":"AResin-26","barcode":null,"atum_controlled":true,"out_stock_date":null,"out_stock_threshold":null,"inheritable":false,"inbound_stock":null,"stock_on_hold":0,"sold_today":0,"sales_last_days":0,"reserved_stock":null,"customer_returns":null,"warehouse_damage":null,"lost_in_post":null,"other_logs":null,"out_stock_days":0,"lost_sales":0,"has_location":null,"update_date":"2026-05-08T05:02:37","atum_locations":[],"atum_stock_status":"instock","restock_status":false,"low_stock_amount":"","sales_update_date":"2025-10-09T03:23:18","calc_backorders":null,"_links":{"self":[{"href":"https:\/\/aromasentia.com\/da\/wp-json\/wp\/v2\/product\/197484","targetHints":{"allow":["GET"]}}],"collection":[{"href":"https:\/\/aromasentia.com\/da\/wp-json\/wp\/v2\/product"}],"about":[{"href":"https:\/\/aromasentia.com\/da\/wp-json\/wp\/v2\/types\/product"}],"replies":[{"embeddable":true,"href":"https:\/\/aromasentia.com\/da\/wp-json\/wp\/v2\/comments?post=197484"}],"version-history":[{"count":0,"href":"https:\/\/aromasentia.com\/da\/wp-json\/wp\/v2\/product\/197484\/revisions"}],"wp:featuredmedia":[{"embeddable":true,"href":"https:\/\/aromasentia.com\/da\/wp-json\/wp\/v2\/media\/395613"}],"wp:attachment":[{"href":"https:\/\/aromasentia.com\/da\/wp-json\/wp\/v2\/media?parent=197484"}],"wp:term":[{"taxonomy":"product_brand","embeddable":true,"href":"https:\/\/aromasentia.com\/da\/wp-json\/wp\/v2\/product_brand?post=197484"},{"taxonomy":"product_cat","embeddable":true,"href":"https:\/\/aromasentia.com\/da\/wp-json\/wp\/v2\/product_cat?post=197484"},{"taxonomy":"product_tag","embeddable":true,"href":"https:\/\/aromasentia.com\/da\/wp-json\/wp\/v2\/product_tag?post=197484"}],"curies":[{"name":"wp","href":"https:\/\/api.w.org\/{rel}","templated":true}]}}