{"id":197481,"date":"2025-03-23T10:29:29","date_gmt":"2025-03-23T10:29:29","guid":{"rendered":"https:\/\/aromasentia.com\/product\/frankincense-resin-250g\/"},"modified":"2025-06-22T03:03:19","modified_gmt":"2025-06-22T03:03:19","slug":"roegelseharpiks-250g","status":"publish","type":"product","link":"https:\/\/aromasentia.com\/da\/roegelseharpiks-250g\/","title":{"rendered":"R\u00f8gelseharpiks &#8211; 250g"},"content":{"rendered":"<p><strong>Wholesale Frankincense Bulk Resin <\/strong>er naturlig r\u00f8gelse, hovedsageligt fremstillet af <em>Boswellia&nbsp;<\/em>tr\u00e6familien. De er kendetegnet ved en naturlig, let citronagtig, tr\u00e6agtig duft. En s\u00e5ret plante producerer en harpiks, som, n\u00e5r den st\u00f8rkner, danner et stof kaldet olibanum i form af en gulbrun, kornet masse.<\/p>\n<p>Det er blevet brugt i \u00e5rhundreder til religi\u00f8se ceremonier, meditation og helbredelse. Dine kunder kan bogstaveligt talt genskabe gammel aromatisk historie i deres eget hjem.<\/p>\n<p>S\u00e6lges i 250 g-pakker.<\/p>\n<p>Den r\u00f8gfyldte duft, der frembringes ved at br\u00e6nde harpiks p\u00e5 tr\u00e6kulsskiver, er helt unik og utroligt stemningsfuld.&nbsp;<\/p>\n<p><strong><span style=\"color: rgb(184, 49, 47);\">Bring det mystiske Mellem\u00f8sten til din butik i dag.<\/span><\/strong><\/p>\n","protected":false},"excerpt":{"rendered":"<p>Wholesale Frankincense Bulk Resin er naturlig r\u00f8gelse, hovedsageligt fremstillet af Boswellia&nbsp;tr\u00e6familien. De er kendetegnet ved en naturlig, let citronagtig, tr\u00e6agtig duft. En s\u00e5ret plante producerer en harpiks, som, n\u00e5r den st\u00f8rkner, danner et stof kaldet olibanum i form af en gulbrun, kornet masse. Det er blevet brugt i \u00e5rhundreder til religi\u00f8se ceremonier, meditation og helbredelse. [&hellip;]<\/p>\n","protected":false},"featured_media":395586,"comment_status":"closed","ping_status":"open","template":"","meta":{"_angie_page":false},"product_brand":[],"product_cat":[25839,26879,5856,25947,5836],"product_tag":[],"class_list":{"0":"post-197481","1":"product","2":"type-product","3":"status-publish","4":"has-post-thumbnail","6":"product_cat-dufte-aromaer","7":"product_cat-harpiksagtig-balsamisk","8":"product_cat-resin-og-harpiks-rogelse","9":"product_cat-rogelse","10":"product_cat-rogelse-og-rogelsesholdere","11":"pa_collection-bulk-aromatic-resin-da","12":"pa_made-in-sydsudan","13":"pa_size-250g-2","15":"first","16":"instock","17":"purchasable","18":"product-type-simple"},"supplier_id":null,"supplier_sku":"AResin-23","barcode":null,"atum_controlled":true,"out_stock_date":null,"out_stock_threshold":null,"inheritable":false,"inbound_stock":null,"stock_on_hold":0,"sold_today":0,"sales_last_days":0,"reserved_stock":null,"customer_returns":null,"warehouse_damage":null,"lost_in_post":null,"other_logs":null,"out_stock_days":0,"lost_sales":0,"has_location":null,"update_date":"2026-04-27T06:50:22","atum_locations":[],"atum_stock_status":"instock","restock_status":false,"low_stock_amount":"","sales_update_date":"2025-10-09T03:23:17","calc_backorders":null,"_links":{"self":[{"href":"https:\/\/aromasentia.com\/da\/wp-json\/wp\/v2\/product\/197481","targetHints":{"allow":["GET"]}}],"collection":[{"href":"https:\/\/aromasentia.com\/da\/wp-json\/wp\/v2\/product"}],"about":[{"href":"https:\/\/aromasentia.com\/da\/wp-json\/wp\/v2\/types\/product"}],"replies":[{"embeddable":true,"href":"https:\/\/aromasentia.com\/da\/wp-json\/wp\/v2\/comments?post=197481"}],"version-history":[{"count":0,"href":"https:\/\/aromasentia.com\/da\/wp-json\/wp\/v2\/product\/197481\/revisions"}],"wp:featuredmedia":[{"embeddable":true,"href":"https:\/\/aromasentia.com\/da\/wp-json\/wp\/v2\/media\/395586"}],"wp:attachment":[{"href":"https:\/\/aromasentia.com\/da\/wp-json\/wp\/v2\/media?parent=197481"}],"wp:term":[{"taxonomy":"product_brand","embeddable":true,"href":"https:\/\/aromasentia.com\/da\/wp-json\/wp\/v2\/product_brand?post=197481"},{"taxonomy":"product_cat","embeddable":true,"href":"https:\/\/aromasentia.com\/da\/wp-json\/wp\/v2\/product_cat?post=197481"},{"taxonomy":"product_tag","embeddable":true,"href":"https:\/\/aromasentia.com\/da\/wp-json\/wp\/v2\/product_tag?post=197481"}],"curies":[{"name":"wp","href":"https:\/\/api.w.org\/{rel}","templated":true}]}}