{"id":197478,"date":"2025-03-23T10:29:29","date_gmt":"2025-03-23T10:29:29","guid":{"rendered":"https:\/\/aromasentia.com\/product\/pack-of-15-natural-incense-smudge-bricks-and-burner-black-wood\/"},"modified":"2025-06-22T03:03:18","modified_gmt":"2025-06-22T03:03:18","slug":"pakke-med-15-naturlige-roegelse-smudge-bricks-og-braender-sort-trae","status":"publish","type":"product","link":"https:\/\/aromasentia.com\/da\/pakke-med-15-naturlige-roegelse-smudge-bricks-og-braender-sort-trae\/","title":{"rendered":"Pakke med 15 Naturlige R\u00f8gelse Smudge Bricks Og Br\u00e6nder &#8211; Sort Tr\u00e6"},"content":{"rendered":"<p><strong><span style=\"color: rgb(75, 80, 88);\">Tilf\u00f8j et strejf af mystik til din r\u00f8gelsessamling med Black Wood.<\/span><\/strong><span style=\"color: rgb(75, 80, 88);\">&nbsp;Dette s\u00e6t kombinerer dybe, g\u00e5defulde noter og er <strong>lavet af<\/strong> <strong>Agarwood-olie og -pulver<\/strong>. Den medf\u00f8lgende br\u00e6nder forbedrer den sensoriske oplevelse, s\u00e5 dine kunder kan tilf\u00f8re deres rum intriger og tiltr\u00e6kningskraft. Perfekt til energifor\u00f8gelse.<\/span> <\/p>\n<p><span style=\"color: rgb(75, 80, 88);\"><strong>I hver pakke er der 15 klodser med en charmerende terrakottaholder, der ubesv\u00e6ret kombinerer stil med funktionalitet.&nbsp;<\/strong><\/span><\/p>\n<p><span style=\"color: rgb(75, 80, 88);\">Dette er en harmonisk fusion af naturens fineste dufte fremstillet af omhyggeligt fremskaffede materialer. Hver aromatisk l\u00e6kkerbisken i denne serie indfanger essensen af dens oprindelse og leverer en autentisk sensorisk oplevelse som ingen anden.<\/span><\/p>\n","protected":false},"excerpt":{"rendered":"<p>Tilf\u00f8j et strejf af mystik til din r\u00f8gelsessamling med Black Wood.&nbsp;Dette s\u00e6t kombinerer dybe, g\u00e5defulde noter og er lavet af Agarwood-olie og -pulver. Den medf\u00f8lgende br\u00e6nder forbedrer den sensoriske oplevelse, s\u00e5 dine kunder kan tilf\u00f8re deres rum intriger og tiltr\u00e6kningskraft. Perfekt til energifor\u00f8gelse. I hver pakke er der 15 klodser med en charmerende terrakottaholder, der [&hellip;]<\/p>\n","protected":false},"featured_media":395455,"comment_status":"closed","ping_status":"open","template":"","meta":[],"product_brand":[],"product_cat":[5856,5836,25815],"product_tag":[],"class_list":{"0":"post-197478","1":"product","2":"type-product","3":"status-publish","4":"has-post-thumbnail","6":"product_cat-resin-og-harpiks-rogelse","7":"product_cat-rogelse-og-rogelsesholdere","8":"product_cat-smudge-sticks","9":"pa_collection-natural-incense-resin-bricks-set-da","10":"pa_made-in-indien","12":"first","13":"instock","14":"purchasable","15":"product-type-simple"},"supplier_id":null,"supplier_sku":"AISB-07","barcode":null,"atum_controlled":true,"out_stock_date":null,"out_stock_threshold":null,"inheritable":false,"inbound_stock":null,"stock_on_hold":0,"sold_today":0,"sales_last_days":0,"reserved_stock":null,"customer_returns":null,"warehouse_damage":null,"lost_in_post":null,"other_logs":null,"out_stock_days":0,"lost_sales":0,"has_location":null,"update_date":"2026-02-11T08:31:45","atum_locations":[],"atum_stock_status":"instock","restock_status":false,"low_stock_amount":"","sales_update_date":"2025-10-09T03:23:13","calc_backorders":null,"_links":{"self":[{"href":"https:\/\/aromasentia.com\/da\/wp-json\/wp\/v2\/product\/197478","targetHints":{"allow":["GET"]}}],"collection":[{"href":"https:\/\/aromasentia.com\/da\/wp-json\/wp\/v2\/product"}],"about":[{"href":"https:\/\/aromasentia.com\/da\/wp-json\/wp\/v2\/types\/product"}],"replies":[{"embeddable":true,"href":"https:\/\/aromasentia.com\/da\/wp-json\/wp\/v2\/comments?post=197478"}],"version-history":[{"count":0,"href":"https:\/\/aromasentia.com\/da\/wp-json\/wp\/v2\/product\/197478\/revisions"}],"wp:featuredmedia":[{"embeddable":true,"href":"https:\/\/aromasentia.com\/da\/wp-json\/wp\/v2\/media\/395455"}],"wp:attachment":[{"href":"https:\/\/aromasentia.com\/da\/wp-json\/wp\/v2\/media?parent=197478"}],"wp:term":[{"taxonomy":"product_brand","embeddable":true,"href":"https:\/\/aromasentia.com\/da\/wp-json\/wp\/v2\/product_brand?post=197478"},{"taxonomy":"product_cat","embeddable":true,"href":"https:\/\/aromasentia.com\/da\/wp-json\/wp\/v2\/product_cat?post=197478"},{"taxonomy":"product_tag","embeddable":true,"href":"https:\/\/aromasentia.com\/da\/wp-json\/wp\/v2\/product_tag?post=197478"}],"curies":[{"name":"wp","href":"https:\/\/api.w.org\/{rel}","templated":true}]}}