{"id":197475,"date":"2025-03-23T10:29:29","date_gmt":"2025-03-23T10:29:29","guid":{"rendered":"https:\/\/aromasentia.com\/product\/pack-of-15-natural-incense-smudge-bricks-and-burner-amber-wood\/"},"modified":"2025-06-22T03:03:17","modified_gmt":"2025-06-22T03:03:17","slug":"pakke-med-15-naturlige-roegelse-smudge-bricks-og-braender-amber-wood","status":"publish","type":"product","link":"https:\/\/aromasentia.com\/da\/pakke-med-15-naturlige-roegelse-smudge-bricks-og-braender-amber-wood\/","title":{"rendered":"Pakke med 15 Naturlige R\u00f8gelse Smudge Bricks Og Br\u00e6nder &#8211; Amber Wood"},"content":{"rendered":"<p><strong><span style=\"color: rgb(75, 80, 88);\">Udvid dit r\u00f8gelsessortiment med den varme og indbydende aroma af ravtr\u00e6<\/span><\/strong><span style=\"color: rgb(75, 80, 88);\">. Disse klodser er lavet af 100% naturlige ravolier og agartr\u00e6. Den medf\u00f8lgende br\u00e6nder fuldender den sanselige rejse for dine kunder.<\/span> <\/p>\n<p><span style=\"color: rgb(75, 80, 88);\"><strong>I hver pakke er der 15 klodser med en charmerende terrakottaholder, der ubesv\u00e6ret kombinerer stil med funktionalitet.<\/strong><\/span><\/p>\n<p><span style=\"color: rgb(75, 80, 88);\">Dette er en harmonisk fusion af naturens fineste dufte fremstillet af omhyggeligt fremskaffede materialer. Hver aromatisk l\u00e6kkerbisken i denne serie indfanger essensen af dens oprindelse og leverer en autentisk sanseoplevelse som ingen anden.<\/span><\/p>\n","protected":false},"excerpt":{"rendered":"<p>Udvid dit r\u00f8gelsessortiment med den varme og indbydende aroma af ravtr\u00e6. Disse klodser er lavet af 100% naturlige ravolier og agartr\u00e6. Den medf\u00f8lgende br\u00e6nder fuldender den sanselige rejse for dine kunder. I hver pakke er der 15 klodser med en charmerende terrakottaholder, der ubesv\u00e6ret kombinerer stil med funktionalitet. Dette er en harmonisk fusion af naturens [&hellip;]<\/p>\n","protected":false},"featured_media":395356,"comment_status":"closed","ping_status":"open","template":"","meta":[],"product_brand":[],"product_cat":[5856,5836,25815],"product_tag":[],"class_list":{"0":"post-197475","1":"product","2":"type-product","3":"status-publish","4":"has-post-thumbnail","6":"product_cat-resin-og-harpiks-rogelse","7":"product_cat-rogelse-og-rogelsesholdere","8":"product_cat-smudge-sticks","9":"pa_collection-natural-incense-resin-bricks-set-da","10":"pa_made-in-indien","12":"first","13":"instock","14":"purchasable","15":"product-type-simple"},"supplier_id":null,"supplier_sku":"AISB-04","barcode":null,"atum_controlled":true,"out_stock_date":null,"out_stock_threshold":null,"inheritable":false,"inbound_stock":null,"stock_on_hold":0,"sold_today":0,"sales_last_days":0,"reserved_stock":null,"customer_returns":null,"warehouse_damage":null,"lost_in_post":null,"other_logs":null,"out_stock_days":0,"lost_sales":0,"has_location":null,"update_date":"2026-02-10T08:29:06","atum_locations":[],"atum_stock_status":"instock","restock_status":false,"low_stock_amount":"","sales_update_date":"2025-10-09T03:23:12","calc_backorders":null,"_links":{"self":[{"href":"https:\/\/aromasentia.com\/da\/wp-json\/wp\/v2\/product\/197475","targetHints":{"allow":["GET"]}}],"collection":[{"href":"https:\/\/aromasentia.com\/da\/wp-json\/wp\/v2\/product"}],"about":[{"href":"https:\/\/aromasentia.com\/da\/wp-json\/wp\/v2\/types\/product"}],"replies":[{"embeddable":true,"href":"https:\/\/aromasentia.com\/da\/wp-json\/wp\/v2\/comments?post=197475"}],"version-history":[{"count":0,"href":"https:\/\/aromasentia.com\/da\/wp-json\/wp\/v2\/product\/197475\/revisions"}],"wp:featuredmedia":[{"embeddable":true,"href":"https:\/\/aromasentia.com\/da\/wp-json\/wp\/v2\/media\/395356"}],"wp:attachment":[{"href":"https:\/\/aromasentia.com\/da\/wp-json\/wp\/v2\/media?parent=197475"}],"wp:term":[{"taxonomy":"product_brand","embeddable":true,"href":"https:\/\/aromasentia.com\/da\/wp-json\/wp\/v2\/product_brand?post=197475"},{"taxonomy":"product_cat","embeddable":true,"href":"https:\/\/aromasentia.com\/da\/wp-json\/wp\/v2\/product_cat?post=197475"},{"taxonomy":"product_tag","embeddable":true,"href":"https:\/\/aromasentia.com\/da\/wp-json\/wp\/v2\/product_tag?post=197475"}],"curies":[{"name":"wp","href":"https:\/\/api.w.org\/{rel}","templated":true}]}}