{"id":197472,"date":"2025-03-23T10:29:29","date_gmt":"2025-03-23T10:29:29","guid":{"rendered":"https:\/\/aromasentia.com\/product\/pack-of-15-natural-incense-smudge-bricks-and-burner-white-sage\/"},"modified":"2025-06-22T03:03:16","modified_gmt":"2025-06-22T03:03:16","slug":"pakke-med-15-naturlige-roegelse-smudge-bricks-og-braender-hvid-salvie","status":"publish","type":"product","link":"https:\/\/aromasentia.com\/da\/pakke-med-15-naturlige-roegelse-smudge-bricks-og-braender-hvid-salvie\/","title":{"rendered":"Pakke med 15 Naturlige R\u00f8gelse Smudge Bricks Og Br\u00e6nder &#8211; Hvid Salvie"},"content":{"rendered":"<p><span style=\"color: rgb(75, 80, 88);\"><strong>Naturlige r\u00f8gelsesklodser<\/strong> med den aromatiske essens af <strong>californiske hvide salvieblade<\/strong>. <strong>Dette s\u00e6t, komplet med en br\u00e6nder, <\/strong>tilbyder en unik udtv\u00e6ringsoplevelse, der er perfekt til at rense og rense rum og fjerne negativ energi.<\/span><\/p>\n<p><span style=\"color: rgb(75, 80, 88);\"><strong>I hver pakke er der 15 klodser med en charmerende terrakottaholder, der ubesv\u00e6ret kombinerer stil med funktionalitet.<\/strong><\/span><\/p>\n<p><span style=\"color: rgb(75, 80, 88);\">Dette er en harmonisk fusion af naturens fineste dufte fremstillet af omhyggeligt fremskaffede materialer. Hver aromatisk l\u00e6kkerbisken i denne serie indfanger essensen af dens oprindelse og leverer en autentisk sanseoplevelse som ingen anden.<\/span><\/p>\n","protected":false},"excerpt":{"rendered":"<p>Naturlige r\u00f8gelsesklodser med den aromatiske essens af californiske hvide salvieblade. Dette s\u00e6t, komplet med en br\u00e6nder, tilbyder en unik udtv\u00e6ringsoplevelse, der er perfekt til at rense og rense rum og fjerne negativ energi. I hver pakke er der 15 klodser med en charmerende terrakottaholder, der ubesv\u00e6ret kombinerer stil med funktionalitet. Dette er en harmonisk fusion [&hellip;]<\/p>\n","protected":false},"featured_media":395257,"comment_status":"closed","ping_status":"open","template":"","meta":{"_angie_page":false},"product_brand":[],"product_cat":[25839,26461,5856,5836,25815,26858],"product_tag":[],"class_list":{"0":"post-197472","1":"product","2":"type-product","3":"status-publish","4":"has-post-thumbnail","6":"product_cat-dufte-aromaer","7":"product_cat-hvid-salvie","8":"product_cat-resin-og-harpiks-rogelse","9":"product_cat-rogelse-og-rogelsesholdere","10":"product_cat-smudge-sticks","11":"product_cat-urte-aromatisk","12":"pa_collection-natural-incense-resin-bricks-set-da","13":"pa_made-in-indien","15":"first","16":"instock","17":"purchasable","18":"product-type-simple"},"supplier_id":null,"supplier_sku":"AISB-01","barcode":null,"atum_controlled":true,"out_stock_date":null,"out_stock_threshold":null,"inheritable":false,"inbound_stock":null,"stock_on_hold":0,"sold_today":0,"sales_last_days":0,"reserved_stock":null,"customer_returns":null,"warehouse_damage":null,"lost_in_post":null,"other_logs":null,"out_stock_days":0,"lost_sales":0,"has_location":null,"update_date":"2026-04-27T06:50:01","atum_locations":[],"atum_stock_status":"instock","restock_status":false,"low_stock_amount":"","sales_update_date":"2025-10-09T03:22:58","calc_backorders":null,"_links":{"self":[{"href":"https:\/\/aromasentia.com\/da\/wp-json\/wp\/v2\/product\/197472","targetHints":{"allow":["GET"]}}],"collection":[{"href":"https:\/\/aromasentia.com\/da\/wp-json\/wp\/v2\/product"}],"about":[{"href":"https:\/\/aromasentia.com\/da\/wp-json\/wp\/v2\/types\/product"}],"replies":[{"embeddable":true,"href":"https:\/\/aromasentia.com\/da\/wp-json\/wp\/v2\/comments?post=197472"}],"version-history":[{"count":0,"href":"https:\/\/aromasentia.com\/da\/wp-json\/wp\/v2\/product\/197472\/revisions"}],"wp:featuredmedia":[{"embeddable":true,"href":"https:\/\/aromasentia.com\/da\/wp-json\/wp\/v2\/media\/395257"}],"wp:attachment":[{"href":"https:\/\/aromasentia.com\/da\/wp-json\/wp\/v2\/media?parent=197472"}],"wp:term":[{"taxonomy":"product_brand","embeddable":true,"href":"https:\/\/aromasentia.com\/da\/wp-json\/wp\/v2\/product_brand?post=197472"},{"taxonomy":"product_cat","embeddable":true,"href":"https:\/\/aromasentia.com\/da\/wp-json\/wp\/v2\/product_cat?post=197472"},{"taxonomy":"product_tag","embeddable":true,"href":"https:\/\/aromasentia.com\/da\/wp-json\/wp\/v2\/product_tag?post=197472"}],"curies":[{"name":"wp","href":"https:\/\/api.w.org\/{rel}","templated":true}]}}