{"id":197470,"date":"2025-03-23T10:29:29","date_gmt":"2025-03-23T10:29:29","guid":{"rendered":"https:\/\/aromasentia.com\/product\/masala-backflow-incense-pack-of-10-oudh\/"},"modified":"2025-06-22T03:03:15","modified_gmt":"2025-06-22T03:03:15","slug":"masala-backflow-roegelse-pakke-med-10-oudh","status":"publish","type":"product","link":"https:\/\/aromasentia.com\/da\/masala-backflow-roegelse-pakke-med-10-oudh\/","title":{"rendered":"Masala Backflow R\u00f8gelse Pakke med 10 &#8211; Oudh"},"content":{"rendered":"<p><span style=\"color: rgb(75, 80, 88);\">G\u00f8r dig klar til at krydre din r\u00f8gelsessamling med helt nye <strong>Masala Backflow R\u00f8gelseskegler fra Aromatika!<\/strong><\/span><\/p>\n<p><span style=\"color: rgb(75, 80, 88);\">Indeni hver pakke har du<strong>&nbsp;10 Backflow &nbsp;formet som en sekskant, &nbsp;R\u00f8gelseskegler.<\/strong><\/span><\/p>\n<p><strong><span style=\"color: rgb(75, 80, 88);\">Fork\u00e6l dig selv med den dybe og rige aroma af Oudh, en duft kendt for sine luksuri\u00f8se og eksotiske kvaliteter.<\/span><\/strong><\/p>\n<p><span style=\"color: rgb(75, 80, 88);\">Oudh r\u00f8gelse skaber en atmosf\u00e6re af overd\u00e5dighed og mystik, hvilket g\u00f8r den perfekt til s\u00e6rlige lejligheder, eller n\u00e5r du \u00f8nsker et strejf af ekstravagance. Dens f\u00e6ngslende duft er en harmonisk blanding af tr\u00e6 og moskus med en dragende, langvarig aroma.<\/span><\/p>\n","protected":false},"excerpt":{"rendered":"<p>G\u00f8r dig klar til at krydre din r\u00f8gelsessamling med helt nye Masala Backflow R\u00f8gelseskegler fra Aromatika! Indeni hver pakke har du&nbsp;10 Backflow &nbsp;formet som en sekskant, &nbsp;R\u00f8gelseskegler. Fork\u00e6l dig selv med den dybe og rige aroma af Oudh, en duft kendt for sine luksuri\u00f8se og eksotiske kvaliteter. Oudh r\u00f8gelse skaber en atmosf\u00e6re af overd\u00e5dighed og [&hellip;]<\/p>\n","protected":false},"featured_media":395223,"comment_status":"closed","ping_status":"open","template":"","meta":{"_angie_page":false},"product_brand":[27100],"product_cat":[5836,5872],"product_tag":[],"class_list":{"0":"post-197470","1":"product","2":"type-product","3":"status-publish","4":"has-post-thumbnail","6":"product_brand-aromatika","7":"product_cat-rogelse-og-rogelsesholdere","8":"product_cat-rogelseskegler","9":"pa_collection-masala-backflow-incense-pack-of-10-da","10":"pa_made-in-indien","12":"first","13":"instock","14":"purchasable","15":"product-type-simple"},"supplier_id":null,"supplier_sku":"ABFi-11","barcode":null,"atum_controlled":true,"out_stock_date":null,"out_stock_threshold":null,"inheritable":false,"inbound_stock":null,"stock_on_hold":0,"sold_today":0,"sales_last_days":0,"reserved_stock":null,"customer_returns":null,"warehouse_damage":null,"lost_in_post":null,"other_logs":null,"out_stock_days":0,"lost_sales":0,"has_location":null,"update_date":"2026-05-08T05:02:33","atum_locations":[],"atum_stock_status":"instock","restock_status":false,"low_stock_amount":"","sales_update_date":"2025-10-09T03:22:21","calc_backorders":null,"_links":{"self":[{"href":"https:\/\/aromasentia.com\/da\/wp-json\/wp\/v2\/product\/197470","targetHints":{"allow":["GET"]}}],"collection":[{"href":"https:\/\/aromasentia.com\/da\/wp-json\/wp\/v2\/product"}],"about":[{"href":"https:\/\/aromasentia.com\/da\/wp-json\/wp\/v2\/types\/product"}],"replies":[{"embeddable":true,"href":"https:\/\/aromasentia.com\/da\/wp-json\/wp\/v2\/comments?post=197470"}],"version-history":[{"count":0,"href":"https:\/\/aromasentia.com\/da\/wp-json\/wp\/v2\/product\/197470\/revisions"}],"wp:featuredmedia":[{"embeddable":true,"href":"https:\/\/aromasentia.com\/da\/wp-json\/wp\/v2\/media\/395223"}],"wp:attachment":[{"href":"https:\/\/aromasentia.com\/da\/wp-json\/wp\/v2\/media?parent=197470"}],"wp:term":[{"taxonomy":"product_brand","embeddable":true,"href":"https:\/\/aromasentia.com\/da\/wp-json\/wp\/v2\/product_brand?post=197470"},{"taxonomy":"product_cat","embeddable":true,"href":"https:\/\/aromasentia.com\/da\/wp-json\/wp\/v2\/product_cat?post=197470"},{"taxonomy":"product_tag","embeddable":true,"href":"https:\/\/aromasentia.com\/da\/wp-json\/wp\/v2\/product_tag?post=197470"}],"curies":[{"name":"wp","href":"https:\/\/api.w.org\/{rel}","templated":true}]}}