{"id":197469,"date":"2025-03-23T10:29:29","date_gmt":"2025-03-23T10:29:29","guid":{"rendered":"https:\/\/aromasentia.com\/product\/masala-backflow-incense-pack-of-10-rain-forest\/"},"modified":"2025-06-22T03:03:15","modified_gmt":"2025-06-22T03:03:15","slug":"masala-backflow-roegelse-pakke-med-10-regnskov","status":"publish","type":"product","link":"https:\/\/aromasentia.com\/da\/masala-backflow-roegelse-pakke-med-10-regnskov\/","title":{"rendered":"Masala Backflow R\u00f8gelse Pakke med 10 &#8211; Regnskov"},"content":{"rendered":"<p><span style=\"color: rgb(75, 80, 88);\">G\u00f8r dig klar til at krydre din r\u00f8gelsessamling med helt nye <strong>Masala Backflow r\u00f8gelseskegler fra Aromatika!<\/strong><\/span><\/p>\n<p><span style=\"color: rgb(75, 80, 88);\">Indeni hver pakke har du<strong>&nbsp;10 Backflow r\u00f8gelseskegler formet som en sekskant.<\/strong><\/span><\/p>\n<p><strong><span style=\"color: rgb(75, 80, 88);\">Fordyb dig i regnskovens frodige og livlige duft.<\/span><\/strong><\/p>\n<p><span style=\"color: rgb(75, 80, 88);\">Denne duft bringer naturens sk\u00f8nhed ind i dit rum og fylder det med en f\u00f8lelse af naturlig overflod. Rain Forest-r\u00f8gelse er perfekt til at skabe en forfriskende og forfriskende atmosf\u00e6re, som et frisk pust i hjertet af en levende skov.<\/p>\n","protected":false},"excerpt":{"rendered":"<p>G\u00f8r dig klar til at krydre din r\u00f8gelsessamling med helt nye Masala Backflow r\u00f8gelseskegler fra Aromatika! Indeni hver pakke har du&nbsp;10 Backflow r\u00f8gelseskegler formet som en sekskant. Fordyb dig i regnskovens frodige og livlige duft. Denne duft bringer naturens sk\u00f8nhed ind i dit rum og fylder det med en f\u00f8lelse af naturlig overflod. Rain Forest-r\u00f8gelse [&hellip;]<\/p>\n","protected":false},"featured_media":395206,"comment_status":"closed","ping_status":"open","template":"","meta":{"_angie_page":false},"product_brand":[27100],"product_cat":[5836,5872],"product_tag":[],"class_list":{"0":"post-197469","1":"product","2":"type-product","3":"status-publish","4":"has-post-thumbnail","6":"product_brand-aromatika","7":"product_cat-rogelse-og-rogelsesholdere","8":"product_cat-rogelseskegler","9":"pa_collection-masala-backflow-incense-pack-of-10-da","10":"pa_made-in-indien","12":"first","13":"instock","14":"purchasable","15":"product-type-simple"},"supplier_id":null,"supplier_sku":"ABFi-10","barcode":null,"atum_controlled":true,"out_stock_date":null,"out_stock_threshold":null,"inheritable":false,"inbound_stock":null,"stock_on_hold":0,"sold_today":0,"sales_last_days":0,"reserved_stock":null,"customer_returns":null,"warehouse_damage":null,"lost_in_post":null,"other_logs":null,"out_stock_days":0,"lost_sales":0,"has_location":null,"update_date":"2026-04-27T06:48:53","atum_locations":[],"atum_stock_status":"instock","restock_status":false,"low_stock_amount":"","sales_update_date":"2025-10-09T03:22:21","calc_backorders":null,"_links":{"self":[{"href":"https:\/\/aromasentia.com\/da\/wp-json\/wp\/v2\/product\/197469","targetHints":{"allow":["GET"]}}],"collection":[{"href":"https:\/\/aromasentia.com\/da\/wp-json\/wp\/v2\/product"}],"about":[{"href":"https:\/\/aromasentia.com\/da\/wp-json\/wp\/v2\/types\/product"}],"replies":[{"embeddable":true,"href":"https:\/\/aromasentia.com\/da\/wp-json\/wp\/v2\/comments?post=197469"}],"version-history":[{"count":0,"href":"https:\/\/aromasentia.com\/da\/wp-json\/wp\/v2\/product\/197469\/revisions"}],"wp:featuredmedia":[{"embeddable":true,"href":"https:\/\/aromasentia.com\/da\/wp-json\/wp\/v2\/media\/395206"}],"wp:attachment":[{"href":"https:\/\/aromasentia.com\/da\/wp-json\/wp\/v2\/media?parent=197469"}],"wp:term":[{"taxonomy":"product_brand","embeddable":true,"href":"https:\/\/aromasentia.com\/da\/wp-json\/wp\/v2\/product_brand?post=197469"},{"taxonomy":"product_cat","embeddable":true,"href":"https:\/\/aromasentia.com\/da\/wp-json\/wp\/v2\/product_cat?post=197469"},{"taxonomy":"product_tag","embeddable":true,"href":"https:\/\/aromasentia.com\/da\/wp-json\/wp\/v2\/product_tag?post=197469"}],"curies":[{"name":"wp","href":"https:\/\/api.w.org\/{rel}","templated":true}]}}