{"id":197468,"date":"2025-03-23T10:29:29","date_gmt":"2025-03-23T10:29:29","guid":{"rendered":"https:\/\/aromasentia.com\/product\/masala-backflow-incense-pack-of-10-everest\/"},"modified":"2025-06-22T03:03:14","modified_gmt":"2025-06-22T03:03:14","slug":"masala-backflow-roegelse-pakke-med-10-everest","status":"publish","type":"product","link":"https:\/\/aromasentia.com\/da\/masala-backflow-roegelse-pakke-med-10-everest\/","title":{"rendered":"Masala Backflow R\u00f8gelse Pakke med 10 &#8211; Everest"},"content":{"rendered":"<p><span style=\"color: rgb(75, 80, 88);\">G\u00f8r dig klar til at krydre din r\u00f8gelsessamling med helt nye <strong>Masala Backflow R\u00f8gelseskegler fra Aromatika!<\/strong><\/span><\/p>\n<p><span style=\"color: rgb(75, 80, 88);\">Indeni hver pakke har du<strong>&nbsp;10 Backflow &nbsp;formet som en sekskant, &nbsp;R\u00f8gelseskegler.<\/strong><\/span><\/p>\n<p><strong><span style=\"color: rgb(75, 80, 88);\">Oplev den forfriskende essens af Everest, hvor luften er frisk og frisk.<\/span><\/strong><\/p>\n<p><span style=\"color: rgb(75, 80, 88);\">Everest-r\u00f8gelsen tilbyder en frisk, k\u00f8lig bjergluftlignende duft, der v\u00e6kker dine sanser og inspirerer til en f\u00f8lelse af eventyr. Uanset om du \u00f8nsker at give dit arbejdsomr\u00e5de mere energi eller tilf\u00f8je et strejf af naturen til dine omgivelser, er Everest et glimrende valg.<\/span><\/p>\n","protected":false},"excerpt":{"rendered":"<p>G\u00f8r dig klar til at krydre din r\u00f8gelsessamling med helt nye Masala Backflow R\u00f8gelseskegler fra Aromatika! Indeni hver pakke har du&nbsp;10 Backflow &nbsp;formet som en sekskant, &nbsp;R\u00f8gelseskegler. Oplev den forfriskende essens af Everest, hvor luften er frisk og frisk. Everest-r\u00f8gelsen tilbyder en frisk, k\u00f8lig bjergluftlignende duft, der v\u00e6kker dine sanser og inspirerer til en f\u00f8lelse [&hellip;]<\/p>\n","protected":false},"featured_media":395189,"comment_status":"closed","ping_status":"open","template":"","meta":{"_angie_page":false},"product_brand":[27100],"product_cat":[5836,5872],"product_tag":[],"class_list":{"0":"post-197468","1":"product","2":"type-product","3":"status-publish","4":"has-post-thumbnail","6":"product_brand-aromatika","7":"product_cat-rogelse-og-rogelsesholdere","8":"product_cat-rogelseskegler","9":"pa_collection-masala-backflow-incense-pack-of-10-da","10":"pa_made-in-indien","12":"first","13":"instock","14":"purchasable","15":"product-type-simple"},"supplier_id":null,"supplier_sku":"ABFi-09","barcode":null,"atum_controlled":true,"out_stock_date":null,"out_stock_threshold":null,"inheritable":false,"inbound_stock":null,"stock_on_hold":0,"sold_today":0,"sales_last_days":0,"reserved_stock":null,"customer_returns":null,"warehouse_damage":null,"lost_in_post":null,"other_logs":null,"out_stock_days":0,"lost_sales":0,"has_location":null,"update_date":"2026-04-27T06:48:53","atum_locations":[],"atum_stock_status":"instock","restock_status":false,"low_stock_amount":"","sales_update_date":"2025-10-09T03:22:21","calc_backorders":null,"_links":{"self":[{"href":"https:\/\/aromasentia.com\/da\/wp-json\/wp\/v2\/product\/197468","targetHints":{"allow":["GET"]}}],"collection":[{"href":"https:\/\/aromasentia.com\/da\/wp-json\/wp\/v2\/product"}],"about":[{"href":"https:\/\/aromasentia.com\/da\/wp-json\/wp\/v2\/types\/product"}],"replies":[{"embeddable":true,"href":"https:\/\/aromasentia.com\/da\/wp-json\/wp\/v2\/comments?post=197468"}],"version-history":[{"count":0,"href":"https:\/\/aromasentia.com\/da\/wp-json\/wp\/v2\/product\/197468\/revisions"}],"wp:featuredmedia":[{"embeddable":true,"href":"https:\/\/aromasentia.com\/da\/wp-json\/wp\/v2\/media\/395189"}],"wp:attachment":[{"href":"https:\/\/aromasentia.com\/da\/wp-json\/wp\/v2\/media?parent=197468"}],"wp:term":[{"taxonomy":"product_brand","embeddable":true,"href":"https:\/\/aromasentia.com\/da\/wp-json\/wp\/v2\/product_brand?post=197468"},{"taxonomy":"product_cat","embeddable":true,"href":"https:\/\/aromasentia.com\/da\/wp-json\/wp\/v2\/product_cat?post=197468"},{"taxonomy":"product_tag","embeddable":true,"href":"https:\/\/aromasentia.com\/da\/wp-json\/wp\/v2\/product_tag?post=197468"}],"curies":[{"name":"wp","href":"https:\/\/api.w.org\/{rel}","templated":true}]}}