{"id":197464,"date":"2025-03-23T10:29:29","date_gmt":"2025-03-23T10:29:29","guid":{"rendered":"https:\/\/aromasentia.com\/product\/masala-backflow-incense-pack-of-10-lavender\/"},"modified":"2025-06-22T03:03:13","modified_gmt":"2025-06-22T03:03:13","slug":"masala-backflow-roegelse-pakke-med-10-lavendel","status":"publish","type":"product","link":"https:\/\/aromasentia.com\/da\/masala-backflow-roegelse-pakke-med-10-lavendel\/","title":{"rendered":"Masala Backflow R\u00f8gelse Pakke med 10 &#8211; Lavendel"},"content":{"rendered":"<p><span style=\"color: rgb(75, 80, 88);\">G\u00f8r dig klar til at pifte din r\u00f8gelsessamling op med helt nye <strong>Masala Backflow R\u00f8gelseskegler fra Aromatika!<\/strong><\/span><\/p>\n<p><span style=\"color: rgb(75, 80, 88);\">Indeni hver pakke har du<strong>&nbsp;10 Backflow &nbsp;formet som en sekskant, &nbsp;R\u00f8gelseskegler.<\/strong><\/span><\/p>\n<p><span style=\"color: rgb(75, 80, 88);\"><strong>Slap af og stress af med den tidl\u00f8se og beroligende aroma af lavendel.<\/strong><\/span><\/p>\n<p><span style=\"color: rgb(75, 80, 88);\">Lavendel r\u00f8gelse er kendt for sine beroligende og afslappende egenskaber. Dens blomsteragtige og urteagtige duft skaber en rolig atmosf\u00e6re, der er perfekt til at slappe af, meditere eller blot finde et \u00f8jeblik med ro i dagen.<\/span><\/p>\n","protected":false},"excerpt":{"rendered":"<p>G\u00f8r dig klar til at pifte din r\u00f8gelsessamling op med helt nye Masala Backflow R\u00f8gelseskegler fra Aromatika! Indeni hver pakke har du&nbsp;10 Backflow &nbsp;formet som en sekskant, &nbsp;R\u00f8gelseskegler. Slap af og stress af med den tidl\u00f8se og beroligende aroma af lavendel. Lavendel r\u00f8gelse er kendt for sine beroligende og afslappende egenskaber. Dens blomsteragtige og urteagtige [&hellip;]<\/p>\n","protected":false},"featured_media":395121,"comment_status":"closed","ping_status":"open","template":"","meta":[],"product_brand":[27100],"product_cat":[26830,25839,25957,5836,5872],"product_tag":[],"class_list":{"0":"post-197464","1":"product","2":"type-product","3":"status-publish","4":"has-post-thumbnail","6":"product_brand-aromatika","7":"product_cat-blomster","8":"product_cat-dufte-aromaer","9":"product_cat-lavendel","10":"product_cat-rogelse-og-rogelsesholdere","11":"product_cat-rogelseskegler","12":"pa_collection-masala-backflow-incense-pack-of-10-da","13":"pa_made-in-indien","15":"first","16":"instock","17":"purchasable","18":"product-type-simple"},"supplier_id":null,"supplier_sku":"ABFi-05","barcode":null,"atum_controlled":true,"out_stock_date":null,"out_stock_threshold":null,"inheritable":false,"inbound_stock":null,"stock_on_hold":0,"sold_today":0,"sales_last_days":0,"reserved_stock":null,"customer_returns":null,"warehouse_damage":null,"lost_in_post":null,"other_logs":null,"out_stock_days":0,"lost_sales":0,"has_location":null,"update_date":"2026-02-10T15:21:57","atum_locations":[],"atum_stock_status":"instock","restock_status":false,"low_stock_amount":"","sales_update_date":"2025-10-09T03:22:21","calc_backorders":null,"_links":{"self":[{"href":"https:\/\/aromasentia.com\/da\/wp-json\/wp\/v2\/product\/197464","targetHints":{"allow":["GET"]}}],"collection":[{"href":"https:\/\/aromasentia.com\/da\/wp-json\/wp\/v2\/product"}],"about":[{"href":"https:\/\/aromasentia.com\/da\/wp-json\/wp\/v2\/types\/product"}],"replies":[{"embeddable":true,"href":"https:\/\/aromasentia.com\/da\/wp-json\/wp\/v2\/comments?post=197464"}],"version-history":[{"count":0,"href":"https:\/\/aromasentia.com\/da\/wp-json\/wp\/v2\/product\/197464\/revisions"}],"wp:featuredmedia":[{"embeddable":true,"href":"https:\/\/aromasentia.com\/da\/wp-json\/wp\/v2\/media\/395121"}],"wp:attachment":[{"href":"https:\/\/aromasentia.com\/da\/wp-json\/wp\/v2\/media?parent=197464"}],"wp:term":[{"taxonomy":"product_brand","embeddable":true,"href":"https:\/\/aromasentia.com\/da\/wp-json\/wp\/v2\/product_brand?post=197464"},{"taxonomy":"product_cat","embeddable":true,"href":"https:\/\/aromasentia.com\/da\/wp-json\/wp\/v2\/product_cat?post=197464"},{"taxonomy":"product_tag","embeddable":true,"href":"https:\/\/aromasentia.com\/da\/wp-json\/wp\/v2\/product_tag?post=197464"}],"curies":[{"name":"wp","href":"https:\/\/api.w.org\/{rel}","templated":true}]}}