{"id":197463,"date":"2025-03-23T10:29:29","date_gmt":"2025-03-23T10:29:29","guid":{"rendered":"https:\/\/aromasentia.com\/product\/masala-backflow-incense-pack-of-10-aloe-vera\/"},"modified":"2025-06-22T03:03:12","modified_gmt":"2025-06-22T03:03:12","slug":"masala-backflow-roegelse-pakke-med-10-aloe-vera","status":"publish","type":"product","link":"https:\/\/aromasentia.com\/da\/masala-backflow-roegelse-pakke-med-10-aloe-vera\/","title":{"rendered":"Masala Backflow R\u00f8gelse Pakke med 10 &#8211; Aloe Vera"},"content":{"rendered":"<p><span style=\"color: rgb(75, 80, 88);\">G\u00f8r dig klar til at pifte din r\u00f8gelsessamling op med helt nye <strong>Masala Backflow r\u00f8gelseskegler fra Aromatika!<\/strong><\/span><\/p>\n<p><span style=\"color: rgb(75, 80, 88);\">Indeni hver pakke har du<strong>&nbsp;10 Backflow r\u00f8gelseskegler formet som en sekskant.<\/strong><\/span><\/p>\n<p><strong><span style=\"color: rgb(75, 80, 88);\">Bring den beroligende essens af Aloe Vera ind i dine omgivelser.<\/span><\/strong><\/p>\n<p><span style=\"color: rgb(75, 80, 88);\">Aloe Vera r\u00f8gelse tilbyder en frisk og urteagtig duft, der handler om foryngelse. Denne duft kan skabe en f\u00f8lelse af fornyelse og revitalisering, hvilket g\u00f8r den ideel til at forbedre en rolig og beroligende atmosf\u00e6re. Lys den op for at lette stress og fremme en f\u00f8lelse af velv\u00e6re.<\/p>\n","protected":false},"excerpt":{"rendered":"<p>G\u00f8r dig klar til at pifte din r\u00f8gelsessamling op med helt nye Masala Backflow r\u00f8gelseskegler fra Aromatika! Indeni hver pakke har du&nbsp;10 Backflow r\u00f8gelseskegler formet som en sekskant. Bring den beroligende essens af Aloe Vera ind i dine omgivelser. Aloe Vera r\u00f8gelse tilbyder en frisk og urteagtig duft, der handler om foryngelse. Denne duft kan [&hellip;]<\/p>\n","protected":false},"featured_media":395104,"comment_status":"closed","ping_status":"open","template":"","meta":[],"product_brand":[27100],"product_cat":[26575,25839,26837,5836,5872],"product_tag":[],"class_list":{"0":"post-197463","1":"product","2":"type-product","3":"status-publish","4":"has-post-thumbnail","6":"product_brand-aromatika","7":"product_cat-aloe-vera","8":"product_cat-dufte-aromaer","9":"product_cat-frisk-ren","10":"product_cat-rogelse-og-rogelsesholdere","11":"product_cat-rogelseskegler","12":"pa_collection-masala-backflow-incense-pack-of-10-da","13":"pa_made-in-indien","15":"first","16":"instock","17":"purchasable","18":"product-type-simple"},"supplier_id":null,"supplier_sku":"ABFi-04","barcode":null,"atum_controlled":true,"out_stock_date":null,"out_stock_threshold":null,"inheritable":false,"inbound_stock":null,"stock_on_hold":0,"sold_today":0,"sales_last_days":0,"reserved_stock":null,"customer_returns":null,"warehouse_damage":null,"lost_in_post":null,"other_logs":null,"out_stock_days":0,"lost_sales":0,"has_location":null,"update_date":"2026-02-10T15:23:20","atum_locations":[],"atum_stock_status":"instock","restock_status":false,"low_stock_amount":"","sales_update_date":"2025-10-09T03:22:21","calc_backorders":null,"_links":{"self":[{"href":"https:\/\/aromasentia.com\/da\/wp-json\/wp\/v2\/product\/197463","targetHints":{"allow":["GET"]}}],"collection":[{"href":"https:\/\/aromasentia.com\/da\/wp-json\/wp\/v2\/product"}],"about":[{"href":"https:\/\/aromasentia.com\/da\/wp-json\/wp\/v2\/types\/product"}],"replies":[{"embeddable":true,"href":"https:\/\/aromasentia.com\/da\/wp-json\/wp\/v2\/comments?post=197463"}],"version-history":[{"count":0,"href":"https:\/\/aromasentia.com\/da\/wp-json\/wp\/v2\/product\/197463\/revisions"}],"wp:featuredmedia":[{"embeddable":true,"href":"https:\/\/aromasentia.com\/da\/wp-json\/wp\/v2\/media\/395104"}],"wp:attachment":[{"href":"https:\/\/aromasentia.com\/da\/wp-json\/wp\/v2\/media?parent=197463"}],"wp:term":[{"taxonomy":"product_brand","embeddable":true,"href":"https:\/\/aromasentia.com\/da\/wp-json\/wp\/v2\/product_brand?post=197463"},{"taxonomy":"product_cat","embeddable":true,"href":"https:\/\/aromasentia.com\/da\/wp-json\/wp\/v2\/product_cat?post=197463"},{"taxonomy":"product_tag","embeddable":true,"href":"https:\/\/aromasentia.com\/da\/wp-json\/wp\/v2\/product_tag?post=197463"}],"curies":[{"name":"wp","href":"https:\/\/api.w.org\/{rel}","templated":true}]}}